{"id":171,"date":"2014-10-24T11:30:58","date_gmt":"2014-10-24T11:30:58","guid":{"rendered":"https:\/\/demo.proteusthemes.com\/buildpress\/?page_id=171"},"modified":"2020-01-26T21:08:35","modified_gmt":"2020-01-26T20:08:35","slug":"about-us","status":"publish","type":"page","link":"https:\/\/gft.eu\/de\/gft-stellt-sich-vor\/","title":{"rendered":"GFT stellt sich vor \u2026"},"content":{"rendered":"<div id=\"pl-171\"  class=\"panel-layout\" ><div id=\"pg-171-0\"  class=\"panel-grid panel-no-style\" ><div id=\"pgc-171-0-0\"  class=\"panel-grid-cell\" ><div id=\"panel-171-0-0-0\" class=\"so-panel widget widget_black-studio-tinymce widget_black_studio_tinymce panel-first-child panel-last-child\" data-index=\"0\" ><div class=\"textwidget\"><h3>Lieber Interessent,<\/h3>\n<p>wir&nbsp;freuen uns&nbsp;\u00fcber Ihr Interesse an unseren Produkten. GFT Anlagen f\u00fcr&nbsp;professionelles Feuerl\u00f6schtraining zeichnen sich durch ein hohes Ma\u00df an Robustheit, Zuverl\u00e4ssigkeit, Langlebigkeit, Realit\u00e4tsn\u00e4he und einfacher Bedienbarkeit aus.&nbsp;<\/p>\n<p>2020 ist das Jahr des&nbsp;15-j\u00e4hrigen Bestehens von GFT. Es war eine ereignisreiche Zeit. Wir haben Einiges an Neu-Entwicklungen realisieren k\u00f6nnen. GFT ist mittler\u00adweile ein international etablierter Name, wenn es um den Bau von Brand\u00fcbungsanlagen und Feuerl\u00f6schtrainern geht.&nbsp;<\/p>\n<p>Lassen Sie sich beim Bl\u00e4ttern durch unsere Homepage&nbsp;\u00fcberraschen und inspirieren. Und bitte scheuen Sie sich nicht, direkten Kontakt mit uns aufzunehmen. Sie werden unser Team als hochmotiviert, ideenreich und flexibel kennenlernen. Ich freue mich auf Sie.&nbsp;<\/p>\n<p><strong>Ihr Robert Zoledziowski<br \/>\n<\/strong>(Chief Technology Officer)&nbsp;<\/p>\n<h3>\n<\/div><\/div><\/div><div id=\"pgc-171-0-1\"  class=\"panel-grid-cell\" ><div id=\"panel-171-0-1-0\" class=\"so-panel widget widget_black-studio-tinymce widget_black_studio_tinymce panel-first-child panel-last-child\" data-index=\"1\" ><div class=\"textwidget\"><p><a href=\"https:\/\/gft.eu\/wp-content\/uploads\/2014\/10\/FlashOver-gezoomt-image55_pimp.jpg\"><img loading=\"lazy\" decoding=\"async\" class=\"alignnone wp-image-2373 size-full\" src=\"https:\/\/gft.eu\/wp-content\/uploads\/2014\/10\/FlashOver-gezoomt-image55_pimp.jpg\" alt=\"FlashOver-gezoomt-image55_pimp\" width=\"1020\" height=\"572\" srcset=\"https:\/\/gft.eu\/wp-content\/uploads\/2014\/10\/FlashOver-gezoomt-image55_pimp.jpg 1020w, https:\/\/gft.eu\/wp-content\/uploads\/2014\/10\/FlashOver-gezoomt-image55_pimp-300x168.jpg 300w, https:\/\/gft.eu\/wp-content\/uploads\/2014\/10\/FlashOver-gezoomt-image55_pimp-555x311.jpg 555w\" sizes=\"(max-width: 1020px) 100vw, 1020px\" \/><\/a><\/p>\n<\/div><\/div><\/div><\/div><\/div>","protected":false},"excerpt":{"rendered":"<p>Lieber Interessent, wir&nbsp;freuen uns&nbsp;\u00fcber Ihr Interesse an unseren Produkten. GFT Anlagen f\u00fcr&nbsp;professionelles Feuerl\u00f6schtraining zeichnen sich durch ein hohes Ma\u00df an Robustheit, Zuverl\u00e4ssigkeit, Langlebigkeit, Realit\u00e4tsn\u00e4he und einfacher Bedienbarkeit aus.&nbsp; 2020 ist das Jahr des&nbsp;15-j\u00e4hrigen Bestehens von GFT. Es war eine ereignisreiche Zeit. Wir haben Einiges an Neu-Entwicklungen realisieren k\u00f6nnen. GFT ist mittler\u00adweile ein international etablierter Name, &hellip;<\/p>\n","protected":false},"author":1,"featured_media":0,"parent":0,"menu_order":0,"comment_status":"closed","ping_status":"closed","template":"","meta":{"ngg_post_thumbnail":0,"footnotes":""},"_links":{"self":[{"href":"https:\/\/gft.eu\/de\/wp-json\/wp\/v2\/pages\/171"}],"collection":[{"href":"https:\/\/gft.eu\/de\/wp-json\/wp\/v2\/pages"}],"about":[{"href":"https:\/\/gft.eu\/de\/wp-json\/wp\/v2\/types\/page"}],"author":[{"embeddable":true,"href":"https:\/\/gft.eu\/de\/wp-json\/wp\/v2\/users\/1"}],"replies":[{"embeddable":true,"href":"https:\/\/gft.eu\/de\/wp-json\/wp\/v2\/comments?post=171"}],"version-history":[{"count":8,"href":"https:\/\/gft.eu\/de\/wp-json\/wp\/v2\/pages\/171\/revisions"}],"predecessor-version":[{"id":3026,"href":"https:\/\/gft.eu\/de\/wp-json\/wp\/v2\/pages\/171\/revisions\/3026"}],"wp:attachment":[{"href":"https:\/\/gft.eu\/de\/wp-json\/wp\/v2\/media?parent=171"}],"curies":[{"name":"wp","href":"https:\/\/api.w.org\/{rel}","templated":true}]}}