{"id":2261,"date":"2015-06-02T23:07:44","date_gmt":"2015-06-02T21:07:44","guid":{"rendered":"https:\/\/www.gft.eu\/?page_id=2261"},"modified":"2020-03-11T15:56:34","modified_gmt":"2020-03-11T14:56:34","slug":"firextrainer","status":"publish","type":"page","link":"https:\/\/gft.eu\/de\/unsere-produkte\/firetrainer\/","title":{"rendered":"FireTrainer"},"content":{"rendered":"<div id=\"pl-2261\"  class=\"panel-layout\" ><div id=\"pg-2261-0\"  class=\"panel-grid panel-no-style\" ><div id=\"pgc-2261-0-0\"  class=\"panel-grid-cell\" ><div id=\"panel-2261-0-0-0\" class=\"so-panel widget widget_pt_featured_page widget-featured-page panel-first-child panel-last-child\" data-index=\"0\" >\t\t\t\t<div class=\"page-box page-box--block post-2261 page type-page status-publish has-post-thumbnail hentry\">\n\t\t\t\t\t<a class=\"page-box__picture\" href=\"https:\/\/gft.eu\/de\/unsere-produkte\/firetrainer\/flt-100-fire-starter-2\/\"><img loading=\"lazy\" decoding=\"async\" width=\"235\" height=\"200\" src=\"https:\/\/gft.eu\/wp-content\/uploads\/2020\/01\/FireStarter-e1582497755833.png\" class=\"attachment-page-box size-page-box wp-post-image\" alt=\"\" \/><\/a>\n\t\t\t\t\t<div class=\"page-box__content\">\n\t\t\t\t\t\t<h5 class=\"page-box__title  text-uppercase\"><a href=\"https:\/\/gft.eu\/de\/unsere-produkte\/firetrainer\/flt-100-fire-starter-2\/\">FLT 100 FireStarter<\/a><\/h5>\n\t\t\t\t\t\t<p>Wagen Sie den Einstieg in die professionelle Brandsimulation. Die realistischen Brandsimulatoren von GFT liefern Ihnen Sicherheit und Realit\u00e4tsn\u00e4he ohne Gleichen!<\/p>\n\t\t\t\t\t\t\t\t\t\t\t\t\t<p><a href=\"https:\/\/gft.eu\/de\/unsere-produkte\/firetrainer\/flt-100-fire-starter-2\/\" class=\"read-more  read-more--page-box\">Mehr lesen<\/a><\/p>\n\t\t\t\t\t\t\t\t\t\t\t<\/div>\n\t\t\t\t<\/div>\n\n\t\t\t<\/div><\/div><div id=\"pgc-2261-0-1\"  class=\"panel-grid-cell\" ><div id=\"panel-2261-0-1-0\" class=\"so-panel widget widget_pt_featured_page widget-featured-page panel-first-child panel-last-child\" data-index=\"1\" >\t\t\t\t<div class=\"page-box page-box--block post-2261 page type-page status-publish has-post-thumbnail hentry\">\n\t\t\t\t\t<a class=\"page-box__picture\" href=\"https:\/\/gft.eu\/de\/unsere-produkte\/firetrainer\/flt-200-firetrolley\/\"><img loading=\"lazy\" decoding=\"async\" width=\"360\" height=\"240\" src=\"https:\/\/gft.eu\/wp-content\/uploads\/2014\/10\/FLT-200-mit-Flachbildschirm-360x240.png\" class=\"attachment-page-box size-page-box wp-post-image\" alt=\"\" \/><\/a>\n\t\t\t\t\t<div class=\"page-box__content\">\n\t\t\t\t\t\t<h5 class=\"page-box__title  text-uppercase\"><a href=\"https:\/\/gft.eu\/de\/unsere-produkte\/firetrainer\/flt-200-firetrolley\/\">FLT 200 FireTrolly\u00ae<\/a><\/h5>\n\t\t\t\t\t\t<p>Der kompakteste multifunktionale FireTrainer auf dem Markt.<\/p>\n\t\t\t\t\t\t\t\t\t\t\t\t\t<p><a href=\"https:\/\/gft.eu\/de\/unsere-produkte\/firetrainer\/flt-200-firetrolley\/\" class=\"read-more  read-more--page-box\">Mehr lesen<\/a><\/p>\n\t\t\t\t\t\t\t\t\t\t\t<\/div>\n\t\t\t\t<\/div>\n\n\t\t\t<\/div><\/div><div id=\"pgc-2261-0-2\"  class=\"panel-grid-cell\" ><div id=\"panel-2261-0-2-0\" class=\"so-panel widget widget_pt_featured_page widget-featured-page panel-first-child panel-last-child\" data-index=\"2\" >\t\t\t\t<div class=\"page-box page-box--block post-2261 page type-page status-publish has-post-thumbnail hentry\">\n\t\t\t\t\t<a class=\"page-box__picture\" href=\"https:\/\/gft.eu\/de\/unsere-produkte\/firetrainer\/flt-400-firetray-multi\/\"><img loading=\"lazy\" decoding=\"async\" width=\"360\" height=\"240\" src=\"https:\/\/gft.eu\/wp-content\/uploads\/2015\/06\/FLT-400-Robert-in-Polen-HQ-360x240.jpg\" class=\"attachment-page-box size-page-box wp-post-image\" alt=\"\" \/><\/a>\n\t\t\t\t\t<div class=\"page-box__content\">\n\t\t\t\t\t\t<h5 class=\"page-box__title  text-uppercase\"><a href=\"https:\/\/gft.eu\/de\/unsere-produkte\/firetrainer\/flt-400-firetray-multi\/\">FLT 400 FireTray Multi XL<\/a><\/h5>\n\t\t\t\t\t\t<p>Der vielseitigste FireTrainer auf dem Markt.<\/p>\n\t\t\t\t\t\t\t\t\t\t\t\t\t<p><a href=\"https:\/\/gft.eu\/de\/unsere-produkte\/firetrainer\/flt-400-firetray-multi\/\" class=\"read-more  read-more--page-box\">Mehr lesen<\/a><\/p>\n\t\t\t\t\t\t\t\t\t\t\t<\/div>\n\t\t\t\t<\/div>\n\n\t\t\t<\/div><\/div><\/div><div id=\"pg-2261-1\"  class=\"panel-grid panel-no-style\" ><div id=\"pgc-2261-1-0\"  class=\"panel-grid-cell\" ><div id=\"panel-2261-1-0-0\" class=\"so-panel widget widget_pt_featured_page widget-featured-page panel-first-child panel-last-child\" data-index=\"3\" >\t\t\t\t<div class=\"page-box page-box--block post-2261 page type-page status-publish has-post-thumbnail hentry\">\n\t\t\t\t\t<a class=\"page-box__picture\" href=\"https:\/\/gft.eu\/de\/unsere-produkte\/firetrainer\/flt-600-fireman\/\"><img loading=\"lazy\" decoding=\"async\" width=\"360\" height=\"240\" src=\"https:\/\/gft.eu\/wp-content\/uploads\/2020\/01\/fireman-e1580149982113-360x240.png\" class=\"attachment-page-box size-page-box wp-post-image\" alt=\"\" \/><\/a>\n\t\t\t\t\t<div class=\"page-box__content\">\n\t\t\t\t\t\t<h5 class=\"page-box__title  text-uppercase\"><a href=\"https:\/\/gft.eu\/de\/unsere-produkte\/firetrainer\/flt-600-fireman\/\">FLT 600 FireMan<\/a><\/h5>\n\t\t\t\t\t\t<p>Einmalig auf dem Markt: Simulation eines Personenbrands<\/p>\n\t\t\t\t\t\t\t\t\t\t\t\t\t<p><a href=\"https:\/\/gft.eu\/de\/unsere-produkte\/firetrainer\/flt-600-fireman\/\" class=\"read-more  read-more--page-box\">Mehr lesen<\/a><\/p>\n\t\t\t\t\t\t\t\t\t\t\t<\/div>\n\t\t\t\t<\/div>\n\n\t\t\t<\/div><\/div><div id=\"pgc-2261-1-1\"  class=\"panel-grid-cell\" ><div id=\"panel-2261-1-1-0\" class=\"so-panel widget widget_pt_featured_page widget-featured-page panel-first-child panel-last-child\" data-index=\"4\" >\t\t\t\t<div class=\"page-box page-box--block post-2261 page type-page status-publish has-post-thumbnail hentry\">\n\t\t\t\t\t<a class=\"page-box__picture\" href=\"https:\/\/gft.eu\/de\/unsere-produkte\/firetrainer\/flt-700-firewheel\/\"><img loading=\"lazy\" decoding=\"async\" width=\"360\" height=\"240\" src=\"https:\/\/gft.eu\/wp-content\/uploads\/2015\/06\/Attrappenmodul-FireWheel-360x240.jpg\" class=\"attachment-page-box size-page-box wp-post-image\" alt=\"\" \/><\/a>\n\t\t\t\t\t<div class=\"page-box__content\">\n\t\t\t\t\t\t<h5 class=\"page-box__title  text-uppercase\"><a href=\"https:\/\/gft.eu\/de\/unsere-produkte\/firetrainer\/flt-700-firewheel\/\">FLT 700 FireWheel<\/a><\/h5>\n\t\t\t\t\t\t<p>Spezielles Darstellungsger\u00e4t eines LKW Reifenbrandes.<\/p>\n\t\t\t\t\t\t\t\t\t\t\t\t\t<p><a href=\"https:\/\/gft.eu\/de\/unsere-produkte\/firetrainer\/flt-700-firewheel\/\" class=\"read-more  read-more--page-box\">Mehr lesen<\/a><\/p>\n\t\t\t\t\t\t\t\t\t\t\t<\/div>\n\t\t\t\t<\/div>\n\n\t\t\t<\/div><\/div><div id=\"pgc-2261-1-2\"  class=\"panel-grid-cell\" ><div id=\"panel-2261-1-2-0\" class=\"so-panel widget widget_pt_featured_page widget-featured-page panel-first-child panel-last-child\" data-index=\"5\" >\t\t\t\t<div class=\"page-box page-box--block post-2261 page type-page status-publish has-post-thumbnail hentry\">\n\t\t\t\t\t<a class=\"page-box__picture\" href=\"https:\/\/gft.eu\/de\/unsere-produkte\/firetrainer\/flt-1000-firebox-das-selbstbausystem-von-gft\/\"><img loading=\"lazy\" decoding=\"async\" width=\"360\" height=\"240\" src=\"https:\/\/gft.eu\/wp-content\/uploads\/2015\/06\/box-360x240.jpg\" class=\"attachment-page-box size-page-box wp-post-image\" alt=\"\" srcset=\"https:\/\/gft.eu\/wp-content\/uploads\/2015\/06\/box-360x240.jpg 360w, https:\/\/gft.eu\/wp-content\/uploads\/2015\/06\/box-300x200.jpg 300w, https:\/\/gft.eu\/wp-content\/uploads\/2015\/06\/box-1024x683.jpg 1024w, https:\/\/gft.eu\/wp-content\/uploads\/2015\/06\/box-555x370.jpg 555w, https:\/\/gft.eu\/wp-content\/uploads\/2015\/06\/box.jpg 1200w\" sizes=\"(max-width: 360px) 100vw, 360px\" \/><\/a>\n\t\t\t\t\t<div class=\"page-box__content\">\n\t\t\t\t\t\t<h5 class=\"page-box__title  text-uppercase\"><a href=\"https:\/\/gft.eu\/de\/unsere-produkte\/firetrainer\/flt-1000-firebox-das-selbstbausystem-von-gft\/\">FLT 1000 FireBox: Das Selbstbausystem von GFT<\/a><\/h5>\n\t\t\t\t\t\t<p>Die FireBox wurde konzipiert f\u00fcr sehr eingeschr\u00e4nkte Budgets und einfache Anspr\u00fcche.<\/p>\n\t\t\t\t\t\t\t\t\t\t\t\t\t<p><a href=\"https:\/\/gft.eu\/de\/unsere-produkte\/firetrainer\/flt-1000-firebox-das-selbstbausystem-von-gft\/\" class=\"read-more  read-more--page-box\">Mehr lesen<\/a><\/p>\n\t\t\t\t\t\t\t\t\t\t\t<\/div>\n\t\t\t\t<\/div>\n\n\t\t\t<\/div><\/div><\/div><div id=\"pg-2261-2\"  class=\"panel-grid panel-no-style\" ><div id=\"pgc-2261-2-0\"  class=\"panel-grid-cell\" ><div id=\"panel-2261-2-0-0\" class=\"so-panel widget widget_pt_featured_page widget-featured-page panel-first-child panel-last-child\" data-index=\"6\" >\t\t\t\t<div class=\"page-box page-box--block post-2261 page type-page status-publish has-post-thumbnail hentry\">\n\t\t\t\t\t<a class=\"page-box__picture\" href=\"https:\/\/gft.eu\/de\/unsere-produkte\/firetrainer\/flt-sonderanfertigungen\/\"><img loading=\"lazy\" decoding=\"async\" width=\"257\" height=\"214\" src=\"https:\/\/gft.eu\/wp-content\/uploads\/2015\/06\/image-2.png\" class=\"attachment-page-box size-page-box wp-post-image\" alt=\"\" \/><\/a>\n\t\t\t\t\t<div class=\"page-box__content\">\n\t\t\t\t\t\t<h5 class=\"page-box__title  text-uppercase\"><a href=\"https:\/\/gft.eu\/de\/unsere-produkte\/firetrainer\/flt-sonderanfertigungen\/\">FLT Sonderanfertigungen<\/a><\/h5>\n\t\t\t\t\t\t<p>Massgeschneiderte L\u00f6sungen f\u00fcr Ihre Bed\u00fcrfnisse<\/p>\n\t\t\t\t\t\t\t\t\t\t\t\t\t<p><a href=\"https:\/\/gft.eu\/de\/unsere-produkte\/firetrainer\/flt-sonderanfertigungen\/\" class=\"read-more  read-more--page-box\">Mehr lesen<\/a><\/p>\n\t\t\t\t\t\t\t\t\t\t\t<\/div>\n\t\t\t\t<\/div>\n\n\t\t\t<\/div><\/div><div id=\"pgc-2261-2-1\"  class=\"panel-grid-cell panel-grid-cell-empty panel-grid-cell-mobile-last\" ><\/div><div id=\"pgc-2261-2-2\"  class=\"panel-grid-cell panel-grid-cell-empty\" ><\/div><\/div><\/div>","protected":false},"excerpt":{"rendered":"<p>Hier finden Sie eine \u00dcbersicht unserer FireTrainer\u2026<\/p>\n","protected":false},"author":1,"featured_media":2547,"parent":49,"menu_order":0,"comment_status":"closed","ping_status":"open","template":"","meta":{"ngg_post_thumbnail":0,"footnotes":""},"_links":{"self":[{"href":"https:\/\/gft.eu\/de\/wp-json\/wp\/v2\/pages\/2261"}],"collection":[{"href":"https:\/\/gft.eu\/de\/wp-json\/wp\/v2\/pages"}],"about":[{"href":"https:\/\/gft.eu\/de\/wp-json\/wp\/v2\/types\/page"}],"author":[{"embeddable":true,"href":"https:\/\/gft.eu\/de\/wp-json\/wp\/v2\/users\/1"}],"replies":[{"embeddable":true,"href":"https:\/\/gft.eu\/de\/wp-json\/wp\/v2\/comments?post=2261"}],"version-history":[{"count":16,"href":"https:\/\/gft.eu\/de\/wp-json\/wp\/v2\/pages\/2261\/revisions"}],"predecessor-version":[{"id":3317,"href":"https:\/\/gft.eu\/de\/wp-json\/wp\/v2\/pages\/2261\/revisions\/3317"}],"up":[{"embeddable":true,"href":"https:\/\/gft.eu\/de\/wp-json\/wp\/v2\/pages\/49"}],"wp:featuredmedia":[{"embeddable":true,"href":"https:\/\/gft.eu\/de\/wp-json\/wp\/v2\/media\/2547"}],"wp:attachment":[{"href":"https:\/\/gft.eu\/de\/wp-json\/wp\/v2\/media?parent=2261"}],"curies":[{"name":"wp","href":"https:\/\/api.w.org\/{rel}","templated":true}]}}