{"id":2281,"date":"2015-06-02T23:45:19","date_gmt":"2015-06-02T21:45:19","guid":{"rendered":"https:\/\/www.gft.eu\/?page_id=2281"},"modified":"2020-03-09T15:03:56","modified_gmt":"2020-03-09T14:03:56","slug":"flt-100-fire-starter","status":"publish","type":"page","link":"https:\/\/gft.eu\/de\/unsere-produkte\/firetrainer\/flt-100-fire-starter-2\/","title":{"rendered":"FLT 100 FireStarter"},"content":{"rendered":"<div id=\"pl-2281\"  class=\"panel-layout\" ><div id=\"pg-2281-0\"  class=\"panel-grid panel-no-style\" ><div id=\"pgc-2281-0-0\"  class=\"panel-grid-cell\" ><div id=\"panel-2281-0-0-0\" class=\"so-panel widget widget_black-studio-tinymce widget_black_studio_tinymce panel-first-child panel-last-child\" data-index=\"0\" ><div class=\"textwidget\"><p><a href=\"https:\/\/gft.eu\/wp-content\/uploads\/2020\/01\/FireStarter.png\"><img loading=\"lazy\" decoding=\"async\" width=\"235\" height=\"200\" class=\"alignnone size-full wp-image-2986\" alt=\"\" src=\"https:\/\/gft.eu\/wp-content\/uploads\/2020\/01\/FireStarter.png\"><\/a><\/p>\n<\/div><\/div><\/div><div id=\"pgc-2281-0-1\"  class=\"panel-grid-cell\" ><div id=\"panel-2281-0-1-0\" class=\"so-panel widget widget_black-studio-tinymce widget_black_studio_tinymce panel-first-child panel-last-child\" data-index=\"1\" ><div class=\"textwidget\"><h3>Ihr Einstieg in die Brandsimulation<\/h3>\n<p>&nbsp;<\/p>\n<p>Der FLT 100 FireStarter ist das kleinste und leichteste Basisger\u00e4t aus unserer Produktpalette und sogar f\u00fcr einen Transport im Kofferraum geeignet. Mit diesem kompakten Feuerl\u00f6schtrainer stellen Sie A- und C-Br\u00e4nde dar und kontrollieren dabei die Flammentwickung bequem mit der Einhandsteuerung. Kombinieren Sie den FireStarter mit jeglichen GFT-Atrappenmodulen Ihrer Wahl, um die Brandsimulation Ihren Bed\u00fcrfnissen anzupassen.<\/p>\n<p>&nbsp;<\/p>\n<p>Das spricht f\u00fcr Ihren Einstieg in die Brandsimulation:<\/p>\n<ul>\n<li>Keine Entsorgungskosten von Reststoffen<\/li>\n<li>Kurze \u00dcbungsintervalle<\/li>\n<li>Auf- und Abbau in ca. 5 Minuten<\/li>\n<li>Kontrollierter Brandverlauf&nbsp;<\/li>\n<li>Unbegrenzte Wiederholbarkeit der \u00dcbungen<\/li>\n<li>Geringe Betriebskosten<\/li>\n<\/ul>\n<h3>\n<\/div><\/div><\/div><\/div><div id=\"pg-2281-1\"  class=\"panel-grid panel-no-style\" ><div id=\"pgc-2281-1-0\"  class=\"panel-grid-cell\" ><div id=\"panel-2281-1-0-0\" class=\"so-panel widget widget_black-studio-tinymce widget_black_studio_tinymce panel-first-child panel-last-child\" data-index=\"2\" ><div class=\"textwidget\"><p><a href=\"https:\/\/gft.eu\/wp-content\/uploads\/2020\/01\/FireStarter-Rubbish-Bin.png\"><img loading=\"lazy\" decoding=\"async\" width=\"235\" height=\"200\" class=\"alignnone size-full wp-image-2988\" alt=\"\" src=\"https:\/\/gft.eu\/wp-content\/uploads\/2020\/01\/FireStarter-Rubbish-Bin.png\"><\/a><\/p>\n<\/div><\/div><\/div><div id=\"pgc-2281-1-1\"  class=\"panel-grid-cell\" ><div id=\"panel-2281-1-1-0\" class=\"so-panel widget widget_black-studio-tinymce widget_black_studio_tinymce panel-first-child panel-last-child\" data-index=\"3\" ><div class=\"textwidget\"><p><a href=\"https:\/\/gft.eu\/wp-content\/uploads\/2020\/01\/FireStarter-Aerosol-Explosion.png\"><img loading=\"lazy\" decoding=\"async\" width=\"235\" height=\"200\" class=\"alignnone size-full wp-image-2987\" alt=\"\" src=\"https:\/\/gft.eu\/wp-content\/uploads\/2020\/01\/FireStarter-Aerosol-Explosion.png\"><\/a><\/p>\n<\/div><\/div><\/div><div id=\"pgc-2281-1-2\"  class=\"panel-grid-cell\" ><div id=\"panel-2281-1-2-0\" class=\"so-panel widget widget_black-studio-tinymce widget_black_studio_tinymce panel-first-child panel-last-child\" data-index=\"4\" ><div class=\"textwidget\"><p><a href=\"https:\/\/gft.eu\/wp-content\/uploads\/2020\/01\/FireStarter-Hot-Oil-Explosion.png\"><img loading=\"lazy\" decoding=\"async\" width=\"235\" height=\"200\" class=\"alignnone size-full wp-image-2989\" alt=\"\" src=\"https:\/\/gft.eu\/wp-content\/uploads\/2020\/01\/FireStarter-Hot-Oil-Explosion.png\"><\/a><\/p>\n<\/div><\/div><\/div><div id=\"pgc-2281-1-3\"  class=\"panel-grid-cell\" ><div id=\"panel-2281-1-3-0\" class=\"so-panel widget widget_black-studio-tinymce widget_black_studio_tinymce panel-first-child panel-last-child\" data-index=\"5\" ><div class=\"textwidget\"><p><a href=\"https:\/\/gft.eu\/wp-content\/uploads\/2015\/06\/FLT100-mit-Attrappenmodul-Abfallbeh\u00e4lter.jpg\"><img loading=\"lazy\" decoding=\"async\" width=\"300\" height=\"225\" class=\"alignnone size-medium wp-image-2282\" alt=\"\" src=\"https:\/\/gft.eu\/wp-content\/uploads\/2015\/06\/FLT100-mit-Attrappenmodul-Abfallbeh\u00e4lter-300x225.jpg\" srcset=\"https:\/\/gft.eu\/wp-content\/uploads\/2015\/06\/FLT100-mit-Attrappenmodul-Abfallbeh\u00e4lter-300x225.jpg 300w, https:\/\/gft.eu\/wp-content\/uploads\/2015\/06\/FLT100-mit-Attrappenmodul-Abfallbeh\u00e4lter-555x416.jpg 555w, https:\/\/gft.eu\/wp-content\/uploads\/2015\/06\/FLT100-mit-Attrappenmodul-Abfallbeh\u00e4lter-100x75.jpg 100w, https:\/\/gft.eu\/wp-content\/uploads\/2015\/06\/FLT100-mit-Attrappenmodul-Abfallbeh\u00e4lter.jpg 800w\" sizes=\"(max-width: 300px) 100vw, 300px\" \/><\/a><\/p>\n<\/div><\/div><\/div><\/div><\/div>","protected":false},"excerpt":{"rendered":"<p>Wagen Sie den Einstieg in die professionelle Brandsimulation. Die realistischen Brandsimulatoren von GFT liefern Ihnen Sicherheit und Realit\u00e4tsn\u00e4he ohne Gleichen!<\/p>\n","protected":false},"author":1,"featured_media":2986,"parent":2261,"menu_order":0,"comment_status":"closed","ping_status":"closed","template":"","meta":{"ngg_post_thumbnail":0,"footnotes":""},"_links":{"self":[{"href":"https:\/\/gft.eu\/de\/wp-json\/wp\/v2\/pages\/2281"}],"collection":[{"href":"https:\/\/gft.eu\/de\/wp-json\/wp\/v2\/pages"}],"about":[{"href":"https:\/\/gft.eu\/de\/wp-json\/wp\/v2\/types\/page"}],"author":[{"embeddable":true,"href":"https:\/\/gft.eu\/de\/wp-json\/wp\/v2\/users\/1"}],"replies":[{"embeddable":true,"href":"https:\/\/gft.eu\/de\/wp-json\/wp\/v2\/comments?post=2281"}],"version-history":[{"count":24,"href":"https:\/\/gft.eu\/de\/wp-json\/wp\/v2\/pages\/2281\/revisions"}],"predecessor-version":[{"id":3277,"href":"https:\/\/gft.eu\/de\/wp-json\/wp\/v2\/pages\/2281\/revisions\/3277"}],"up":[{"embeddable":true,"href":"https:\/\/gft.eu\/de\/wp-json\/wp\/v2\/pages\/2261"}],"wp:featuredmedia":[{"embeddable":true,"href":"https:\/\/gft.eu\/de\/wp-json\/wp\/v2\/media\/2986"}],"wp:attachment":[{"href":"https:\/\/gft.eu\/de\/wp-json\/wp\/v2\/media?parent=2281"}],"curies":[{"name":"wp","href":"https:\/\/api.w.org\/{rel}","templated":true}]}}