{"id":2291,"date":"2015-06-02T23:53:17","date_gmt":"2015-06-02T21:53:17","guid":{"rendered":"https:\/\/www.gft.eu\/?page_id=2291"},"modified":"2020-03-25T21:39:04","modified_gmt":"2020-03-25T20:39:04","slug":"flt-400-firetray-multi","status":"publish","type":"page","link":"https:\/\/gft.eu\/de\/unsere-produkte\/firetrainer\/flt-400-firetray-multi\/","title":{"rendered":"FLT 400 FireTray Multi XL"},"content":{"rendered":"<div id=\"pl-2291\"  class=\"panel-layout\" ><div id=\"pg-2291-0\"  class=\"panel-grid panel-no-style\" ><div id=\"pgc-2291-0-0\"  class=\"panel-grid-cell\" ><div id=\"panel-2291-0-0-0\" class=\"so-panel widget widget_black-studio-tinymce widget_black_studio_tinymce panel-first-child panel-last-child\" data-index=\"0\" ><div class=\"textwidget\"><p><a href=\"https:\/\/gft.eu\/wp-content\/uploads\/2015\/06\/FLT-400-Robert-in-Polen-HQ.jpg\"><img loading=\"lazy\" decoding=\"async\" width=\"800\" height=\"879\" class=\"alignnone size-full wp-image-2295\" alt=\"\" src=\"https:\/\/gft.eu\/wp-content\/uploads\/2015\/06\/FLT-400-Robert-in-Polen-HQ.jpg\" srcset=\"https:\/\/gft.eu\/wp-content\/uploads\/2015\/06\/FLT-400-Robert-in-Polen-HQ.jpg 800w, https:\/\/gft.eu\/wp-content\/uploads\/2015\/06\/FLT-400-Robert-in-Polen-HQ-273x300.jpg 273w, https:\/\/gft.eu\/wp-content\/uploads\/2015\/06\/FLT-400-Robert-in-Polen-HQ-505x555.jpg 505w\" sizes=\"(max-width: 800px) 100vw, 800px\" \/><\/a><\/p>\n<\/div><\/div><\/div><div id=\"pgc-2291-0-1\"  class=\"panel-grid-cell\" ><div id=\"panel-2291-0-1-0\" class=\"so-panel widget widget_black-studio-tinymce widget_black_studio_tinymce panel-first-child panel-last-child\" data-index=\"1\" ><div class=\"textwidget\"><h3>Der vielseitigste FireTrainer auf dem Markt.<\/h3>\n<p>&nbsp;<\/p>\n<p>Mit diesem FireTrainer erhalten Sie ein Ger\u00e4t, das Ihnen die unterschiedlichsten \u00dcbungen von A-, B- und C-Br\u00e4nden erlaubt. Bis zu <strong>17<\/strong> verschiedene Szenarien k\u00f6nnen Sie auf Basis dieses einen Trainers darstellen. Der FLT 400 FireTray simuliert einerseits einen Fl\u00fcssigkeitsbrand auf gro\u00dfer Brandfl\u00e4che, ist aber auch kompatibel mit allen GFT-Attrappenmodulen. F\u00fcr eine besonders beeindruckend gro\u00dfe Flamme ist der FireBooster beim B-Brand standardm\u00e4\u00dfig eingebaut. Wenn gew\u00fcnscht verst\u00e4rkt ein FireBooster auch den A-Brand, was Ihnen ein Feuerwehrtraining mit dem Hohlstrahlrohr und das Training des Einfangens und Lenkens einer Gasflamme erm\u00f6glicht.&nbsp;<\/p>\n<p>&nbsp;<\/p>\n<h4>Setzen Sie mit diesem Ger\u00e4t auf die Vielseitigkeit und die&nbsp;Technologie von GFT:<\/h4>\n<ul>\n<li>computergest\u00fctzte L\u00f6scherkennung \u00fcber Sensorik<\/li>\n<li>dynamische Reaktion der Flammintensit\u00e4t abh\u00e4ngig von der Angriffstaktik und der L\u00f6schmittelart<\/li>\n<li>automatische dynamische R\u00fcckschaltung der Flammintensit\u00e4t bis zum L\u00f6scherfolg<\/li>\n<li>stufenweise Zuschaltung der Flammintensit\u00e4t per Knopfdurck<\/li>\n<li>wahlweise manuelle Steuerung (Abschaltung per Knopfdruck durch den \u00dcbungsleiter)<\/li>\n<li>Sicherheitsfernbedienung mit Ladezustandsanzeige m\u00f6glich<\/li>\n<\/ul>\n<p>&nbsp;<strong>...immer n\u00e4her an der Realit\u00e4t!<\/strong>&nbsp;<\/p>\n<p>&nbsp;<\/p>\n<p><span style=\"color: #ff0000;\"><strong>Gestalten Sie Ihren FLT 400 individuell mit den Optionen, die f\u00fcr Ihre Situation passend sind. Gerne beraten wir Sie eingehender zu den M\u00f6glichkeiten. Auf Wunsch sind auch <a href=\"https:\/\/gft.eu\/unsere-produkte\/firextrainer\/flt-sonderanfertigungen\/\">Sondergr\u00f6\u00dfen<\/a> m\u00f6glich.&nbsp;<\/strong><\/span><\/p>\n<h3>\n<\/div><\/div><\/div><\/div><div id=\"pg-2291-1\"  class=\"panel-grid panel-no-style\" ><div id=\"pgc-2291-1-0\"  class=\"panel-grid-cell\" ><div id=\"panel-2291-1-0-0\" class=\"so-panel widget widget_black-studio-tinymce widget_black_studio_tinymce panel-first-child panel-last-child\" data-index=\"2\" ><div class=\"textwidget\"><p><a href=\"https:\/\/gft.eu\/wp-content\/uploads\/2020\/03\/FLT-400-Seite.png\"><img loading=\"lazy\" decoding=\"async\" width=\"1024\" height=\"639\" class=\"alignnone size-large wp-image-3221\" alt=\"\" src=\"https:\/\/gft.eu\/wp-content\/uploads\/2020\/03\/FLT-400-Seite-1024x639.png\" srcset=\"https:\/\/gft.eu\/wp-content\/uploads\/2020\/03\/FLT-400-Seite-1024x639.png 1024w, https:\/\/gft.eu\/wp-content\/uploads\/2020\/03\/FLT-400-Seite-300x187.png 300w, https:\/\/gft.eu\/wp-content\/uploads\/2020\/03\/FLT-400-Seite-768x479.png 768w, https:\/\/gft.eu\/wp-content\/uploads\/2020\/03\/FLT-400-Seite-1536x958.png 1536w, https:\/\/gft.eu\/wp-content\/uploads\/2020\/03\/FLT-400-Seite-2048x1278.png 2048w, https:\/\/gft.eu\/wp-content\/uploads\/2020\/03\/FLT-400-Seite-555x346.png 555w\" sizes=\"(max-width: 1024px) 100vw, 1024px\" \/><\/a><\/p>\n<\/div><\/div><\/div><div id=\"pgc-2291-1-1\"  class=\"panel-grid-cell\" ><div id=\"panel-2291-1-1-0\" class=\"so-panel widget widget_black-studio-tinymce widget_black_studio_tinymce panel-first-child panel-last-child\" data-index=\"3\" ><div class=\"textwidget\"><p><a href=\"https:\/\/gft.eu\/wp-content\/uploads\/2020\/03\/FLT-400-oben.png\"><img loading=\"lazy\" decoding=\"async\" width=\"1024\" height=\"639\" class=\"alignnone size-large wp-image-3222\" alt=\"\" src=\"https:\/\/gft.eu\/wp-content\/uploads\/2020\/03\/FLT-400-oben-1024x639.png\" srcset=\"https:\/\/gft.eu\/wp-content\/uploads\/2020\/03\/FLT-400-oben-1024x639.png 1024w, https:\/\/gft.eu\/wp-content\/uploads\/2020\/03\/FLT-400-oben-300x187.png 300w, https:\/\/gft.eu\/wp-content\/uploads\/2020\/03\/FLT-400-oben-768x479.png 768w, https:\/\/gft.eu\/wp-content\/uploads\/2020\/03\/FLT-400-oben-1536x958.png 1536w, https:\/\/gft.eu\/wp-content\/uploads\/2020\/03\/FLT-400-oben-2048x1277.png 2048w, https:\/\/gft.eu\/wp-content\/uploads\/2020\/03\/FLT-400-oben-555x346.png 555w\" sizes=\"(max-width: 1024px) 100vw, 1024px\" \/><\/a><\/p>\n<\/div><\/div><\/div><div id=\"pgc-2291-1-2\"  class=\"panel-grid-cell\" ><div id=\"panel-2291-1-2-0\" class=\"so-panel widget widget_black-studio-tinymce widget_black_studio_tinymce panel-first-child panel-last-child\" data-index=\"4\" ><div class=\"textwidget\"><p><a href=\"https:\/\/gft.eu\/wp-content\/uploads\/2020\/03\/FLT-400-1.png\"><img loading=\"lazy\" decoding=\"async\" width=\"573\" height=\"390\" class=\"alignnone size-full wp-image-3223\" alt=\"\" src=\"https:\/\/gft.eu\/wp-content\/uploads\/2020\/03\/FLT-400-1.png\" srcset=\"https:\/\/gft.eu\/wp-content\/uploads\/2020\/03\/FLT-400-1.png 573w, https:\/\/gft.eu\/wp-content\/uploads\/2020\/03\/FLT-400-1-300x204.png 300w, https:\/\/gft.eu\/wp-content\/uploads\/2020\/03\/FLT-400-1-555x378.png 555w\" sizes=\"(max-width: 573px) 100vw, 573px\" \/><\/a><\/p>\n<p>FireTray Multi XL mit Attrappe Spraydosenexplosion<\/p>\n<\/div><\/div><\/div><\/div><\/div>","protected":false},"excerpt":{"rendered":"<p>Der vielseitigste FireTrainer auf dem Markt.<\/p>\n","protected":false},"author":1,"featured_media":2295,"parent":2261,"menu_order":0,"comment_status":"closed","ping_status":"closed","template":"","meta":{"ngg_post_thumbnail":0,"footnotes":""},"_links":{"self":[{"href":"https:\/\/gft.eu\/de\/wp-json\/wp\/v2\/pages\/2291"}],"collection":[{"href":"https:\/\/gft.eu\/de\/wp-json\/wp\/v2\/pages"}],"about":[{"href":"https:\/\/gft.eu\/de\/wp-json\/wp\/v2\/types\/page"}],"author":[{"embeddable":true,"href":"https:\/\/gft.eu\/de\/wp-json\/wp\/v2\/users\/1"}],"replies":[{"embeddable":true,"href":"https:\/\/gft.eu\/de\/wp-json\/wp\/v2\/comments?post=2291"}],"version-history":[{"count":31,"href":"https:\/\/gft.eu\/de\/wp-json\/wp\/v2\/pages\/2291\/revisions"}],"predecessor-version":[{"id":3327,"href":"https:\/\/gft.eu\/de\/wp-json\/wp\/v2\/pages\/2291\/revisions\/3327"}],"up":[{"embeddable":true,"href":"https:\/\/gft.eu\/de\/wp-json\/wp\/v2\/pages\/2261"}],"wp:featuredmedia":[{"embeddable":true,"href":"https:\/\/gft.eu\/de\/wp-json\/wp\/v2\/media\/2295"}],"wp:attachment":[{"href":"https:\/\/gft.eu\/de\/wp-json\/wp\/v2\/media?parent=2291"}],"curies":[{"name":"wp","href":"https:\/\/api.w.org\/{rel}","templated":true}]}}