{"id":2298,"date":"2015-06-03T10:18:09","date_gmt":"2015-06-03T08:18:09","guid":{"rendered":"https:\/\/www.gft.eu\/?page_id=2298"},"modified":"2020-03-27T21:52:52","modified_gmt":"2020-03-27T20:52:52","slug":"flt-500-firetray-xl","status":"publish","type":"page","link":"https:\/\/gft.eu\/de\/unsere-produkte\/firetrainer\/flt-sonderanfertigungen\/","title":{"rendered":"FLT Sonderanfertigungen"},"content":{"rendered":"<div id=\"pl-2298\"  class=\"panel-layout\" ><div id=\"pg-2298-0\"  class=\"panel-grid panel-no-style\" ><div id=\"pgc-2298-0-0\"  class=\"panel-grid-cell\" ><div id=\"panel-2298-0-0-0\" class=\"so-panel widget widget_black-studio-tinymce widget_black_studio_tinymce panel-first-child panel-last-child\" data-index=\"0\" ><div class=\"textwidget\"><p><a href=\"https:\/\/gft.eu\/wp-content\/uploads\/2015\/06\/image-2.png\"><img loading=\"lazy\" decoding=\"async\" class=\"alignnone  wp-image-2299\" src=\"https:\/\/gft.eu\/wp-content\/uploads\/2015\/06\/image-2.png\" alt=\"image-2\" width=\"410\" height=\"341\" \/><\/a><\/p>\n<\/div><\/div><\/div><div id=\"pgc-2298-0-1\"  class=\"panel-grid-cell\" ><div id=\"panel-2298-0-1-0\" class=\"so-panel widget widget_black-studio-tinymce widget_black_studio_tinymce panel-first-child panel-last-child\" data-index=\"1\" ><div class=\"textwidget\"><h3>Massgeschneiderte L\u00f6sungen&nbsp;<\/h3>\n<p>&nbsp;<\/p>\n<p>Auf Basis des FLT 400 FireTray Multi bieten wir Ihnen auf Wunsch massgeschneiderte L\u00f6sungen mit beliebig gro\u00dfen Fl\u00e4chen.<\/p>\n<p>&nbsp;<\/p>\n<p><span style=\"color: #ff0000;\"><strong>Kontaktieren Sie uns! Wir beraten Sie gerne.&nbsp;<\/strong><\/span><\/p>\n<h3>\n<\/div><\/div><\/div><\/div><\/div>","protected":false},"excerpt":{"rendered":"<p>Massgeschneiderte L\u00f6sungen f\u00fcr Ihre Bed\u00fcrfnisse<\/p>\n","protected":false},"author":1,"featured_media":2299,"parent":2261,"menu_order":0,"comment_status":"closed","ping_status":"closed","template":"","meta":{"ngg_post_thumbnail":0,"footnotes":""},"_links":{"self":[{"href":"https:\/\/gft.eu\/de\/wp-json\/wp\/v2\/pages\/2298"}],"collection":[{"href":"https:\/\/gft.eu\/de\/wp-json\/wp\/v2\/pages"}],"about":[{"href":"https:\/\/gft.eu\/de\/wp-json\/wp\/v2\/types\/page"}],"author":[{"embeddable":true,"href":"https:\/\/gft.eu\/de\/wp-json\/wp\/v2\/users\/1"}],"replies":[{"embeddable":true,"href":"https:\/\/gft.eu\/de\/wp-json\/wp\/v2\/comments?post=2298"}],"version-history":[{"count":14,"href":"https:\/\/gft.eu\/de\/wp-json\/wp\/v2\/pages\/2298\/revisions"}],"predecessor-version":[{"id":3339,"href":"https:\/\/gft.eu\/de\/wp-json\/wp\/v2\/pages\/2298\/revisions\/3339"}],"up":[{"embeddable":true,"href":"https:\/\/gft.eu\/de\/wp-json\/wp\/v2\/pages\/2261"}],"wp:featuredmedia":[{"embeddable":true,"href":"https:\/\/gft.eu\/de\/wp-json\/wp\/v2\/media\/2299"}],"wp:attachment":[{"href":"https:\/\/gft.eu\/de\/wp-json\/wp\/v2\/media?parent=2298"}],"curies":[{"name":"wp","href":"https:\/\/api.w.org\/{rel}","templated":true}]}}