{"id":2331,"date":"2015-06-03T13:00:05","date_gmt":"2015-06-03T11:00:05","guid":{"rendered":"https:\/\/www.gft.eu\/?page_id=2331"},"modified":"2020-02-18T19:53:00","modified_gmt":"2020-02-18T18:53:00","slug":"attrappen-bzw-aufsatz-module","status":"publish","type":"page","link":"https:\/\/gft.eu\/de\/unsere-produkte\/zubehoer\/attrappen-bzw-aufsatz-module\/","title":{"rendered":"Attrappen- bzw. Aufsatz-Module"},"content":{"rendered":"<div id=\"pl-2331\"  class=\"panel-layout\" ><div id=\"pg-2331-0\"  class=\"panel-grid panel-no-style\" ><div id=\"pgc-2331-0-0\"  class=\"panel-grid-cell\" ><div id=\"panel-2331-0-0-0\" class=\"so-panel widget widget_black-studio-tinymce widget_black_studio_tinymce panel-first-child panel-last-child\" data-index=\"0\" ><div class=\"textwidget\"><h3>Diese Aufsatzmodule zur Darstellung verschiedener Brandszenarien passen auf viele mobile\u00a0GFT FireXTrainer\u00ae.<\/h3>\n<h3>\n<\/div><\/div><\/div><\/div><div id=\"pg-2331-1\"  class=\"panel-grid panel-no-style\" ><div id=\"pgc-2331-1-0\"  class=\"panel-grid-cell\" ><div id=\"panel-2331-1-0-0\" class=\"so-panel widget widget_black-studio-tinymce widget_black_studio_tinymce panel-first-child panel-last-child\" data-index=\"1\" ><div class=\"textwidget\"><\/div><\/div><\/div><div id=\"pgc-2331-1-1\"  class=\"panel-grid-cell\" ><div id=\"panel-2331-1-1-0\" class=\"so-panel widget widget_black-studio-tinymce widget_black_studio_tinymce panel-first-child panel-last-child\" data-index=\"2\" ><div class=\"textwidget\"><h4><strong>Attrappenmodul<\/strong><\/h4>\n<h4>\n<\/div><\/div><\/div><div id=\"pgc-2331-1-2\"  class=\"panel-grid-cell\" ><div id=\"panel-2331-1-2-0\" class=\"so-panel widget widget_black-studio-tinymce widget_black_studio_tinymce panel-first-child panel-last-child\" data-index=\"3\" ><div class=\"textwidget\"><h4><strong>Schulungszweck<\/strong><\/h4>\n<h4><strong><\/p>\n<\/div><\/div><\/div><\/div><div id=\"pg-2331-2\"  class=\"panel-grid panel-no-style\" ><div id=\"pgc-2331-2-0\"  class=\"panel-grid-cell\" ><div id=\"panel-2331-2-0-0\" class=\"so-panel widget widget_black-studio-tinymce widget_black_studio_tinymce panel-first-child panel-last-child\" data-index=\"4\" ><div class=\"textwidget\"><p><a href=\"https:\/\/gft.eu\/wp-content\/uploads\/2015\/06\/papierkorb.jpg\"><img loading=\"lazy\" decoding=\"async\" class=\"  wp-image-2332 aligncenter\" src=\"https:\/\/gft.eu\/wp-content\/uploads\/2015\/06\/papierkorb-272x300.jpg\" alt=\"papierkorb\" width=\"100\" height=\"134\" \/><\/a><\/p>\n<\/div><\/div><\/div><div id=\"pgc-2331-2-1\"  class=\"panel-grid-cell\" ><div id=\"panel-2331-2-1-0\" class=\"so-panel widget widget_black-studio-tinymce widget_black_studio_tinymce panel-first-child panel-last-child\" data-index=\"5\" ><div class=\"textwidget\"><h4>FLM 800 Papierkorb<\/h4>\n<h4>\n<\/div><\/div><\/div><div id=\"pgc-2331-2-2\"  class=\"panel-grid-cell\" ><div id=\"panel-2331-2-2-0\" class=\"so-panel widget widget_black-studio-tinymce widget_black_studio_tinymce panel-first-child panel-last-child\" data-index=\"6\" ><div class=\"textwidget\"><p>L\u00f6schen eines A-Brandes mit den richtigen L\u00f6schmitteln\u00a0und der richtigen L\u00f6schtaktik.<\/p>\n<p>\n<\/div><\/div><\/div><\/div><div id=\"pg-2331-3\"  class=\"panel-grid panel-no-style\" ><div id=\"pgc-2331-3-0\"  class=\"panel-grid-cell\" ><div id=\"panel-2331-3-0-0\" class=\"so-panel widget widget_black-studio-tinymce widget_black_studio_tinymce panel-first-child panel-last-child\" data-index=\"7\" ><div class=\"textwidget\"><p><a href=\"https:\/\/gft.eu\/wp-content\/uploads\/2015\/06\/abfallbeh\u00e4lter.jpg\"><img loading=\"lazy\" decoding=\"async\" class=\"  wp-image-2510 aligncenter\" src=\"https:\/\/gft.eu\/wp-content\/uploads\/2015\/06\/abfallbeh\u00e4lter-300x218.jpg\" alt=\"abfallbeh\u00e4lter\" width=\"100\" height=\"73\" srcset=\"https:\/\/gft.eu\/wp-content\/uploads\/2015\/06\/abfallbeh\u00e4lter-300x218.jpg 300w, https:\/\/gft.eu\/wp-content\/uploads\/2015\/06\/abfallbeh\u00e4lter.jpg 456w\" sizes=\"(max-width: 100px) 100vw, 100px\" \/><\/a><\/p>\n<\/div><\/div><\/div><div id=\"pgc-2331-3-1\"  class=\"panel-grid-cell\" ><div id=\"panel-2331-3-1-0\" class=\"so-panel widget widget_black-studio-tinymce widget_black_studio_tinymce panel-first-child panel-last-child\" data-index=\"8\" ><div class=\"textwidget\"><h4>FLM 805 Abfallbeh\u00e4lter<\/h4>\n<h4>\n<\/div><\/div><\/div><div id=\"pgc-2331-3-2\"  class=\"panel-grid-cell\" ><div id=\"panel-2331-3-2-0\" class=\"so-panel widget widget_black-studio-tinymce widget_black_studio_tinymce panel-first-child panel-last-child\" data-index=\"9\" ><div class=\"textwidget\"><p>L\u00f6schen eines A-Brandes mit dem richtigen L\u00f6schmittel\u00a0und der richtigen L\u00f6schtaktik.<\/p>\n<p>\n<\/div><\/div><\/div><\/div><div id=\"pg-2331-4\"  class=\"panel-grid panel-no-style\" ><div id=\"pgc-2331-4-0\"  class=\"panel-grid-cell\" ><div id=\"panel-2331-4-0-0\" class=\"so-panel widget widget_black-studio-tinymce widget_black_studio_tinymce panel-first-child panel-last-child\" data-index=\"10\" ><div class=\"textwidget\"><p><a href=\"https:\/\/gft.eu\/wp-content\/uploads\/2015\/06\/elektroschrank.jpg\"><img loading=\"lazy\" decoding=\"async\" class=\"  wp-image-2511 aligncenter\" src=\"https:\/\/gft.eu\/wp-content\/uploads\/2015\/06\/elektroschrank-190x300.jpg\" alt=\"elektroschrank\" width=\"100\" height=\"158\" srcset=\"https:\/\/gft.eu\/wp-content\/uploads\/2015\/06\/elektroschrank-190x300.jpg 190w, https:\/\/gft.eu\/wp-content\/uploads\/2015\/06\/elektroschrank.jpg 225w\" sizes=\"(max-width: 100px) 100vw, 100px\" \/><\/a><\/p>\n<\/div><\/div><\/div><div id=\"pgc-2331-4-1\"  class=\"panel-grid-cell\" ><div id=\"panel-2331-4-1-0\" class=\"so-panel widget widget_black-studio-tinymce widget_black_studio_tinymce panel-first-child panel-last-child\" data-index=\"11\" ><div class=\"textwidget\"><h4>FLM 810 Elektroschaltschrank<\/h4>\n<h4>\n<\/div><\/div><\/div><div id=\"pgc-2331-4-2\"  class=\"panel-grid-cell\" ><div id=\"panel-2331-4-2-0\" class=\"so-panel widget widget_black-studio-tinymce widget_black_studio_tinymce panel-first-child panel-last-child\" data-index=\"12\" ><div class=\"textwidget\"><p>L\u00f6schen von Br\u00e4nden an elektrischen Anlagen durch den Einsatz von geeigneten L\u00f6schmitteln<\/p>\n<p>\n<\/div><\/div><\/div><\/div><div id=\"pg-2331-5\"  class=\"panel-grid panel-no-style\" ><div id=\"pgc-2331-5-0\"  class=\"panel-grid-cell\" ><div id=\"panel-2331-5-0-0\" class=\"so-panel widget widget_black-studio-tinymce widget_black_studio_tinymce panel-first-child panel-last-child\" data-index=\"13\" ><div class=\"textwidget\"><p><a href=\"https:\/\/gft.eu\/wp-content\/uploads\/2020\/02\/Flachbildschirm.png\"><img loading=\"lazy\" decoding=\"async\" width=\"100\" height=\"75\" class=\"size-full wp-image-3111 aligncenter\" alt=\"\" src=\"https:\/\/gft.eu\/wp-content\/uploads\/2020\/02\/Flachbildschirm.png\"><\/a><\/p>\n<\/div><\/div><\/div><div id=\"pgc-2331-5-1\"  class=\"panel-grid-cell\" ><div id=\"panel-2331-5-1-0\" class=\"so-panel widget widget_black-studio-tinymce widget_black_studio_tinymce panel-first-child panel-last-child\" data-index=\"14\" ><div class=\"textwidget\"><h4>FLM 818 Flachbildschirm<\/h4>\n<h4>\n<\/div><\/div><\/div><div id=\"pgc-2331-5-2\"  class=\"panel-grid-cell\" ><div id=\"panel-2331-5-2-0\" class=\"so-panel widget widget_black-studio-tinymce widget_black_studio_tinymce panel-first-child panel-last-child\" data-index=\"15\" ><div class=\"textwidget\"><p>L\u00f6schen von Br\u00e4nden an elektrischen Ger\u00e4ten durch den Einsatz von geeigneten L\u00f6schmitteln<\/p>\n<p>\n<\/div><\/div><\/div><\/div><div id=\"pg-2331-6\"  class=\"panel-grid panel-no-style\" ><div id=\"pgc-2331-6-0\"  class=\"panel-grid-cell\" ><div id=\"panel-2331-6-0-0\" class=\"so-panel widget widget_black-studio-tinymce widget_black_studio_tinymce panel-first-child panel-last-child\" data-index=\"16\" ><div class=\"textwidget\"><p><a href=\"https:\/\/gft.eu\/wp-content\/uploads\/2015\/06\/fettbrand.jpg\"><img loading=\"lazy\" decoding=\"async\" class=\"  wp-image-2514 aligncenter\" src=\"https:\/\/gft.eu\/wp-content\/uploads\/2015\/06\/fettbrand-204x300.jpg\" alt=\"fettbrand\" width=\"100\" height=\"147\" srcset=\"https:\/\/gft.eu\/wp-content\/uploads\/2015\/06\/fettbrand-204x300.jpg 204w, https:\/\/gft.eu\/wp-content\/uploads\/2015\/06\/fettbrand.jpg 227w\" sizes=\"(max-width: 100px) 100vw, 100px\" \/><\/a><\/p>\n<\/div><\/div><\/div><div id=\"pgc-2331-6-1\"  class=\"panel-grid-cell\" ><div id=\"panel-2331-6-1-0\" class=\"so-panel widget widget_black-studio-tinymce widget_black_studio_tinymce panel-first-child panel-last-child\" data-index=\"17\" ><div class=\"textwidget\"><h4>FLM 820 Fettbrand<\/h4>\n<h4>\n<\/div><\/div><\/div><div id=\"pgc-2331-6-2\"  class=\"panel-grid-cell\" ><div id=\"panel-2331-6-2-0\" class=\"so-panel widget widget_black-studio-tinymce widget_black_studio_tinymce panel-first-child panel-last-child\" data-index=\"18\" ><div class=\"textwidget\"><p>Erlernen des richtigen Umgangs mit einem Fettbrandl\u00f6scher und Erkennen der Gef\u00e4hrlichkeit von falsch eingesetzten L\u00f6schmitteln<\/p>\n<p>\n<\/div><\/div><\/div><\/div><div id=\"pg-2331-7\"  class=\"panel-grid panel-no-style\" ><div id=\"pgc-2331-7-0\"  class=\"panel-grid-cell\" ><div id=\"panel-2331-7-0-0\" class=\"so-panel widget widget_black-studio-tinymce widget_black_studio_tinymce panel-first-child panel-last-child\" data-index=\"19\" ><div class=\"textwidget\"><p><a href=\"https:\/\/gft.eu\/wp-content\/uploads\/2015\/06\/spraydosenexpl.jpg\"><img loading=\"lazy\" decoding=\"async\" class=\"  wp-image-2518 aligncenter\" src=\"https:\/\/gft.eu\/wp-content\/uploads\/2015\/06\/spraydosenexpl-145x300.jpg\" alt=\"spraydosenexpl\" width=\"100\" height=\"207\" srcset=\"https:\/\/gft.eu\/wp-content\/uploads\/2015\/06\/spraydosenexpl-145x300.jpg 145w, https:\/\/gft.eu\/wp-content\/uploads\/2015\/06\/spraydosenexpl.jpg 170w\" sizes=\"(max-width: 100px) 100vw, 100px\" \/><\/a><\/p>\n<\/div><\/div><\/div><div id=\"pgc-2331-7-1\"  class=\"panel-grid-cell\" ><div id=\"panel-2331-7-1-0\" class=\"so-panel widget widget_black-studio-tinymce widget_black_studio_tinymce panel-first-child panel-last-child\" data-index=\"20\" ><div class=\"textwidget\"><h4>FLM 825 Spraydosenexplosion<\/h4>\n<h4>\n<\/div><\/div><\/div><div id=\"pgc-2331-7-2\"  class=\"panel-grid-cell\" ><div id=\"panel-2331-7-2-0\" class=\"so-panel widget widget_black-studio-tinymce widget_black_studio_tinymce panel-first-child panel-last-child\" data-index=\"21\" ><div class=\"textwidget\"><p>Erkennen der Gef\u00e4hrlichkeit von Druckgasverpackungen (Spraydosenexplosion bis 400 ml)<\/p>\n<p>\n<\/div><\/div><\/div><\/div><div id=\"pg-2331-8\"  class=\"panel-grid panel-no-style\" ><div id=\"pgc-2331-8-0\"  class=\"panel-grid-cell\" ><div id=\"panel-2331-8-0-0\" class=\"so-panel widget widget_black-studio-tinymce widget_black_studio_tinymce panel-first-child panel-last-child\" data-index=\"22\" ><div class=\"textwidget\"><p><a href=\"https:\/\/gft.eu\/wp-content\/uploads\/2015\/06\/motor.jpg\"><img loading=\"lazy\" decoding=\"async\" width=\"100\" height=\"84\" class=\" wp-image-2515 aligncenter\" alt=\"motor\" src=\"https:\/\/gft.eu\/wp-content\/uploads\/2015\/06\/motor-300x252.jpg\" srcset=\"https:\/\/gft.eu\/wp-content\/uploads\/2015\/06\/motor-300x252.jpg 300w, https:\/\/gft.eu\/wp-content\/uploads\/2015\/06\/motor-555x466.jpg 555w, https:\/\/gft.eu\/wp-content\/uploads\/2015\/06\/motor.jpg 597w\" sizes=\"(max-width: 100px) 100vw, 100px\" \/><\/a><\/p>\n<\/div><\/div><\/div><div id=\"pgc-2331-8-1\"  class=\"panel-grid-cell\" ><div id=\"panel-2331-8-1-0\" class=\"so-panel widget widget_black-studio-tinymce widget_black_studio_tinymce panel-first-child panel-last-child\" data-index=\"23\" ><div class=\"textwidget\"><h4>FLM 830 E-Motor<\/h4>\n<h4>\n<\/div><\/div><\/div><div id=\"pgc-2331-8-2\"  class=\"panel-grid-cell\" ><div id=\"panel-2331-8-2-0\" class=\"so-panel widget widget_black-studio-tinymce widget_black_studio_tinymce panel-first-child panel-last-child\" data-index=\"24\" ><div class=\"textwidget\"><p>L\u00f6schen von Br\u00e4nden an elektrischen Ger\u00e4ten durch den Einsatz von geeigneten L\u00f6schmitteln<\/p>\n<p>\n<\/div><\/div><\/div><\/div><div id=\"pg-2331-9\"  class=\"panel-grid panel-no-style\" ><div id=\"pgc-2331-9-0\"  class=\"panel-grid-cell\" ><div id=\"panel-2331-9-0-0\" class=\"so-panel widget widget_black-studio-tinymce widget_black_studio_tinymce panel-first-child panel-last-child\" data-index=\"25\" ><div class=\"textwidget\"><p><a href=\"https:\/\/gft.eu\/wp-content\/uploads\/2020\/02\/Atrappe-Gasflasche.png\"><img loading=\"lazy\" decoding=\"async\" width=\"90\" height=\"183\" class=\" wp-image-3105 aligncenter\" alt=\"\" src=\"https:\/\/gft.eu\/wp-content\/uploads\/2020\/02\/Atrappe-Gasflasche.png\"><\/a><\/p>\n<\/div><\/div><\/div><div id=\"pgc-2331-9-1\"  class=\"panel-grid-cell\" ><div id=\"panel-2331-9-1-0\" class=\"so-panel widget widget_black-studio-tinymce widget_black_studio_tinymce panel-first-child panel-last-child\" data-index=\"26\" ><div class=\"textwidget\"><h4>FLM 900\u00a0Gasflaschen\u00adbrand\u00a0\u00a0Aktiv-Attrappe\u00a0f\u00fcr FLT 200+400<\/h4>\n<h4>\n<\/div><\/div><\/div><div id=\"pgc-2331-9-2\"  class=\"panel-grid-cell\" ><div id=\"panel-2331-9-2-0\" class=\"so-panel widget widget_black-studio-tinymce widget_black_studio_tinymce panel-first-child panel-last-child\" data-index=\"27\" ><div class=\"textwidget\"><p>Erlernen des richtigen Umgangs mit defekten Gasflaschen,\u00a0z.B. bei Ventilbruch<\/p>\n<p>\n<\/div><\/div><\/div><\/div><div id=\"pg-2331-10\"  class=\"panel-grid panel-no-style\" ><div id=\"pgc-2331-10-0\"  class=\"panel-grid-cell\" ><div id=\"panel-2331-10-0-0\" class=\"so-panel widget widget_black-studio-tinymce widget_black_studio_tinymce panel-first-child panel-last-child\" data-index=\"28\" ><div class=\"textwidget\"><p><a href=\"https:\/\/gft.eu\/wp-content\/uploads\/2015\/06\/flansch.jpg\"><img loading=\"lazy\" decoding=\"async\" class=\"  wp-image-2520 aligncenter\" src=\"https:\/\/gft.eu\/wp-content\/uploads\/2015\/06\/flansch.jpg\" alt=\"flansch\" width=\"100\" height=\"88\" \/><\/a><\/p>\n<\/div><\/div><\/div><div id=\"pgc-2331-10-1\"  class=\"panel-grid-cell\" ><div id=\"panel-2331-10-1-0\" class=\"so-panel widget widget_black-studio-tinymce widget_black_studio_tinymce panel-first-child panel-last-child\" data-index=\"29\" ><div class=\"textwidget\"><h4>FLM 905\u00a0Flansch Aktiv-Attrappe\u00a0f\u00fcr FLT 200+400<\/h4>\n<h4>\n<\/div><\/div><\/div><div id=\"pgc-2331-10-2\"  class=\"panel-grid-cell\" ><div id=\"panel-2331-10-2-0\" class=\"so-panel widget widget_black-studio-tinymce widget_black_studio_tinymce panel-first-child panel-last-child\" data-index=\"30\" ><div class=\"textwidget\"><p>Erlernen des richtigen Umgangs mit Leckagen an\u00a0Rohrleitungssystemen<\/p>\n<p>\n<\/div><\/div><\/div><\/div><div id=\"pg-2331-11\"  class=\"panel-grid panel-no-style\" ><div id=\"pgc-2331-11-0\"  class=\"panel-grid-cell\" ><div id=\"panel-2331-11-0-0\" class=\"so-panel widget widget_black-studio-tinymce widget_black_studio_tinymce panel-first-child panel-last-child\" data-index=\"31\" ><div class=\"textwidget\"><p><a href=\"https:\/\/gft.eu\/wp-content\/uploads\/2015\/06\/firewheel.jpg\"><img loading=\"lazy\" decoding=\"async\" class=\"  wp-image-2522 aligncenter\" src=\"https:\/\/gft.eu\/wp-content\/uploads\/2015\/06\/firewheel.jpg\" alt=\"firewheel\" width=\"100\" height=\"96\" \/><\/a><\/p>\n<\/div><\/div><\/div><div id=\"pgc-2331-11-1\"  class=\"panel-grid-cell\" ><div id=\"panel-2331-11-1-0\" class=\"so-panel widget widget_black-studio-tinymce widget_black_studio_tinymce panel-first-child panel-last-child\" data-index=\"32\" ><div class=\"textwidget\"><h4>FLM 950\u00a0FireWheel Aktiv-Attrappe f\u00fcr FLT 200+400<\/h4>\n<h4>\n<\/div><\/div><\/div><div id=\"pgc-2331-11-2\"  class=\"panel-grid-cell\" ><div id=\"panel-2331-11-2-0\" class=\"so-panel widget widget_black-studio-tinymce widget_black_studio_tinymce panel-first-child panel-last-child\" data-index=\"33\" ><div class=\"textwidget\"><p>L\u00f6schen eines Reifenbrandes<\/p>\n<p>\n<\/div><\/div><\/div><\/div><\/div>","protected":false},"excerpt":{"rendered":"<p>Diese Aufsatzmodule zur Darstellung verschiedener Brandszenarien passen auf die GFT FireXTrainer\u00ae.<\/p>\n","protected":false},"author":1,"featured_media":2332,"parent":2489,"menu_order":0,"comment_status":"closed","ping_status":"open","template":"","meta":{"ngg_post_thumbnail":0,"footnotes":""},"_links":{"self":[{"href":"https:\/\/gft.eu\/de\/wp-json\/wp\/v2\/pages\/2331"}],"collection":[{"href":"https:\/\/gft.eu\/de\/wp-json\/wp\/v2\/pages"}],"about":[{"href":"https:\/\/gft.eu\/de\/wp-json\/wp\/v2\/types\/page"}],"author":[{"embeddable":true,"href":"https:\/\/gft.eu\/de\/wp-json\/wp\/v2\/users\/1"}],"replies":[{"embeddable":true,"href":"https:\/\/gft.eu\/de\/wp-json\/wp\/v2\/comments?post=2331"}],"version-history":[{"count":43,"href":"https:\/\/gft.eu\/de\/wp-json\/wp\/v2\/pages\/2331\/revisions"}],"predecessor-version":[{"id":3110,"href":"https:\/\/gft.eu\/de\/wp-json\/wp\/v2\/pages\/2331\/revisions\/3110"}],"up":[{"embeddable":true,"href":"https:\/\/gft.eu\/de\/wp-json\/wp\/v2\/pages\/2489"}],"wp:featuredmedia":[{"embeddable":true,"href":"https:\/\/gft.eu\/de\/wp-json\/wp\/v2\/media\/2332"}],"wp:attachment":[{"href":"https:\/\/gft.eu\/de\/wp-json\/wp\/v2\/media?parent=2331"}],"curies":[{"name":"wp","href":"https:\/\/api.w.org\/{rel}","templated":true}]}}