{"id":2424,"date":"2015-06-04T23:54:09","date_gmt":"2015-06-04T21:54:09","guid":{"rendered":"https:\/\/www.gft.eu\/?page_id=2424"},"modified":"2023-07-13T10:20:58","modified_gmt":"2023-07-13T08:20:58","slug":"gft-fuellstation","status":"publish","type":"page","link":"https:\/\/gft.eu\/de\/unsere-produkte\/zubehoer\/gft-fuellstation\/","title":{"rendered":"GFT FillingStation"},"content":{"rendered":"<div id=\"pl-2424\"  class=\"panel-layout\" ><div id=\"pg-2424-0\"  class=\"panel-grid panel-no-style\" ><div id=\"pgc-2424-0-0\"  class=\"panel-grid-cell\" ><div id=\"panel-2424-0-0-0\" class=\"so-panel widget widget_black-studio-tinymce widget_black_studio_tinymce panel-first-child\" data-index=\"0\" ><div class=\"textwidget\"><p><a href=\"https:\/\/gft.eu\/wp-content\/uploads\/2020\/01\/Fillingstation-Wasser.png\"><img loading=\"lazy\" decoding=\"async\" width=\"300\" height=\"251\" class=\"alignnone size-medium wp-image-2971\" alt=\"\" src=\"https:\/\/gft.eu\/wp-content\/uploads\/2020\/01\/Fillingstation-Wasser-300x251.png\" srcset=\"https:\/\/gft.eu\/wp-content\/uploads\/2020\/01\/Fillingstation-Wasser-300x251.png 300w, https:\/\/gft.eu\/wp-content\/uploads\/2020\/01\/Fillingstation-Wasser-768x642.png 768w, https:\/\/gft.eu\/wp-content\/uploads\/2020\/01\/Fillingstation-Wasser-555x464.png 555w, https:\/\/gft.eu\/wp-content\/uploads\/2020\/01\/Fillingstation-Wasser.png 795w\" sizes=\"(max-width: 300px) 100vw, 300px\" \/><\/a><\/p>\n<p>FLZ 7620 Fillingstation-Set Water<\/p>\n<\/div><\/div><div id=\"panel-2424-0-0-1\" class=\"so-panel widget widget_black-studio-tinymce widget_black_studio_tinymce panel-last-child\" data-index=\"1\" ><div class=\"textwidget\"><p><a href=\"https:\/\/gft.eu\/wp-content\/uploads\/2020\/01\/Fillingstation-Water-Foam.png\"><img loading=\"lazy\" decoding=\"async\" width=\"300\" height=\"243\" class=\"alignnone size-medium wp-image-2995\" alt=\"\" src=\"https:\/\/gft.eu\/wp-content\/uploads\/2020\/01\/Fillingstation-Water-Foam-300x243.png\" srcset=\"https:\/\/gft.eu\/wp-content\/uploads\/2020\/01\/Fillingstation-Water-Foam-300x243.png 300w, https:\/\/gft.eu\/wp-content\/uploads\/2020\/01\/Fillingstation-Water-Foam-555x450.png 555w, https:\/\/gft.eu\/wp-content\/uploads\/2020\/01\/Fillingstation-Water-Foam.png 696w\" sizes=\"(max-width: 300px) 100vw, 300px\" \/><\/a><\/p>\n<p>FLZ 7630 Fillingstation-Set Water\/Foam<\/p>\n<\/div><\/div><\/div><div id=\"pgc-2424-0-1\"  class=\"panel-grid-cell\" ><div id=\"panel-2424-0-1-0\" class=\"so-panel widget widget_black-studio-tinymce widget_black_studio_tinymce panel-first-child panel-last-child\" data-index=\"2\" ><div class=\"textwidget\"><h3 id=\"cc-m-header-11193656927\">Die EINZIGE PATENTIERTE F\u00fcllstation. Nat\u00fcrlich von GFT.<\/h3>\n<p>&nbsp;<\/p>\n<div>Ersparen Sie sich das l\u00e4stige und zeitraubende Wiederbef\u00fcllen der Feuerl\u00f6scher von Hand. Mit der patentierten F\u00fcllstation von GFT machen Sie das auf Knopfdruck in weniger als 2 Minuten. In einem Arbeitsgang bef\u00fcllen Sie Ihre Feuerl\u00f6scher mit Pressluft und Wasser oder je nach Model auch mit Schaummittel. Einfachste Handhabung durch nur eine Person.<\/div>\n<div>&nbsp;<\/div>\n<ul>\n<li>Mit Schnell-Kupplung<\/li>\n<li>Kein Montieren oder Schrauben<\/li>\n<li>F\u00fcr beliebige L\u00f6schergr\u00f6ssen einsetzbar<\/li>\n<li>Auch mit Schaumzusatz erh\u00e4ltlich!<\/li>\n<li>Jetzt auch mit CO2-L\u00f6schsimulation <span style=\"color: #ff0000;\"><em>NEU!<\/em><\/span><\/li>\n<\/ul>\n<p>&nbsp;<\/p>\n<p>W\u00e4hlen Sie das passende Set:<\/p>\n<ul>\n<li>FLZ 7620 Fillingstation-Set Wasser inklusive 2 \u00dcbungsl\u00f6scher<\/li>\n<li>FLZ 7630 Fillingstation-Set Wasser\/Schaum inklusive 2 \u00dcbungsl\u00f6scher<\/li>\n<li>FLZ 7640 Fillingstation-Set Wasser\/Schaum\/CO2 inclisive 2 \u00dcbungsl\u00f6scher 9L und 2 \u00dcbungsl\u00f6scher 6L<\/li>\n<\/ul>\n<p>&nbsp;<\/p>\n<div>\n<div id=\"cc-m-11193775627\" class=\"n j-header \">\n<h3 id=\"cc-m-header-11193775627\"><span style=\"color: #ff0000;\">Mancher hat kopiert - doch nur GFT hat das Patent erhalten!<\/span><\/h3>\n<p>&nbsp;<\/p><\/div>\n<h3>\n<\/div><\/div><\/div><\/div><\/div>","protected":false},"excerpt":{"rendered":"<p>Ersparen Sie sich das l\u00e4stige und zeitraubende Wiederbef\u00fcllen der Feuerl\u00f6scher von Hand. Mit der patentierten F\u00fcllstation von GFT machen Sie das auf Knopfdruck in weniger als 2 Minuten. Einfachste Handhabung durch nur eine Person.<\/p>\n","protected":false},"author":1,"featured_media":2425,"parent":2489,"menu_order":0,"comment_status":"closed","ping_status":"closed","template":"","meta":{"ngg_post_thumbnail":0,"footnotes":""},"_links":{"self":[{"href":"https:\/\/gft.eu\/de\/wp-json\/wp\/v2\/pages\/2424"}],"collection":[{"href":"https:\/\/gft.eu\/de\/wp-json\/wp\/v2\/pages"}],"about":[{"href":"https:\/\/gft.eu\/de\/wp-json\/wp\/v2\/types\/page"}],"author":[{"embeddable":true,"href":"https:\/\/gft.eu\/de\/wp-json\/wp\/v2\/users\/1"}],"replies":[{"embeddable":true,"href":"https:\/\/gft.eu\/de\/wp-json\/wp\/v2\/comments?post=2424"}],"version-history":[{"count":14,"href":"https:\/\/gft.eu\/de\/wp-json\/wp\/v2\/pages\/2424\/revisions"}],"predecessor-version":[{"id":3927,"href":"https:\/\/gft.eu\/de\/wp-json\/wp\/v2\/pages\/2424\/revisions\/3927"}],"up":[{"embeddable":true,"href":"https:\/\/gft.eu\/de\/wp-json\/wp\/v2\/pages\/2489"}],"wp:featuredmedia":[{"embeddable":true,"href":"https:\/\/gft.eu\/de\/wp-json\/wp\/v2\/media\/2425"}],"wp:attachment":[{"href":"https:\/\/gft.eu\/de\/wp-json\/wp\/v2\/media?parent=2424"}],"curies":[{"name":"wp","href":"https:\/\/api.w.org\/{rel}","templated":true}]}}