{"id":2427,"date":"2015-06-04T23:56:26","date_gmt":"2015-06-04T21:56:26","guid":{"rendered":"https:\/\/www.gft.eu\/?page_id=2427"},"modified":"2015-06-17T13:18:18","modified_gmt":"2015-06-17T11:18:18","slug":"gft-fuellstation-2","status":"publish","type":"page","link":"https:\/\/gft.eu\/de\/unsere-produkte\/zubehoer\/gft-uebungsloescher\/","title":{"rendered":"GFT \u00dcbungsl\u00f6scher"},"content":{"rendered":"<div id=\"pl-2427\"  class=\"panel-layout\" ><div id=\"pg-2427-0\"  class=\"panel-grid panel-no-style\" ><div id=\"pgc-2427-0-0\"  class=\"panel-grid-cell\" ><div id=\"panel-2427-0-0-0\" class=\"so-panel widget widget_black-studio-tinymce widget_black_studio_tinymce panel-first-child panel-last-child\" data-index=\"0\" ><div class=\"textwidget\"><p><a href=\"https:\/\/gft.eu\/wp-content\/uploads\/2015\/06\/\u00dcbungsl\u00f6scher-NEU.jpg\"><img loading=\"lazy\" decoding=\"async\" class=\"alignnone wp-image-2428 size-full\" src=\"https:\/\/gft.eu\/wp-content\/uploads\/2015\/06\/\u00dcbungsl\u00f6scher-NEU.jpg\" alt=\"\u00dcbungsl\u00f6scher---NEU\" width=\"1579\" height=\"1981\" srcset=\"https:\/\/gft.eu\/wp-content\/uploads\/2015\/06\/\u00dcbungsl\u00f6scher-NEU.jpg 1579w, https:\/\/gft.eu\/wp-content\/uploads\/2015\/06\/\u00dcbungsl\u00f6scher-NEU-239x300.jpg 239w, https:\/\/gft.eu\/wp-content\/uploads\/2015\/06\/\u00dcbungsl\u00f6scher-NEU-816x1024.jpg 816w, https:\/\/gft.eu\/wp-content\/uploads\/2015\/06\/\u00dcbungsl\u00f6scher-NEU-442x555.jpg 442w\" sizes=\"(max-width: 1579px) 100vw, 1579px\" \/><\/a><\/p>\n<\/div><\/div><\/div><div id=\"pgc-2427-0-1\"  class=\"panel-grid-cell\" ><div id=\"panel-2427-0-1-0\" class=\"so-panel widget widget_black-studio-tinymce widget_black_studio_tinymce panel-first-child panel-last-child\" data-index=\"1\" ><div class=\"textwidget\"><h3 id=\"cc-m-header-11193755427\" class=\"\">\u00dcbungsl\u00f6scher von GFT<\/h3>\n<div style=\"text-align: left;\">\n<p>Im Prinzip ist es m\u00f6glich, alle Arten von L\u00f6schmitteln bei \u00dcbungen mit GFT FireXTrainern\u00ae zu verwenden. Praktisch aber bedeutet der Einsatz von Schaum, Pulver oder CO\u00b2 hohe laufende Kosten f\u00fcr Schulungen, sowie Umweltbelastung und weitere Kosten bei der Entsorgung.<\/p>\n<p>Um Brand\u00fcbungen wirtschaftlicher und umweltfreundlicher zu machen, sind nachf\u00fcllbare Wasser- und Schauml\u00f6scher die bevorzugte Wahl.<\/p>\n<p>Beachten Sie dabei bitte auch unsere patentierte\u00a0<a href=\"https:\/\/gft.eu\/unsere-produkte\/zubehoer\/gft-fuellstation\/\">F\u00fcllstation<\/a>.<\/p>\n<h3 class=\"\">\n<\/div><\/div><\/div><\/div><\/div>","protected":false},"excerpt":{"rendered":"<p>Um Brand\u00fcbungen wirtschaftlicher &#038; umweltfreundlicher zu machen, sind nachf\u00fcllbare Wasserl\u00f6scher die bevor\u00adzugte Wahl.<\/p>\n","protected":false},"author":1,"featured_media":2428,"parent":2489,"menu_order":0,"comment_status":"closed","ping_status":"closed","template":"","meta":{"ngg_post_thumbnail":0,"footnotes":""},"_links":{"self":[{"href":"https:\/\/gft.eu\/de\/wp-json\/wp\/v2\/pages\/2427"}],"collection":[{"href":"https:\/\/gft.eu\/de\/wp-json\/wp\/v2\/pages"}],"about":[{"href":"https:\/\/gft.eu\/de\/wp-json\/wp\/v2\/types\/page"}],"author":[{"embeddable":true,"href":"https:\/\/gft.eu\/de\/wp-json\/wp\/v2\/users\/1"}],"replies":[{"embeddable":true,"href":"https:\/\/gft.eu\/de\/wp-json\/wp\/v2\/comments?post=2427"}],"version-history":[{"count":6,"href":"https:\/\/gft.eu\/de\/wp-json\/wp\/v2\/pages\/2427\/revisions"}],"predecessor-version":[{"id":2843,"href":"https:\/\/gft.eu\/de\/wp-json\/wp\/v2\/pages\/2427\/revisions\/2843"}],"up":[{"embeddable":true,"href":"https:\/\/gft.eu\/de\/wp-json\/wp\/v2\/pages\/2489"}],"wp:featuredmedia":[{"embeddable":true,"href":"https:\/\/gft.eu\/de\/wp-json\/wp\/v2\/media\/2428"}],"wp:attachment":[{"href":"https:\/\/gft.eu\/de\/wp-json\/wp\/v2\/media?parent=2427"}],"curies":[{"name":"wp","href":"https:\/\/api.w.org\/{rel}","templated":true}]}}