{"id":2433,"date":"2015-06-05T09:02:46","date_gmt":"2015-06-05T07:02:46","guid":{"rendered":"https:\/\/www.gft.eu\/?page_id=2433"},"modified":"2020-05-21T21:26:47","modified_gmt":"2020-05-21T19:26:47","slug":"gft-fuellstation-3","status":"publish","type":"page","link":"https:\/\/gft.eu\/de\/unsere-produkte\/gft-flashover\/","title":{"rendered":"GFT FlashOver"},"content":{"rendered":"<div id=\"pl-2433\"  class=\"panel-layout\" ><div id=\"pg-2433-0\"  class=\"panel-grid panel-no-style\" ><div id=\"pgc-2433-0-0\"  class=\"panel-grid-cell\" ><div id=\"panel-2433-0-0-0\" class=\"so-panel widget widget_black-studio-tinymce widget_black_studio_tinymce panel-first-child panel-last-child\" data-index=\"0\" ><div class=\"textwidget\"><p><a href=\"https:\/\/gft.eu\/wp-content\/uploads\/2015\/06\/FlashOver-gezoomt-image55.jpg\"><img loading=\"lazy\" decoding=\"async\" class=\"alignnone  wp-image-2434\" src=\"https:\/\/gft.eu\/wp-content\/uploads\/2015\/06\/FlashOver-gezoomt-image55-300x281.jpg\" alt=\"FlashOver-gezoomt-image55\" width=\"450\" height=\"365\" \/><\/a><\/p>\n<\/div><\/div><\/div><div id=\"pgc-2433-0-1\"  class=\"panel-grid-cell\" ><div id=\"panel-2433-0-1-0\" class=\"so-panel widget widget_black-studio-tinymce widget_black_studio_tinymce panel-first-child panel-last-child\" data-index=\"1\" ><div class=\"textwidget\"><h3>Der wahrscheinlich realistischste Gasbetriebene FlashOver auf dem Markt.<\/h3>\n<p>&nbsp;<\/p>\n<p>Mit diesem Feuertrainer simulieren Sie eine beeindruckende Rauchgasdurchz\u00fcndung. Nach der automatischen Z\u00fcndung und \u00dcberwachung der Pilotflamme l\u00f6sen Sie die FlashOver-Z\u00fcndung auf sichere Weise manuell \u00fcber die Handfernsteuerung aus.<\/p>\n<p>&nbsp;<\/p>\n<h3>\n<\/div><\/div><\/div><\/div><div id=\"pg-2433-1\"  class=\"panel-grid panel-no-style\" ><div id=\"pgc-2433-1-0\"  class=\"panel-grid-cell\" ><div id=\"panel-2433-1-0-0\" class=\"so-panel widget widget_black-studio-tinymce widget_black_studio_tinymce panel-first-child panel-last-child\" data-index=\"2\" ><div class=\"textwidget\"><p><a href=\"https:\/\/gft.eu\/wp-content\/uploads\/2015\/06\/image-5.jpg\"><img loading=\"lazy\" decoding=\"async\" width=\"661\" height=\"495\" class=\"alignnone size-full wp-image-2558\" alt=\"\" src=\"https:\/\/gft.eu\/wp-content\/uploads\/2015\/06\/image-5.jpg\" srcset=\"https:\/\/gft.eu\/wp-content\/uploads\/2015\/06\/image-5.jpg 661w, https:\/\/gft.eu\/wp-content\/uploads\/2015\/06\/image-5-300x225.jpg 300w, https:\/\/gft.eu\/wp-content\/uploads\/2015\/06\/image-5-555x416.jpg 555w, https:\/\/gft.eu\/wp-content\/uploads\/2015\/06\/image-5-100x75.jpg 100w\" sizes=\"(max-width: 661px) 100vw, 661px\" \/><\/a><\/p>\n<\/div><\/div><\/div><div id=\"pgc-2433-1-1\"  class=\"panel-grid-cell\" ><div id=\"panel-2433-1-1-0\" class=\"so-panel widget widget_black-studio-tinymce widget_black_studio_tinymce panel-first-child panel-last-child\" data-index=\"3\" ><div class=\"textwidget\"><p>&nbsp;<\/p>\n<p><a href=\"https:\/\/gft.eu\/wp-content\/uploads\/2020\/03\/Pilotflamme.png\"><img loading=\"lazy\" decoding=\"async\" width=\"267\" height=\"291\" class=\"alignnone size-full wp-image-3265\" alt=\"\" src=\"https:\/\/gft.eu\/wp-content\/uploads\/2020\/03\/Pilotflamme.png\"><\/a><\/p>\n<p>&nbsp;<\/p>\n<p>&nbsp;<\/p>\n<\/div><\/div><\/div><\/div><\/div>","protected":false},"excerpt":{"rendered":"<p>Der wahrscheinlich realistischste Gasbetriebene FlashOver auf dem Markt.<\/p>\n","protected":false},"author":1,"featured_media":2434,"parent":49,"menu_order":0,"comment_status":"closed","ping_status":"open","template":"","meta":{"ngg_post_thumbnail":0,"footnotes":""},"_links":{"self":[{"href":"https:\/\/gft.eu\/de\/wp-json\/wp\/v2\/pages\/2433"}],"collection":[{"href":"https:\/\/gft.eu\/de\/wp-json\/wp\/v2\/pages"}],"about":[{"href":"https:\/\/gft.eu\/de\/wp-json\/wp\/v2\/types\/page"}],"author":[{"embeddable":true,"href":"https:\/\/gft.eu\/de\/wp-json\/wp\/v2\/users\/1"}],"replies":[{"embeddable":true,"href":"https:\/\/gft.eu\/de\/wp-json\/wp\/v2\/comments?post=2433"}],"version-history":[{"count":14,"href":"https:\/\/gft.eu\/de\/wp-json\/wp\/v2\/pages\/2433\/revisions"}],"predecessor-version":[{"id":3461,"href":"https:\/\/gft.eu\/de\/wp-json\/wp\/v2\/pages\/2433\/revisions\/3461"}],"up":[{"embeddable":true,"href":"https:\/\/gft.eu\/de\/wp-json\/wp\/v2\/pages\/49"}],"wp:featuredmedia":[{"embeddable":true,"href":"https:\/\/gft.eu\/de\/wp-json\/wp\/v2\/media\/2434"}],"wp:attachment":[{"href":"https:\/\/gft.eu\/de\/wp-json\/wp\/v2\/media?parent=2433"}],"curies":[{"name":"wp","href":"https:\/\/api.w.org\/{rel}","templated":true}]}}