{"id":2458,"date":"2015-06-05T09:30:19","date_gmt":"2015-06-05T07:30:19","guid":{"rendered":"https:\/\/www.gft.eu\/?page_id=2458"},"modified":"2015-06-08T20:45:16","modified_gmt":"2015-06-08T18:45:16","slug":"gft-gasbottlefire","status":"publish","type":"page","link":"https:\/\/gft.eu\/de\/unsere-produkte\/gft-firetrainer-brandmodule-fuer-den-professionellen-einsatz\/gft-gasbottlefire\/","title":{"rendered":"GFT GasBottleFire"},"content":{"rendered":"<div id=\"pl-2458\"  class=\"panel-layout\" ><div id=\"pg-2458-0\"  class=\"panel-grid panel-no-style\" ><div id=\"pgc-2458-0-0\"  class=\"panel-grid-cell\" ><div id=\"panel-2458-0-0-0\" class=\"so-panel widget widget_black-studio-tinymce widget_black_studio_tinymce panel-first-child panel-last-child\" data-index=\"0\" ><div class=\"textwidget\"><p><a href=\"https:\/\/gft.eu\/wp-content\/uploads\/2015\/06\/Szimulator-090.jpg\"><img loading=\"lazy\" decoding=\"async\" class=\"alignnone  wp-image-2460\" src=\"https:\/\/gft.eu\/wp-content\/uploads\/2015\/06\/Szimulator-090-300x225.jpg\" alt=\"Szimulator-090\" width=\"410\" height=\"308\" srcset=\"https:\/\/gft.eu\/wp-content\/uploads\/2015\/06\/Szimulator-090-300x225.jpg 300w, https:\/\/gft.eu\/wp-content\/uploads\/2015\/06\/Szimulator-090-1024x768.jpg 1024w, https:\/\/gft.eu\/wp-content\/uploads\/2015\/06\/Szimulator-090-555x416.jpg 555w, https:\/\/gft.eu\/wp-content\/uploads\/2015\/06\/Szimulator-090-100x75.jpg 100w, https:\/\/gft.eu\/wp-content\/uploads\/2015\/06\/Szimulator-090.jpg 1200w\" sizes=\"(max-width: 410px) 100vw, 410px\" \/><\/a><\/p>\n<p><a href=\"https:\/\/gft.eu\/wp-content\/uploads\/2015\/06\/Gas-Cylinder-Fire-Gasflaschenbrand-Kuwait.jpg\"><img loading=\"lazy\" decoding=\"async\" class=\"alignnone  wp-image-2461\" src=\"https:\/\/gft.eu\/wp-content\/uploads\/2015\/06\/Gas-Cylinder-Fire-Gasflaschenbrand-Kuwait-300x225.jpg\" alt=\"Gas-Cylinder-Fire---Gasflaschenbrand-Kuwait\" width=\"410\" height=\"307\" srcset=\"https:\/\/gft.eu\/wp-content\/uploads\/2015\/06\/Gas-Cylinder-Fire-Gasflaschenbrand-Kuwait-300x225.jpg 300w, https:\/\/gft.eu\/wp-content\/uploads\/2015\/06\/Gas-Cylinder-Fire-Gasflaschenbrand-Kuwait-1024x768.jpg 1024w, https:\/\/gft.eu\/wp-content\/uploads\/2015\/06\/Gas-Cylinder-Fire-Gasflaschenbrand-Kuwait-555x416.jpg 555w, https:\/\/gft.eu\/wp-content\/uploads\/2015\/06\/Gas-Cylinder-Fire-Gasflaschenbrand-Kuwait-100x75.jpg 100w, https:\/\/gft.eu\/wp-content\/uploads\/2015\/06\/Gas-Cylinder-Fire-Gasflaschenbrand-Kuwait.jpg 1200w\" sizes=\"(max-width: 410px) 100vw, 410px\" \/><\/a><\/p>\n<\/div><\/div><\/div><div id=\"pgc-2458-0-1\"  class=\"panel-grid-cell\" ><div id=\"panel-2458-0-1-0\" class=\"so-panel widget widget_black-studio-tinymce widget_black_studio_tinymce panel-first-child panel-last-child\" data-index=\"1\" ><div class=\"textwidget\"><h3>Darstellungsger\u00e4t zum Erlernen des korrekten Umgangs mit hei\u00dfen,\u00a0brennenden Gasflaschen oder anderen Druckbeh\u00e4ltern.<\/h3>\n<ul>\n<li>Fl\u00e4chenbrand unter den Gasflaschen<\/li>\n<li>Ventilbrand, einzeln abstellbar<\/li>\n<\/ul>\n<h3>\n<\/div><\/div><\/div><\/div><\/div>","protected":false},"excerpt":{"rendered":"<p>Darstellungsger\u00e4t zum Erlernen des korrekten Umgangs mit hei\u00dfen, brennenden Gasflaschen oder anderen Druckbeh\u00e4ltern.<\/p>\n","protected":false},"author":1,"featured_media":2460,"parent":2557,"menu_order":0,"comment_status":"closed","ping_status":"closed","template":"","meta":{"ngg_post_thumbnail":0,"footnotes":""},"_links":{"self":[{"href":"https:\/\/gft.eu\/de\/wp-json\/wp\/v2\/pages\/2458"}],"collection":[{"href":"https:\/\/gft.eu\/de\/wp-json\/wp\/v2\/pages"}],"about":[{"href":"https:\/\/gft.eu\/de\/wp-json\/wp\/v2\/types\/page"}],"author":[{"embeddable":true,"href":"https:\/\/gft.eu\/de\/wp-json\/wp\/v2\/users\/1"}],"replies":[{"embeddable":true,"href":"https:\/\/gft.eu\/de\/wp-json\/wp\/v2\/comments?post=2458"}],"version-history":[{"count":5,"href":"https:\/\/gft.eu\/de\/wp-json\/wp\/v2\/pages\/2458\/revisions"}],"predecessor-version":[{"id":2767,"href":"https:\/\/gft.eu\/de\/wp-json\/wp\/v2\/pages\/2458\/revisions\/2767"}],"up":[{"embeddable":true,"href":"https:\/\/gft.eu\/de\/wp-json\/wp\/v2\/pages\/2557"}],"wp:featuredmedia":[{"embeddable":true,"href":"https:\/\/gft.eu\/de\/wp-json\/wp\/v2\/media\/2460"}],"wp:attachment":[{"href":"https:\/\/gft.eu\/de\/wp-json\/wp\/v2\/media?parent=2458"}],"curies":[{"name":"wp","href":"https:\/\/api.w.org\/{rel}","templated":true}]}}