{"id":2489,"date":"2015-06-06T09:19:13","date_gmt":"2015-06-06T07:19:13","guid":{"rendered":"https:\/\/www.gft.eu\/?page_id=2489"},"modified":"2020-02-23T23:56:20","modified_gmt":"2020-02-23T22:56:20","slug":"zubehoer","status":"publish","type":"page","link":"https:\/\/gft.eu\/de\/unsere-produkte\/zubehoer\/","title":{"rendered":"Zubeh\u00f6r"},"content":{"rendered":"<div id=\"pl-2489\"  class=\"panel-layout\" ><div id=\"pg-2489-0\"  class=\"panel-grid panel-no-style\" ><div id=\"pgc-2489-0-0\"  class=\"panel-grid-cell\" ><div id=\"panel-2489-0-0-0\" class=\"so-panel widget widget_pt_featured_page widget-featured-page panel-first-child panel-last-child\" data-index=\"0\" >\t\t\t\t<div class=\"page-box page-box--block post-2489 page type-page status-publish has-post-thumbnail hentry\">\n\t\t\t\t\t<a class=\"page-box__picture\" href=\"https:\/\/gft.eu\/de\/unsere-produkte\/zubehoer\/attrappen-bzw-aufsatz-module\/\"><img loading=\"lazy\" decoding=\"async\" width=\"360\" height=\"240\" src=\"https:\/\/gft.eu\/wp-content\/uploads\/2015\/06\/papierkorb-360x240.jpg\" class=\"attachment-page-box size-page-box wp-post-image\" alt=\"\" \/><\/a>\n\t\t\t\t\t<div class=\"page-box__content\">\n\t\t\t\t\t\t<h5 class=\"page-box__title  text-uppercase\"><a href=\"https:\/\/gft.eu\/de\/unsere-produkte\/zubehoer\/attrappen-bzw-aufsatz-module\/\">Attrappen- bzw. Aufsatz-Module<\/a><\/h5>\n\t\t\t\t\t\t<p>Diese Aufsatzmodule zur Darstellung verschiedener Brandszenarien passen auf die GFT FireXTrainer\u00ae.<\/p>\n\t\t\t\t\t\t\t\t\t\t\t\t\t<p><a href=\"https:\/\/gft.eu\/de\/unsere-produkte\/zubehoer\/attrappen-bzw-aufsatz-module\/\" class=\"read-more  read-more--page-box\">Mehr lesen<\/a><\/p>\n\t\t\t\t\t\t\t\t\t\t\t<\/div>\n\t\t\t\t<\/div>\n\n\t\t\t<\/div><\/div><div id=\"pgc-2489-0-1\"  class=\"panel-grid-cell\" ><div id=\"panel-2489-0-1-0\" class=\"so-panel widget widget_pt_featured_page widget-featured-page panel-first-child panel-last-child\" data-index=\"1\" >\t\t\t\t<div class=\"page-box page-box--block post-2489 page type-page status-publish has-post-thumbnail hentry\">\n\t\t\t\t\t<a class=\"page-box__picture\" href=\"https:\/\/gft.eu\/de\/unsere-produkte\/zubehoer\/gft-firebooster\/\"><img loading=\"lazy\" decoding=\"async\" width=\"360\" height=\"240\" src=\"https:\/\/gft.eu\/wp-content\/uploads\/2015\/06\/image-1-360x240.jpg\" class=\"attachment-page-box size-page-box wp-post-image\" alt=\"\" \/><\/a>\n\t\t\t\t\t<div class=\"page-box__content\">\n\t\t\t\t\t\t<h5 class=\"page-box__title  text-uppercase\"><a href=\"https:\/\/gft.eu\/de\/unsere-produkte\/zubehoer\/gft-firebooster\/\">GFT FireBooster\u00ae<\/a><\/h5>\n\t\t\t\t\t\t<p>FireBooster als optionale Zubeh\u00f6r \u2026<\/p>\n\t\t\t\t\t\t\t\t\t\t\t\t\t<p><a href=\"https:\/\/gft.eu\/de\/unsere-produkte\/zubehoer\/gft-firebooster\/\" class=\"read-more  read-more--page-box\">Mehr lesen<\/a><\/p>\n\t\t\t\t\t\t\t\t\t\t\t<\/div>\n\t\t\t\t<\/div>\n\n\t\t\t<\/div><\/div><div id=\"pgc-2489-0-2\"  class=\"panel-grid-cell\" ><div id=\"panel-2489-0-2-0\" class=\"so-panel widget widget_pt_featured_page widget-featured-page panel-first-child panel-last-child\" data-index=\"2\" >\t\t\t\t<div class=\"page-box page-box--block post-2489 page type-page status-publish has-post-thumbnail hentry\">\n\t\t\t\t\t<a class=\"page-box__picture\" href=\"https:\/\/gft.eu\/de\/unsere-produkte\/zubehoer\/die-automatische-loescherkennung-von-gft\/\"><img loading=\"lazy\" decoding=\"async\" width=\"360\" height=\"240\" src=\"https:\/\/gft.eu\/wp-content\/uploads\/2015\/06\/image-4-360x240.jpg\" class=\"attachment-page-box size-page-box wp-post-image\" alt=\"\" \/><\/a>\n\t\t\t\t\t<div class=\"page-box__content\">\n\t\t\t\t\t\t<h5 class=\"page-box__title  text-uppercase\"><a href=\"https:\/\/gft.eu\/de\/unsere-produkte\/zubehoer\/die-automatische-loescherkennung-von-gft\/\">Die Automatische L\u00f6scherkennung von GFT<\/a><\/h5>\n\t\t\t\t\t\t<p>Im Ger\u00e4t eingebaute Sensoren geben der Steuerung Feedback. Bei korrekter L\u00f6schtechnik schalten die Ventile die Gaszufuhr selbstt\u00e4tig ab. Die Automatische L\u00f6scherkennung von GFT funktioniert realistisch, einfach und sicher.<\/p>\n\t\t\t\t\t\t\t\t\t\t\t\t\t<p><a href=\"https:\/\/gft.eu\/de\/unsere-produkte\/zubehoer\/die-automatische-loescherkennung-von-gft\/\" class=\"read-more  read-more--page-box\">Mehr lesen<\/a><\/p>\n\t\t\t\t\t\t\t\t\t\t\t<\/div>\n\t\t\t\t<\/div>\n\n\t\t\t<\/div><\/div><\/div><div id=\"pg-2489-1\"  class=\"panel-grid panel-no-style\" ><div id=\"pgc-2489-1-0\"  class=\"panel-grid-cell\" ><div id=\"panel-2489-1-0-0\" class=\"so-panel widget widget_pt_featured_page widget-featured-page panel-first-child panel-last-child\" data-index=\"3\" >\t\t\t\t<div class=\"page-box page-box--block post-2489 page type-page status-publish has-post-thumbnail hentry\">\n\t\t\t\t\t<a class=\"page-box__picture\" href=\"https:\/\/gft.eu\/de\/unsere-produkte\/zubehoer\/gft-fuellstation\/\"><img loading=\"lazy\" decoding=\"async\" width=\"360\" height=\"240\" src=\"https:\/\/gft.eu\/wp-content\/uploads\/2015\/06\/FillingStation-mit-Schaum-NEU-360x240.jpg\" class=\"attachment-page-box size-page-box wp-post-image\" alt=\"\" \/><\/a>\n\t\t\t\t\t<div class=\"page-box__content\">\n\t\t\t\t\t\t<h5 class=\"page-box__title  text-uppercase\"><a href=\"https:\/\/gft.eu\/de\/unsere-produkte\/zubehoer\/gft-fuellstation\/\">GFT FillingStation<\/a><\/h5>\n\t\t\t\t\t\t<p>Ersparen Sie sich das l\u00e4stige und zeitraubende Wiederbef\u00fcllen der Feuerl\u00f6scher von Hand. Mit der patentierten F\u00fcllstation von GFT machen Sie das auf Knopfdruck in weniger als 2 Minuten. Einfachste Handhabung durch nur eine Person.<\/p>\n\t\t\t\t\t\t\t\t\t\t\t\t\t<p><a href=\"https:\/\/gft.eu\/de\/unsere-produkte\/zubehoer\/gft-fuellstation\/\" class=\"read-more  read-more--page-box\">Mehr lesen<\/a><\/p>\n\t\t\t\t\t\t\t\t\t\t\t<\/div>\n\t\t\t\t<\/div>\n\n\t\t\t<\/div><\/div><div id=\"pgc-2489-1-1\"  class=\"panel-grid-cell panel-grid-cell-mobile-last\" ><div id=\"panel-2489-1-1-0\" class=\"so-panel widget widget_pt_featured_page widget-featured-page panel-first-child panel-last-child\" data-index=\"4\" >\t\t\t\t<div class=\"page-box page-box--block post-2489 page type-page status-publish has-post-thumbnail hentry\">\n\t\t\t\t\t<a class=\"page-box__picture\" href=\"https:\/\/gft.eu\/de\/unsere-produkte\/zubehoer\/gft-uebungsloescher\/\"><img loading=\"lazy\" decoding=\"async\" width=\"360\" height=\"240\" src=\"https:\/\/gft.eu\/wp-content\/uploads\/2015\/06\/\u00dcbungsl\u00f6scher-NEU-360x240.jpg\" class=\"attachment-page-box size-page-box wp-post-image\" alt=\"\" \/><\/a>\n\t\t\t\t\t<div class=\"page-box__content\">\n\t\t\t\t\t\t<h5 class=\"page-box__title  text-uppercase\"><a href=\"https:\/\/gft.eu\/de\/unsere-produkte\/zubehoer\/gft-uebungsloescher\/\">GFT \u00dcbungsl\u00f6scher<\/a><\/h5>\n\t\t\t\t\t\t<p>Um Brand\u00fcbungen wirtschaftlicher &amp; umweltfreundlicher zu machen, sind nachf\u00fcllbare Wasserl\u00f6scher die bevor\u00adzugte Wahl.<\/p>\n\t\t\t\t\t\t\t\t\t\t\t\t\t<p><a href=\"https:\/\/gft.eu\/de\/unsere-produkte\/zubehoer\/gft-uebungsloescher\/\" class=\"read-more  read-more--page-box\">Mehr lesen<\/a><\/p>\n\t\t\t\t\t\t\t\t\t\t\t<\/div>\n\t\t\t\t<\/div>\n\n\t\t\t<\/div><\/div><div id=\"pgc-2489-1-2\"  class=\"panel-grid-cell panel-grid-cell-empty\" ><\/div><\/div><\/div>","protected":false},"excerpt":{"rendered":"<p>Hier finden Sie eine \u00dcbersicht unserer umfangreichen Zubeh\u00f6r \u2026<\/p>\n","protected":false},"author":1,"featured_media":3199,"parent":49,"menu_order":0,"comment_status":"closed","ping_status":"open","template":"","meta":{"ngg_post_thumbnail":0,"footnotes":""},"_links":{"self":[{"href":"https:\/\/gft.eu\/de\/wp-json\/wp\/v2\/pages\/2489"}],"collection":[{"href":"https:\/\/gft.eu\/de\/wp-json\/wp\/v2\/pages"}],"about":[{"href":"https:\/\/gft.eu\/de\/wp-json\/wp\/v2\/types\/page"}],"author":[{"embeddable":true,"href":"https:\/\/gft.eu\/de\/wp-json\/wp\/v2\/users\/1"}],"replies":[{"embeddable":true,"href":"https:\/\/gft.eu\/de\/wp-json\/wp\/v2\/comments?post=2489"}],"version-history":[{"count":18,"href":"https:\/\/gft.eu\/de\/wp-json\/wp\/v2\/pages\/2489\/revisions"}],"predecessor-version":[{"id":3201,"href":"https:\/\/gft.eu\/de\/wp-json\/wp\/v2\/pages\/2489\/revisions\/3201"}],"up":[{"embeddable":true,"href":"https:\/\/gft.eu\/de\/wp-json\/wp\/v2\/pages\/49"}],"wp:featuredmedia":[{"embeddable":true,"href":"https:\/\/gft.eu\/de\/wp-json\/wp\/v2\/media\/3199"}],"wp:attachment":[{"href":"https:\/\/gft.eu\/de\/wp-json\/wp\/v2\/media?parent=2489"}],"curies":[{"name":"wp","href":"https:\/\/api.w.org\/{rel}","templated":true}]}}