{"id":2545,"date":"2015-06-06T11:44:11","date_gmt":"2015-06-06T09:44:11","guid":{"rendered":"https:\/\/www.gft.eu\/?page_id=2545"},"modified":"2023-07-13T16:00:20","modified_gmt":"2023-07-13T14:00:20","slug":"gft-flag-trainer-flammable-liquids-and-gases","status":"publish","type":"page","link":"https:\/\/gft.eu\/de\/unsere-produkte\/zubehoer\/gft-flag-trainer-flammable-liquids-and-gases\/","title":{"rendered":"GFT FLAG-Trainer: Flammable Liquids and Gases"},"content":{"rendered":"<div id=\"pl-2545\"  class=\"panel-layout\" ><div id=\"pg-2545-0\"  class=\"panel-grid panel-no-style\" ><div id=\"pgc-2545-0-0\"  class=\"panel-grid-cell\" ><div id=\"panel-2545-0-0-0\" class=\"so-panel widget widget_black-studio-tinymce widget_black_studio_tinymce panel-first-child panel-last-child\" data-index=\"0\" ><div class=\"textwidget\"><p><a href=\"https:\/\/gft.eu\/wp-content\/uploads\/2015\/06\/FLAG-Fire-2-Deutschland.jpg\"><img loading=\"lazy\" decoding=\"async\" class=\"alignnone wp-image-2551 size-full\" src=\"https:\/\/gft.eu\/wp-content\/uploads\/2015\/06\/FLAG-Fire-2-Deutschland.jpg\" alt=\"FLAG-Fire-2-Deutschland\" width=\"1169\" height=\"672\" srcset=\"https:\/\/gft.eu\/wp-content\/uploads\/2015\/06\/FLAG-Fire-2-Deutschland.jpg 1169w, https:\/\/gft.eu\/wp-content\/uploads\/2015\/06\/FLAG-Fire-2-Deutschland-300x172.jpg 300w, https:\/\/gft.eu\/wp-content\/uploads\/2015\/06\/FLAG-Fire-2-Deutschland-1024x589.jpg 1024w, https:\/\/gft.eu\/wp-content\/uploads\/2015\/06\/FLAG-Fire-2-Deutschland-555x319.jpg 555w\" sizes=\"(max-width: 1169px) 100vw, 1169px\" \/><\/a><\/p>\n<\/div><\/div><\/div><div id=\"pgc-2545-0-1\"  class=\"panel-grid-cell\" ><div id=\"panel-2545-0-1-0\" class=\"so-panel widget widget_black-studio-tinymce widget_black_studio_tinymce panel-first-child panel-last-child\" data-index=\"1\" ><div class=\"textwidget\"><h3>Einzigartige Trainingsanlage als Tank und Flanschbrand.<\/h3>\n<p>&nbsp;<\/p>\n<p>Der GFT FLAG-Trainer ist ein Darstellungsger\u00e4t f\u00fcr das L\u00f6schtraining in Verbindung mit brennbaren Fl\u00fcssigkeiten und Gasen. Die Anlage ist so konzipiert, dass Flanschbr\u00e4nde, die z.B. in der Petrochemie entstehen, sehr realistisch dargestellt werden.<\/p>\n<p>Dieser FireTrainer kann als Flansch bis zu 4 kontrollierte Undichtigkeiten nacheinander oder gleichzeitig erzeugen. F\u00fcr gr\u00f6sste Sicherheit und Komfort: Per Sicherheitskabelfernbedienung werden mit einem Joystick die einzelnen Leckagen sicher ge\u00f6ffnet oder geschlossen. Dabei schie\u00dfen \u00fcber 7m lange Flammen in verschiedene angesteuerte Richtungen. Das Training besteht darin, die Flammen so anzugreifen, dass man die Flammen gezielt umlenkt, um am Flammenmeer vorbei das geeignete Ventil zu schlie\u00dfen.<\/p>\n<p>&nbsp;<\/p>\n<p><span style=\"color: #ff0000;\"><strong>Bei der genauen Spezifikation richten wir uns gern nach Ihnen. Wir bauen solche Ger\u00e4te zur station\u00e4ren&nbsp;Installation auf Ihrem Brand\u00fcbungsgel\u00e4nde oder auch als mobile Variante.&nbsp;<\/strong><\/span><\/p>\n<p>&nbsp;<\/p>\n<h3>\n<\/div><\/div><\/div><\/div><div id=\"pg-2545-1\"  class=\"panel-grid panel-no-style\" ><div id=\"pgc-2545-1-0\"  class=\"panel-grid-cell\" ><div id=\"panel-2545-1-0-0\" class=\"so-panel widget widget_black-studio-tinymce widget_black_studio_tinymce panel-first-child panel-last-child\" data-index=\"2\" ><div class=\"textwidget\"><p><a href=\"https:\/\/gft.eu\/wp-content\/uploads\/2020\/03\/FLAG-Fire.jpg\"><img loading=\"lazy\" decoding=\"async\" width=\"745\" height=\"695\" class=\"alignnone  wp-image-3323\" alt=\"\" src=\"https:\/\/gft.eu\/wp-content\/uploads\/2020\/03\/FLAG-Fire.jpg\" srcset=\"https:\/\/gft.eu\/wp-content\/uploads\/2020\/03\/FLAG-Fire.jpg 806w, https:\/\/gft.eu\/wp-content\/uploads\/2020\/03\/FLAG-Fire-300x280.jpg 300w, https:\/\/gft.eu\/wp-content\/uploads\/2020\/03\/FLAG-Fire-768x717.jpg 768w, https:\/\/gft.eu\/wp-content\/uploads\/2020\/03\/FLAG-Fire-555x518.jpg 555w\" sizes=\"(max-width: 745px) 100vw, 745px\" \/><\/a>&nbsp;<\/p>\n<\/div><\/div><\/div><div id=\"pgc-2545-1-1\"  class=\"panel-grid-cell\" ><div id=\"panel-2545-1-1-0\" class=\"so-panel widget widget_black-studio-tinymce widget_black_studio_tinymce panel-first-child panel-last-child\" data-index=\"3\" ><div class=\"textwidget\"><p><a href=\"https:\/\/gft.eu\/wp-content\/uploads\/2015\/06\/Tank-Trailor-FLAG-Namibia.jpg\"><img loading=\"lazy\" decoding=\"async\" class=\"wp-image-2550 alignleft\" src=\"https:\/\/gft.eu\/wp-content\/uploads\/2015\/06\/Tank-Trailor-FLAG-Namibia.jpg\" alt=\"Tank-Trailor-FLAG-Namibia\" width=\"525\" height=\"491\" srcset=\"https:\/\/gft.eu\/wp-content\/uploads\/2015\/06\/Tank-Trailor-FLAG-Namibia.jpg 1200w, https:\/\/gft.eu\/wp-content\/uploads\/2015\/06\/Tank-Trailor-FLAG-Namibia-300x280.jpg 300w, https:\/\/gft.eu\/wp-content\/uploads\/2015\/06\/Tank-Trailor-FLAG-Namibia-1024x957.jpg 1024w, https:\/\/gft.eu\/wp-content\/uploads\/2015\/06\/Tank-Trailor-FLAG-Namibia-555x518.jpg 555w\" sizes=\"(max-width: 525px) 100vw, 525px\" \/><br \/>\n<\/a><\/p>\n<\/div><\/div><\/div><div id=\"pgc-2545-1-2\"  class=\"panel-grid-cell\" ><div id=\"panel-2545-1-2-0\" class=\"so-panel widget widget_black-studio-tinymce widget_black_studio_tinymce panel-first-child panel-last-child\" data-index=\"4\" ><div class=\"textwidget\"><p><a href=\"https:\/\/gft.eu\/wp-content\/uploads\/2015\/06\/Polen-Sieradz-Flag-Fireman-e1585162818504.jpg\"><img loading=\"lazy\" decoding=\"async\" width=\"840\" height=\"784\" class=\"alignnone  wp-image-2552\" alt=\"\" src=\"https:\/\/gft.eu\/wp-content\/uploads\/2015\/06\/Polen-Sieradz-Flag-Fireman-e1585162818504-1024x956.jpg\" srcset=\"https:\/\/gft.eu\/wp-content\/uploads\/2015\/06\/Polen-Sieradz-Flag-Fireman-e1585162818504-1024x956.jpg 1024w, https:\/\/gft.eu\/wp-content\/uploads\/2015\/06\/Polen-Sieradz-Flag-Fireman-e1585162818504-300x280.jpg 300w, https:\/\/gft.eu\/wp-content\/uploads\/2015\/06\/Polen-Sieradz-Flag-Fireman-e1585162818504-555x518.jpg 555w, https:\/\/gft.eu\/wp-content\/uploads\/2015\/06\/Polen-Sieradz-Flag-Fireman-e1585162818504-768x717.jpg 768w, https:\/\/gft.eu\/wp-content\/uploads\/2015\/06\/Polen-Sieradz-Flag-Fireman-e1585162818504.jpg 1170w\" sizes=\"(max-width: 840px) 100vw, 840px\" \/><\/a><\/p>\n<\/div><\/div><\/div><div id=\"pgc-2545-1-3\"  class=\"panel-grid-cell\" ><div id=\"panel-2545-1-3-0\" class=\"so-panel widget widget_black-studio-tinymce widget_black_studio_tinymce panel-first-child panel-last-child\" data-index=\"5\" ><div class=\"textwidget\"><p><a href=\"https:\/\/gft.eu\/wp-content\/uploads\/2020\/03\/Flange.png\"><img loading=\"lazy\" decoding=\"async\" width=\"813\" height=\"757\" class=\"alignnone  wp-image-3321\" alt=\"\" src=\"https:\/\/gft.eu\/wp-content\/uploads\/2020\/03\/Flange-1024x954.png\" srcset=\"https:\/\/gft.eu\/wp-content\/uploads\/2020\/03\/Flange-1024x954.png 1024w, https:\/\/gft.eu\/wp-content\/uploads\/2020\/03\/Flange-300x279.png 300w, https:\/\/gft.eu\/wp-content\/uploads\/2020\/03\/Flange-768x715.png 768w, https:\/\/gft.eu\/wp-content\/uploads\/2020\/03\/Flange-1536x1431.png 1536w, https:\/\/gft.eu\/wp-content\/uploads\/2020\/03\/Flange-2048x1907.png 2048w, https:\/\/gft.eu\/wp-content\/uploads\/2020\/03\/Flange-555x517.png 555w\" sizes=\"(max-width: 813px) 100vw, 813px\" \/><\/a><\/p>\n<\/div><\/div><\/div><\/div><div id=\"pg-2545-2\"  class=\"panel-grid panel-no-style\" ><div id=\"pgc-2545-2-0\"  class=\"panel-grid-cell\" ><div id=\"panel-2545-2-0-0\" class=\"so-panel widget widget_black-studio-tinymce widget_black_studio_tinymce panel-first-child panel-last-child\" data-index=\"6\" ><div class=\"textwidget\"><p><div style=\"width: 544px;\" class=\"wp-video\"><!--[if lt IE 9]><script>document.createElement('video');<\/script><![endif]-->\n<video class=\"wp-video-shortcode\" id=\"video-2545-1\" width=\"544\" height=\"1010\" preload=\"metadata\" controls=\"controls\"><source type=\"video\/mp4\" src=\"https:\/\/gft.eu\/wp-content\/uploads\/2023\/07\/Flag2.m4v?_=1\" \/><a href=\"https:\/\/gft.eu\/wp-content\/uploads\/2023\/07\/Flag2.m4v\">https:\/\/gft.eu\/wp-content\/uploads\/2023\/07\/Flag2.m4v<\/a><\/video><\/div><\/p>\n<\/div><\/div><\/div><div id=\"pgc-2545-2-1\"  class=\"panel-grid-cell\" ><div id=\"panel-2545-2-1-0\" class=\"so-panel widget widget_black-studio-tinymce widget_black_studio_tinymce panel-first-child panel-last-child\" data-index=\"7\" ><div class=\"textwidget\"><p><div style=\"width: 640px;\" class=\"wp-video\"><video class=\"wp-video-shortcode\" id=\"video-2545-2\" width=\"640\" height=\"480\" preload=\"metadata\" controls=\"controls\"><source type=\"video\/mp4\" src=\"https:\/\/gft.eu\/wp-content\/uploads\/2023\/07\/Semimobile-Flag-Regular.m4v?_=2\" \/><a href=\"https:\/\/gft.eu\/wp-content\/uploads\/2023\/07\/Semimobile-Flag-Regular.m4v\">https:\/\/gft.eu\/wp-content\/uploads\/2023\/07\/Semimobile-Flag-Regular.m4v<\/a><\/video><\/div><\/p>\n<\/div><\/div><\/div><div id=\"pgc-2545-2-2\"  class=\"panel-grid-cell\" ><div id=\"panel-2545-2-2-0\" class=\"so-panel widget widget_black-studio-tinymce widget_black_studio_tinymce panel-first-child panel-last-child\" data-index=\"8\" ><div class=\"textwidget\"><p><div style=\"width: 1140px;\" class=\"wp-video\"><video class=\"wp-video-shortcode\" id=\"video-2545-3\" width=\"1140\" height=\"641\" preload=\"metadata\" controls=\"controls\"><source type=\"video\/mp4\" src=\"https:\/\/gft.eu\/wp-content\/uploads\/2023\/07\/Flag-With-Smoke.m4v?_=3\" \/><a href=\"https:\/\/gft.eu\/wp-content\/uploads\/2023\/07\/Flag-With-Smoke.m4v\">https:\/\/gft.eu\/wp-content\/uploads\/2023\/07\/Flag-With-Smoke.m4v<\/a><\/video><\/div><\/p>\n<\/div><\/div><\/div><\/div><\/div>","protected":false},"excerpt":{"rendered":"<p>Special training facility as tank and flange fire to extinguish flammable liquids and gases.<\/p>\n","protected":false},"author":1,"featured_media":2680,"parent":2489,"menu_order":0,"comment_status":"closed","ping_status":"closed","template":"","meta":{"ngg_post_thumbnail":0,"footnotes":""},"_links":{"self":[{"href":"https:\/\/gft.eu\/de\/wp-json\/wp\/v2\/pages\/2545"}],"collection":[{"href":"https:\/\/gft.eu\/de\/wp-json\/wp\/v2\/pages"}],"about":[{"href":"https:\/\/gft.eu\/de\/wp-json\/wp\/v2\/types\/page"}],"author":[{"embeddable":true,"href":"https:\/\/gft.eu\/de\/wp-json\/wp\/v2\/users\/1"}],"replies":[{"embeddable":true,"href":"https:\/\/gft.eu\/de\/wp-json\/wp\/v2\/comments?post=2545"}],"version-history":[{"count":57,"href":"https:\/\/gft.eu\/de\/wp-json\/wp\/v2\/pages\/2545\/revisions"}],"predecessor-version":[{"id":3995,"href":"https:\/\/gft.eu\/de\/wp-json\/wp\/v2\/pages\/2545\/revisions\/3995"}],"up":[{"embeddable":true,"href":"https:\/\/gft.eu\/de\/wp-json\/wp\/v2\/pages\/2489"}],"wp:featuredmedia":[{"embeddable":true,"href":"https:\/\/gft.eu\/de\/wp-json\/wp\/v2\/media\/2680"}],"wp:attachment":[{"href":"https:\/\/gft.eu\/de\/wp-json\/wp\/v2\/media?parent=2545"}],"curies":[{"name":"wp","href":"https:\/\/api.w.org\/{rel}","templated":true}]}}