{"id":2557,"date":"2015-06-06T11:57:10","date_gmt":"2015-06-06T09:57:10","guid":{"rendered":"https:\/\/www.gft.eu\/?page_id=2557"},"modified":"2020-04-23T21:08:53","modified_gmt":"2020-04-23T19:08:53","slug":"brandmodule","status":"publish","type":"page","link":"https:\/\/gft.eu\/de\/unsere-produkte\/gft-firetrainer-brandmodule-fuer-den-professionellen-einsatz\/","title":{"rendered":"GFT FireTrainer: Brandmodule f\u00fcr den professionellen Einsatz"},"content":{"rendered":"<div id=\"pl-2557\"  class=\"panel-layout\" ><div id=\"pg-2557-0\"  class=\"panel-grid panel-no-style\" ><div id=\"pgc-2557-0-0\"  class=\"panel-grid-cell\" ><div id=\"panel-2557-0-0-0\" class=\"so-panel widget widget_pt_featured_page widget-featured-page panel-first-child panel-last-child\" data-index=\"0\" >\t\t\t\t<div class=\"page-box page-box--block post-2557 page type-page status-publish has-post-thumbnail hentry\">\n\t\t\t\t\t<a class=\"page-box__picture\" href=\"https:\/\/gft.eu\/de\/unsere-produkte\/gft-flashover\/\"><img loading=\"lazy\" decoding=\"async\" width=\"360\" height=\"240\" src=\"https:\/\/gft.eu\/wp-content\/uploads\/2015\/06\/FlashOver-gezoomt-image55-360x240.jpg\" class=\"attachment-page-box size-page-box wp-post-image\" alt=\"\" \/><\/a>\n\t\t\t\t\t<div class=\"page-box__content\">\n\t\t\t\t\t\t<h5 class=\"page-box__title  text-uppercase\"><a href=\"https:\/\/gft.eu\/de\/unsere-produkte\/gft-flashover\/\">GFT FlashOver<\/a><\/h5>\n\t\t\t\t\t\t<p>Der wahrscheinlich realistischste Gasbetriebene FlashOver auf dem Markt.<\/p>\n\t\t\t\t\t\t\t\t\t\t\t\t\t<p><a href=\"https:\/\/gft.eu\/de\/unsere-produkte\/gft-flashover\/\" class=\"read-more  read-more--page-box\">Mehr lesen<\/a><\/p>\n\t\t\t\t\t\t\t\t\t\t\t<\/div>\n\t\t\t\t<\/div>\n\n\t\t\t<\/div><\/div><div id=\"pgc-2557-0-1\"  class=\"panel-grid-cell\" ><div id=\"panel-2557-0-1-0\" class=\"so-panel widget widget_pt_featured_page widget-featured-page panel-first-child panel-last-child\" data-index=\"1\" >\t\t\t\t<div class=\"page-box page-box--block post-2557 page type-page status-publish has-post-thumbnail hentry\">\n\t\t\t\t\t<a class=\"page-box__picture\" href=\"https:\/\/gft.eu\/de\/unsere-produkte\/gft-firetrainer-brandmodule-fuer-den-professionellen-einsatz\/gft-hotfiredoor\/\"><img loading=\"lazy\" decoding=\"async\" width=\"360\" height=\"240\" src=\"https:\/\/gft.eu\/wp-content\/uploads\/2015\/06\/IMG_2496-360x240.jpg\" class=\"attachment-page-box size-page-box wp-post-image\" alt=\"\" \/><\/a>\n\t\t\t\t\t<div class=\"page-box__content\">\n\t\t\t\t\t\t<h5 class=\"page-box__title  text-uppercase\"><a href=\"https:\/\/gft.eu\/de\/unsere-produkte\/gft-firetrainer-brandmodule-fuer-den-professionellen-einsatz\/gft-hotfiredoor\/\">GFT HotFireDoor<\/a><\/h5>\n\t\t\t\t\t\t<p>In dieser Form einmalig auf dem Markt! Darstellungsger\u00e4t f\u00fcr das Training des korrekten Einsatzverhaltens bei BackDraft-Gefahr.<\/p>\n\t\t\t\t\t\t\t\t\t\t\t\t\t<p><a href=\"https:\/\/gft.eu\/de\/unsere-produkte\/gft-firetrainer-brandmodule-fuer-den-professionellen-einsatz\/gft-hotfiredoor\/\" class=\"read-more  read-more--page-box\">Mehr lesen<\/a><\/p>\n\t\t\t\t\t\t\t\t\t\t\t<\/div>\n\t\t\t\t<\/div>\n\n\t\t\t<\/div><\/div><div id=\"pgc-2557-0-2\"  class=\"panel-grid-cell\" ><div id=\"panel-2557-0-2-0\" class=\"so-panel widget widget_pt_featured_page widget-featured-page panel-first-child panel-last-child\" data-index=\"2\" >\t\t\t\t<div class=\"page-box page-box--block post-2557 page type-page status-publish has-post-thumbnail hentry\">\n\t\t\t\t\t<a class=\"page-box__picture\" href=\"https:\/\/gft.eu\/de\/unsere-produkte\/gft-firetrainer-brandmodule-fuer-den-professionellen-einsatz\/gft-firestairs\/\"><img loading=\"lazy\" decoding=\"async\" width=\"360\" height=\"240\" src=\"https:\/\/gft.eu\/wp-content\/uploads\/2015\/06\/Staircase-Fire-Treppenbrand-Ungarn-360x240.jpg\" class=\"attachment-page-box size-page-box wp-post-image\" alt=\"\" \/><\/a>\n\t\t\t\t\t<div class=\"page-box__content\">\n\t\t\t\t\t\t<h5 class=\"page-box__title  text-uppercase\"><a href=\"https:\/\/gft.eu\/de\/unsere-produkte\/gft-firetrainer-brandmodule-fuer-den-professionellen-einsatz\/gft-firestairs\/\">GFT FireStairs<\/a><\/h5>\n\t\t\t\t\t\t<p>Realistischer geht es nicht mehr! Einzelne Stufen werden auf Knopfdruck unter Brand gesetzt. Flammausbreitung und Flammintensit\u00e4t sind elektronisch regelbar.<\/p>\n\t\t\t\t\t\t\t\t\t\t\t\t\t<p><a href=\"https:\/\/gft.eu\/de\/unsere-produkte\/gft-firetrainer-brandmodule-fuer-den-professionellen-einsatz\/gft-firestairs\/\" class=\"read-more  read-more--page-box\">Mehr lesen<\/a><\/p>\n\t\t\t\t\t\t\t\t\t\t\t<\/div>\n\t\t\t\t<\/div>\n\n\t\t\t<\/div><\/div><\/div><div id=\"pg-2557-1\"  class=\"panel-grid panel-no-style\" ><div id=\"pgc-2557-1-0\"  class=\"panel-grid-cell\" ><div id=\"panel-2557-1-0-0\" class=\"so-panel widget widget_pt_featured_page widget-featured-page panel-first-child panel-last-child\" data-index=\"3\" >\t\t\t\t<div class=\"page-box page-box--block post-2557 page type-page status-publish has-post-thumbnail hentry\">\n\t\t\t\t\t<a class=\"page-box__picture\" href=\"https:\/\/gft.eu\/de\/unsere-produkte\/gft-firetrainer-brandmodule-fuer-den-professionellen-einsatz\/gft-kitchenfire\/\"><img loading=\"lazy\" decoding=\"async\" width=\"360\" height=\"240\" src=\"https:\/\/gft.eu\/wp-content\/uploads\/2015\/06\/P1010868-360x240.jpg\" class=\"attachment-page-box size-page-box wp-post-image\" alt=\"\" \/><\/a>\n\t\t\t\t\t<div class=\"page-box__content\">\n\t\t\t\t\t\t<h5 class=\"page-box__title  text-uppercase\"><a href=\"https:\/\/gft.eu\/de\/unsere-produkte\/gft-firetrainer-brandmodule-fuer-den-professionellen-einsatz\/gft-kitchenfire\/\">GFT KitchenFire<\/a><\/h5>\n\t\t\t\t\t\t<p>Szanario eines K\u00fcchenbrandes, bestehend aus 3 Brandstellen \u2026<\/p>\n\t\t\t\t\t\t\t\t\t\t\t\t\t<p><a href=\"https:\/\/gft.eu\/de\/unsere-produkte\/gft-firetrainer-brandmodule-fuer-den-professionellen-einsatz\/gft-kitchenfire\/\" class=\"read-more  read-more--page-box\">Mehr lesen<\/a><\/p>\n\t\t\t\t\t\t\t\t\t\t\t<\/div>\n\t\t\t\t<\/div>\n\n\t\t\t<\/div><\/div><div id=\"pgc-2557-1-1\"  class=\"panel-grid-cell\" ><div id=\"panel-2557-1-1-0\" class=\"so-panel widget widget_pt_featured_page widget-featured-page panel-first-child panel-last-child\" data-index=\"4\" >\t\t\t\t<div class=\"page-box page-box--block post-2557 page type-page status-publish has-post-thumbnail hentry\">\n\t\t\t\t\t<a class=\"page-box__picture\" href=\"https:\/\/gft.eu\/de\/unsere-produkte\/gft-firetrainer-brandmodule-fuer-den-professionellen-einsatz\/gft-cabletrayfire\/\"><img loading=\"lazy\" decoding=\"async\" width=\"360\" height=\"240\" src=\"https:\/\/gft.eu\/wp-content\/uploads\/2015\/06\/Cable-Tray-Fire-Kabeltrassenbrand-Namibia-360x240.jpg\" class=\"attachment-page-box size-page-box wp-post-image\" alt=\"\" \/><\/a>\n\t\t\t\t\t<div class=\"page-box__content\">\n\t\t\t\t\t\t<h5 class=\"page-box__title  text-uppercase\"><a href=\"https:\/\/gft.eu\/de\/unsere-produkte\/gft-firetrainer-brandmodule-fuer-den-professionellen-einsatz\/gft-cabletrayfire\/\">GFT CableTrayFire<\/a><\/h5>\n\t\t\t\t\t\t<p>Darstellungsger\u00e4t eines Kabelbrandes. Flammausbreitung \u00fcber mehrere Meter elektronisch steuerbar.<\/p>\n\t\t\t\t\t\t\t\t\t\t\t\t\t<p><a href=\"https:\/\/gft.eu\/de\/unsere-produkte\/gft-firetrainer-brandmodule-fuer-den-professionellen-einsatz\/gft-cabletrayfire\/\" class=\"read-more  read-more--page-box\">Mehr lesen<\/a><\/p>\n\t\t\t\t\t\t\t\t\t\t\t<\/div>\n\t\t\t\t<\/div>\n\n\t\t\t<\/div><\/div><div id=\"pgc-2557-1-2\"  class=\"panel-grid-cell\" ><div id=\"panel-2557-1-2-0\" class=\"so-panel widget widget_pt_featured_page widget-featured-page panel-first-child panel-last-child\" data-index=\"5\" >\t\t\t\t<div class=\"page-box page-box--block post-2557 page type-page status-publish has-post-thumbnail hentry\">\n\t\t\t\t\t<a class=\"page-box__picture\" href=\"https:\/\/gft.eu\/de\/unsere-produkte\/gft-firetrainer-brandmodule-fuer-den-professionellen-einsatz\/gft-electriccabinetfire\/\"><img loading=\"lazy\" decoding=\"async\" width=\"360\" height=\"240\" src=\"https:\/\/gft.eu\/wp-content\/uploads\/2015\/06\/ElectricCabinetFire-360x240.jpg\" class=\"attachment-page-box size-page-box wp-post-image\" alt=\"\" \/><\/a>\n\t\t\t\t\t<div class=\"page-box__content\">\n\t\t\t\t\t\t<h5 class=\"page-box__title  text-uppercase\"><a href=\"https:\/\/gft.eu\/de\/unsere-produkte\/gft-firetrainer-brandmodule-fuer-den-professionellen-einsatz\/gft-electriccabinetfire\/\">GFT ElectricCabinetFire<\/a><\/h5>\n\t\t\t\t\t\t<p>Darstellung eines brennenden Schaltschranks<\/p>\n\t\t\t\t\t\t\t\t\t\t\t\t\t<p><a href=\"https:\/\/gft.eu\/de\/unsere-produkte\/gft-firetrainer-brandmodule-fuer-den-professionellen-einsatz\/gft-electriccabinetfire\/\" class=\"read-more  read-more--page-box\">Mehr lesen<\/a><\/p>\n\t\t\t\t\t\t\t\t\t\t\t<\/div>\n\t\t\t\t<\/div>\n\n\t\t\t<\/div><\/div><\/div><div id=\"pg-2557-2\"  class=\"panel-grid panel-no-style\" ><div id=\"pgc-2557-2-0\"  class=\"panel-grid-cell\" ><div id=\"panel-2557-2-0-0\" class=\"so-panel widget widget_pt_featured_page widget-featured-page panel-first-child panel-last-child\" data-index=\"6\" >\t\t\t\t<div class=\"page-box page-box--block post-2557 page type-page status-publish has-post-thumbnail hentry\">\n\t\t\t\t\t<a class=\"page-box__picture\" href=\"https:\/\/gft.eu\/de\/unsere-produkte\/gft-firetrainer-brandmodule-fuer-den-professionellen-einsatz\/gft-shelffire\/\"><img loading=\"lazy\" decoding=\"async\" width=\"360\" height=\"240\" src=\"https:\/\/gft.eu\/wp-content\/uploads\/2020\/03\/Regalbrand2-360x240.png\" class=\"attachment-page-box size-page-box wp-post-image\" alt=\"\" \/><\/a>\n\t\t\t\t\t<div class=\"page-box__content\">\n\t\t\t\t\t\t<h5 class=\"page-box__title  text-uppercase\"><a href=\"https:\/\/gft.eu\/de\/unsere-produkte\/gft-firetrainer-brandmodule-fuer-den-professionellen-einsatz\/gft-shelffire\/\">GFT ShelfFire<\/a><\/h5>\n\t\t\t\t\t\t<p>Darstellung eines brennenden Regals<\/p>\n\t\t\t\t\t\t\t\t\t\t\t\t\t<p><a href=\"https:\/\/gft.eu\/de\/unsere-produkte\/gft-firetrainer-brandmodule-fuer-den-professionellen-einsatz\/gft-shelffire\/\" class=\"read-more  read-more--page-box\">Mehr lesen<\/a><\/p>\n\t\t\t\t\t\t\t\t\t\t\t<\/div>\n\t\t\t\t<\/div>\n\n\t\t\t<\/div><\/div><div id=\"pgc-2557-2-1\"  class=\"panel-grid-cell\" ><div id=\"panel-2557-2-1-0\" class=\"so-panel widget widget_pt_featured_page widget-featured-page panel-first-child panel-last-child\" data-index=\"7\" >\t\t\t\t<div class=\"page-box page-box--block post-2557 page type-page status-publish has-post-thumbnail hentry\">\n\t\t\t\t\t<a class=\"page-box__picture\" href=\"https:\/\/gft.eu\/de\/unsere-produkte\/gft-firetrainer-brandmodule-fuer-den-professionellen-einsatz\/gft-gasbottlefire\/\"><img loading=\"lazy\" decoding=\"async\" width=\"360\" height=\"240\" src=\"https:\/\/gft.eu\/wp-content\/uploads\/2015\/06\/Szimulator-090-360x240.jpg\" class=\"attachment-page-box size-page-box wp-post-image\" alt=\"\" \/><\/a>\n\t\t\t\t\t<div class=\"page-box__content\">\n\t\t\t\t\t\t<h5 class=\"page-box__title  text-uppercase\"><a href=\"https:\/\/gft.eu\/de\/unsere-produkte\/gft-firetrainer-brandmodule-fuer-den-professionellen-einsatz\/gft-gasbottlefire\/\">GFT GasBottleFire<\/a><\/h5>\n\t\t\t\t\t\t<p>Darstellungsger\u00e4t zum Erlernen des korrekten Umgangs mit hei\u00dfen, brennenden Gasflaschen oder anderen Druckbeh\u00e4ltern.<\/p>\n\t\t\t\t\t\t\t\t\t\t\t\t\t<p><a href=\"https:\/\/gft.eu\/de\/unsere-produkte\/gft-firetrainer-brandmodule-fuer-den-professionellen-einsatz\/gft-gasbottlefire\/\" class=\"read-more  read-more--page-box\">Mehr lesen<\/a><\/p>\n\t\t\t\t\t\t\t\t\t\t\t<\/div>\n\t\t\t\t<\/div>\n\n\t\t\t<\/div><\/div><div id=\"pgc-2557-2-2\"  class=\"panel-grid-cell\" ><div id=\"panel-2557-2-2-0\" class=\"so-panel widget widget_pt_featured_page widget-featured-page panel-first-child panel-last-child\" data-index=\"8\" >\t\t\t\t<div class=\"page-box page-box--block post-2557 page type-page status-publish has-post-thumbnail hentry\">\n\t\t\t\t\t<a class=\"page-box__picture\" href=\"https:\/\/gft.eu\/de\/unsere-produkte\/gft-firetrainer-brandmodule-fuer-den-professionellen-einsatz\/gft-flangefiresplitflangefire\/\"><img loading=\"lazy\" decoding=\"async\" width=\"360\" height=\"240\" src=\"https:\/\/gft.eu\/wp-content\/uploads\/2015\/06\/Flange-Fire-Flanschbrand-Kuwait-2-360x240.jpg\" class=\"attachment-page-box size-page-box wp-post-image\" alt=\"\" \/><\/a>\n\t\t\t\t\t<div class=\"page-box__content\">\n\t\t\t\t\t\t<h5 class=\"page-box__title  text-uppercase\"><a href=\"https:\/\/gft.eu\/de\/unsere-produkte\/gft-firetrainer-brandmodule-fuer-den-professionellen-einsatz\/gft-flangefiresplitflangefire\/\">GFT FlangeFire\/SplitFlangeFire<\/a><\/h5>\n\t\t\t\t\t\t<p>Darstellungsger\u00e4t eines oder mehrer Flanschbr\u00e4nde<\/p>\n\t\t\t\t\t\t\t\t\t\t\t\t\t<p><a href=\"https:\/\/gft.eu\/de\/unsere-produkte\/gft-firetrainer-brandmodule-fuer-den-professionellen-einsatz\/gft-flangefiresplitflangefire\/\" class=\"read-more  read-more--page-box\">Mehr lesen<\/a><\/p>\n\t\t\t\t\t\t\t\t\t\t\t<\/div>\n\t\t\t\t<\/div>\n\n\t\t\t<\/div><\/div><\/div><div id=\"pg-2557-3\"  class=\"panel-grid panel-no-style\" ><div id=\"pgc-2557-3-0\"  class=\"panel-grid-cell\" ><div id=\"panel-2557-3-0-0\" class=\"so-panel widget widget_pt_featured_page widget-featured-page panel-first-child panel-last-child\" data-index=\"9\" >\t\t\t\t<div class=\"page-box page-box--block post-2557 page type-page status-publish has-post-thumbnail hentry\">\n\t\t\t\t\t<a class=\"page-box__picture\" href=\"https:\/\/gft.eu\/de\/unsere-produkte\/zubehoer\/gft-flag-trainer-flammable-liquids-and-gases\/\"><img loading=\"lazy\" decoding=\"async\" width=\"360\" height=\"240\" src=\"https:\/\/gft.eu\/wp-content\/uploads\/2015\/06\/opito_01-e1582409919681-360x240.jpg\" class=\"attachment-page-box size-page-box wp-post-image\" alt=\"\" \/><\/a>\n\t\t\t\t\t<div class=\"page-box__content\">\n\t\t\t\t\t\t<h5 class=\"page-box__title  text-uppercase\"><a href=\"https:\/\/gft.eu\/de\/unsere-produkte\/zubehoer\/gft-flag-trainer-flammable-liquids-and-gases\/\">GFT FLAG-Trainer: Flammable Liquids and Gases<\/a><\/h5>\n\t\t\t\t\t\t<p>Special training facility as tank and flange fire to extinguish flammable liquids and gases.<\/p>\n\t\t\t\t\t\t\t\t\t\t\t\t\t<p><a href=\"https:\/\/gft.eu\/de\/unsere-produkte\/zubehoer\/gft-flag-trainer-flammable-liquids-and-gases\/\" class=\"read-more  read-more--page-box\">Mehr lesen<\/a><\/p>\n\t\t\t\t\t\t\t\t\t\t\t<\/div>\n\t\t\t\t<\/div>\n\n\t\t\t<\/div><\/div><div id=\"pgc-2557-3-1\"  class=\"panel-grid-cell panel-grid-cell-empty panel-grid-cell-mobile-last\" ><\/div><div id=\"pgc-2557-3-2\"  class=\"panel-grid-cell panel-grid-cell-empty\" ><\/div><\/div><\/div>","protected":false},"excerpt":{"rendered":"<p>Hier finden Sie beispielhaft einige Brandmodule, wie sie von GFT bereits f\u00fcr den Einsatz in unterschiedlichen Trainingsumgebungen geplant und gebaut wurden. Selbstverst\u00e4ndlich k\u00f6nnen auf Wunsch auch weitere Module entwickelt werden.<\/p>\n","protected":false},"author":1,"featured_media":2558,"parent":49,"menu_order":0,"comment_status":"closed","ping_status":"closed","template":"","meta":{"ngg_post_thumbnail":0,"footnotes":""},"_links":{"self":[{"href":"https:\/\/gft.eu\/de\/wp-json\/wp\/v2\/pages\/2557"}],"collection":[{"href":"https:\/\/gft.eu\/de\/wp-json\/wp\/v2\/pages"}],"about":[{"href":"https:\/\/gft.eu\/de\/wp-json\/wp\/v2\/types\/page"}],"author":[{"embeddable":true,"href":"https:\/\/gft.eu\/de\/wp-json\/wp\/v2\/users\/1"}],"replies":[{"embeddable":true,"href":"https:\/\/gft.eu\/de\/wp-json\/wp\/v2\/comments?post=2557"}],"version-history":[{"count":10,"href":"https:\/\/gft.eu\/de\/wp-json\/wp\/v2\/pages\/2557\/revisions"}],"predecessor-version":[{"id":3361,"href":"https:\/\/gft.eu\/de\/wp-json\/wp\/v2\/pages\/2557\/revisions\/3361"}],"up":[{"embeddable":true,"href":"https:\/\/gft.eu\/de\/wp-json\/wp\/v2\/pages\/49"}],"wp:featuredmedia":[{"embeddable":true,"href":"https:\/\/gft.eu\/de\/wp-json\/wp\/v2\/media\/2558"}],"wp:attachment":[{"href":"https:\/\/gft.eu\/de\/wp-json\/wp\/v2\/media?parent=2557"}],"curies":[{"name":"wp","href":"https:\/\/api.w.org\/{rel}","templated":true}]}}