{"id":2574,"date":"2015-06-06T12:17:29","date_gmt":"2015-06-06T10:17:29","guid":{"rendered":"https:\/\/www.gft.eu\/?page_id=2574"},"modified":"2015-06-08T20:15:46","modified_gmt":"2015-06-08T18:15:46","slug":"flt-200-firetrolley","status":"publish","type":"page","link":"https:\/\/gft.eu\/de\/unsere-produkte\/firetrainer\/gft-drucktaster-anlagensteuerungen\/","title":{"rendered":"GFT Drucktaster-Anlagensteuerungen"},"content":{"rendered":"<div id=\"pl-2574\"  class=\"panel-layout\" ><div id=\"pg-2574-0\"  class=\"panel-grid panel-no-style\" ><div id=\"pgc-2574-0-0\"  class=\"panel-grid-cell\" ><div id=\"panel-2574-0-0-0\" class=\"so-panel widget widget_black-studio-tinymce widget_black_studio_tinymce panel-first-child panel-last-child\" data-index=\"0\" ><div class=\"textwidget\"><p><a href=\"https:\/\/gft.eu\/wp-content\/uploads\/2015\/06\/image-6.jpg\"><img loading=\"lazy\" decoding=\"async\" class=\"alignnone wp-image-2576 size-full\" src=\"https:\/\/gft.eu\/wp-content\/uploads\/2015\/06\/image-6.jpg\" alt=\"image-6\" width=\"661\" height=\"495\" srcset=\"https:\/\/gft.eu\/wp-content\/uploads\/2015\/06\/image-6.jpg 661w, https:\/\/gft.eu\/wp-content\/uploads\/2015\/06\/image-6-300x225.jpg 300w, https:\/\/gft.eu\/wp-content\/uploads\/2015\/06\/image-6-555x416.jpg 555w, https:\/\/gft.eu\/wp-content\/uploads\/2015\/06\/image-6-100x75.jpg 100w\" sizes=\"(max-width: 661px) 100vw, 661px\" \/><\/a><\/p>\n<\/div><\/div><\/div><div id=\"pgc-2574-0-1\"  class=\"panel-grid-cell\" ><div id=\"panel-2574-0-1-0\" class=\"so-panel widget widget_black-studio-tinymce widget_black_studio_tinymce panel-first-child panel-last-child\" data-index=\"1\" ><div class=\"textwidget\"><h3 style=\"text-align: left;\">Die einfachste und kosteng\u00fcnstigste Variante. Trotzdem bleiben Sie flexibel!<\/h3>\n<p style=\"text-align: left;\">Wir von GFT bieten Ihnen die M\u00f6glichkeit, Ihre Steuerung zu einem sp\u00e4teren Zeitpunkt aufzur\u00fcsten. Und das ohne die Verkabelung ersetzen zu m\u00fcssen.<\/p>\n<h3 style=\"text-align: left;\">\n<\/div><\/div><\/div><\/div><\/div>","protected":false},"excerpt":{"rendered":"<p>Die einfachste und kosteng\u00fcnstigste Variante. Trotzdem bleiben Sie flexibel!<\/p>\n","protected":false},"author":1,"featured_media":2576,"parent":2261,"menu_order":0,"comment_status":"closed","ping_status":"closed","template":"","meta":{"ngg_post_thumbnail":0,"footnotes":""},"_links":{"self":[{"href":"https:\/\/gft.eu\/de\/wp-json\/wp\/v2\/pages\/2574"}],"collection":[{"href":"https:\/\/gft.eu\/de\/wp-json\/wp\/v2\/pages"}],"about":[{"href":"https:\/\/gft.eu\/de\/wp-json\/wp\/v2\/types\/page"}],"author":[{"embeddable":true,"href":"https:\/\/gft.eu\/de\/wp-json\/wp\/v2\/users\/1"}],"replies":[{"embeddable":true,"href":"https:\/\/gft.eu\/de\/wp-json\/wp\/v2\/comments?post=2574"}],"version-history":[{"count":3,"href":"https:\/\/gft.eu\/de\/wp-json\/wp\/v2\/pages\/2574\/revisions"}],"predecessor-version":[{"id":2757,"href":"https:\/\/gft.eu\/de\/wp-json\/wp\/v2\/pages\/2574\/revisions\/2757"}],"up":[{"embeddable":true,"href":"https:\/\/gft.eu\/de\/wp-json\/wp\/v2\/pages\/2261"}],"wp:featuredmedia":[{"embeddable":true,"href":"https:\/\/gft.eu\/de\/wp-json\/wp\/v2\/media\/2576"}],"wp:attachment":[{"href":"https:\/\/gft.eu\/de\/wp-json\/wp\/v2\/media?parent=2574"}],"curies":[{"name":"wp","href":"https:\/\/api.w.org\/{rel}","templated":true}]}}