{"id":2578,"date":"2015-06-06T12:22:15","date_gmt":"2015-06-06T10:22:15","guid":{"rendered":"https:\/\/www.gft.eu\/?page_id=2578"},"modified":"2023-07-05T15:14:21","modified_gmt":"2023-07-05T13:14:21","slug":"gft-touchscreen-anlagensteuerungen","status":"publish","type":"page","link":"https:\/\/gft.eu\/de\/unsere-produkte\/firetrainer\/gft-touchscreen-control-in-3d-optik\/","title":{"rendered":"GFT Touchscreen-Control in 3D-Optik"},"content":{"rendered":"<div id=\"pl-2578\"  class=\"panel-layout\" ><div id=\"pg-2578-0\"  class=\"panel-grid panel-no-style\" ><div id=\"pgc-2578-0-0\"  class=\"panel-grid-cell\" ><div id=\"panel-2578-0-0-0\" class=\"so-panel widget widget_black-studio-tinymce widget_black_studio_tinymce panel-first-child panel-last-child\" data-index=\"0\" ><div class=\"textwidget\"><p><a href=\"https:\/\/gft.eu\/wp-content\/uploads\/2015\/06\/image-7.jpg\"><img loading=\"lazy\" decoding=\"async\" class=\"alignnone wp-image-2579 size-full\" src=\"https:\/\/gft.eu\/wp-content\/uploads\/2015\/06\/image-7.jpg\" alt=\"image-7\" width=\"661\" height=\"389\" srcset=\"https:\/\/gft.eu\/wp-content\/uploads\/2015\/06\/image-7.jpg 661w, https:\/\/gft.eu\/wp-content\/uploads\/2015\/06\/image-7-300x177.jpg 300w, https:\/\/gft.eu\/wp-content\/uploads\/2015\/06\/image-7-555x327.jpg 555w\" sizes=\"(max-width: 661px) 100vw, 661px\" \/><\/a><\/p>\n<p>&nbsp;<\/p>\n<\/div><\/div><\/div><div id=\"pgc-2578-0-1\"  class=\"panel-grid-cell\" ><div id=\"panel-2578-0-1-0\" class=\"so-panel widget widget_black-studio-tinymce widget_black_studio_tinymce panel-first-child panel-last-child\" data-index=\"1\" ><div class=\"textwidget\"><h3 style=\"text-align: left;\">Steuern Sie s\u00e4mtliche Brandstellen einfach und intuitiv \u00fcber selbsterkl\u00e4rende und gut erkennbare Icons mit der smarten Touch-Bedienung<\/h3>\n<p style=\"text-align: left;\">Gleichzeitig haben Sie s\u00e4mtliche Parameter im Blick - Temperaturen, Gaskonzentration, Wasserverbrauch, etc. Die Software wurde von GFT speziell f\u00fcr Brand\u00fcbungsanlagen konzipiert. Die Bedien-Oberfl\u00e4che kann in sehr vielen Sprach und Schriftzeichen\u00a0dargestellt werden\u00a0(z.B.\u00a0Chinesisch).<\/p>\n<p style=\"text-align: left;\">Weiteres Technologie-Highlight: Die M\u00f6glichkeit zur Fernwartung.<\/p>\n<h3 style=\"text-align: left;\">\n<\/div><\/div><\/div><\/div><div id=\"pg-2578-1\"  class=\"panel-grid panel-no-style\" ><div id=\"pgc-2578-1-0\"  class=\"panel-grid-cell\" ><div id=\"panel-2578-1-0-0\" class=\"so-panel widget widget_black-studio-tinymce widget_black_studio_tinymce panel-first-child\" data-index=\"2\" ><div class=\"textwidget\"><h4>Feuer inaktiv (oben) und<br \/>\nFeuer aktiv (unten) dargestellt<\/p>\n<\/div><\/div><div id=\"panel-2578-1-0-1\" class=\"so-panel widget widget_black-studio-tinymce widget_black_studio_tinymce\" data-index=\"3\" ><div class=\"textwidget\"><p><a href=\"https:\/\/gft.eu\/wp-content\/uploads\/2015\/06\/image-8.jpg\"><img loading=\"lazy\" decoding=\"async\" class=\" wp-image-2581 alignleft\" src=\"https:\/\/gft.eu\/wp-content\/uploads\/2015\/06\/image-8-300x240.jpg\" alt=\"\" width=\"239\" height=\"191\" srcset=\"https:\/\/gft.eu\/wp-content\/uploads\/2015\/06\/image-8-300x240.jpg 300w, https:\/\/gft.eu\/wp-content\/uploads\/2015\/06\/image-8.jpg 319w\" sizes=\"(max-width: 239px) 100vw, 239px\" \/><\/a><\/p>\n<p>&nbsp;<\/p>\n<p>&nbsp;<\/p>\n<p>&nbsp;<\/p>\n<p>&nbsp;<\/p>\n<p>&nbsp;<\/p>\n<p><a href=\"https:\/\/gft.eu\/wp-content\/uploads\/2015\/06\/image-9.jpg\"><img loading=\"lazy\" decoding=\"async\" class=\" wp-image-2580 alignleft\" src=\"https:\/\/gft.eu\/wp-content\/uploads\/2015\/06\/image-9-300x240.jpg\" alt=\"\" width=\"239\" height=\"191\" srcset=\"https:\/\/gft.eu\/wp-content\/uploads\/2015\/06\/image-9-300x240.jpg 300w, https:\/\/gft.eu\/wp-content\/uploads\/2015\/06\/image-9.jpg 319w\" sizes=\"(max-width: 239px) 100vw, 239px\" \/><\/a><\/p>\n<p>&nbsp;<\/p>\n<p>&nbsp;<\/p>\n<p>&nbsp;<\/p>\n<p>&nbsp;<\/p>\n<p>&nbsp;<\/p>\n<p>&nbsp;<\/p>\n<\/div><\/div><div id=\"panel-2578-1-0-2\" class=\"so-panel widget widget_black-studio-tinymce widget_black_studio_tinymce\" data-index=\"4\" ><div class=\"textwidget\"><h4>ARFF-Steuerung in 3D<\/p>\n<\/div><\/div><div id=\"panel-2578-1-0-3\" class=\"so-panel widget widget_black-studio-tinymce widget_black_studio_tinymce panel-last-child\" data-index=\"5\" ><div class=\"textwidget\"><p><a href=\"https:\/\/gft.eu\/wp-content\/uploads\/2020\/02\/Display-scaled-e1582123003443.jpg\"><img loading=\"lazy\" decoding=\"async\" class=\"alignnone wp-image-3115\" src=\"https:\/\/gft.eu\/wp-content\/uploads\/2020\/02\/Display-scaled-e1582123003443-300x222.jpg\" alt=\"\" width=\"238\" height=\"176\" srcset=\"https:\/\/gft.eu\/wp-content\/uploads\/2020\/02\/Display-scaled-e1582123003443-300x222.jpg 300w, https:\/\/gft.eu\/wp-content\/uploads\/2020\/02\/Display-scaled-e1582123003443-1024x758.jpg 1024w, https:\/\/gft.eu\/wp-content\/uploads\/2020\/02\/Display-scaled-e1582123003443-768x568.jpg 768w, https:\/\/gft.eu\/wp-content\/uploads\/2020\/02\/Display-scaled-e1582123003443-1536x1136.jpg 1536w, https:\/\/gft.eu\/wp-content\/uploads\/2020\/02\/Display-scaled-e1582123003443-2048x1515.jpg 2048w, https:\/\/gft.eu\/wp-content\/uploads\/2020\/02\/Display-scaled-e1582123003443-555x411.jpg 555w, https:\/\/gft.eu\/wp-content\/uploads\/2020\/02\/Display-scaled-e1582123003443-100x75.jpg 100w\" sizes=\"(max-width: 238px) 100vw, 238px\" \/><\/a><\/p>\n<p>&nbsp;<\/p>\n<\/div><\/div><\/div><div id=\"pgc-2578-1-1\"  class=\"panel-grid-cell\" ><div id=\"panel-2578-1-1-0\" class=\"so-panel widget widget_black-studio-tinymce widget_black_studio_tinymce panel-first-child\" data-index=\"6\" ><div class=\"textwidget\"><h4>5 Sektionen im \u00dcberblick in 3D (oben)<br \/>\nSektionsteuerung in 3D (unten)<\/h4>\n<h4>\n<\/div><\/div><div id=\"panel-2578-1-1-1\" class=\"so-panel widget widget_black-studio-tinymce widget_black_studio_tinymce\" data-index=\"7\" ><div class=\"textwidget\"><p><a href=\"https:\/\/gft.eu\/wp-content\/uploads\/2023\/07\/ZoomedOut.png\"><img loading=\"lazy\" decoding=\"async\" class=\"wp-image-3551 alignleft\" src=\"https:\/\/gft.eu\/wp-content\/uploads\/2023\/07\/ZoomedOut-300x164.png\" alt=\"\" width=\"349\" height=\"191\" srcset=\"https:\/\/gft.eu\/wp-content\/uploads\/2023\/07\/ZoomedOut-300x164.png 300w, https:\/\/gft.eu\/wp-content\/uploads\/2023\/07\/ZoomedOut-1024x559.png 1024w, https:\/\/gft.eu\/wp-content\/uploads\/2023\/07\/ZoomedOut-768x419.png 768w, https:\/\/gft.eu\/wp-content\/uploads\/2023\/07\/ZoomedOut-1536x838.png 1536w, https:\/\/gft.eu\/wp-content\/uploads\/2023\/07\/ZoomedOut-555x303.png 555w, https:\/\/gft.eu\/wp-content\/uploads\/2023\/07\/ZoomedOut.png 1904w\" sizes=\"(max-width: 349px) 100vw, 349px\" \/><\/a><\/p>\n<p>&nbsp;<\/p>\n<p>&nbsp;<\/p>\n<p>&nbsp;<\/p>\n<p>&nbsp;<\/p>\n<p>&nbsp;<\/p>\n<p><a href=\"https:\/\/gft.eu\/wp-content\/uploads\/2023\/07\/Section3_variant2.png\"><img loading=\"lazy\" decoding=\"async\" class=\"wp-image-3549 alignleft\" src=\"https:\/\/gft.eu\/wp-content\/uploads\/2023\/07\/Section3_variant2-300x164.png\" alt=\"\" width=\"348\" height=\"190\" srcset=\"https:\/\/gft.eu\/wp-content\/uploads\/2023\/07\/Section3_variant2-300x164.png 300w, https:\/\/gft.eu\/wp-content\/uploads\/2023\/07\/Section3_variant2-1024x559.png 1024w, https:\/\/gft.eu\/wp-content\/uploads\/2023\/07\/Section3_variant2-768x419.png 768w, https:\/\/gft.eu\/wp-content\/uploads\/2023\/07\/Section3_variant2-1536x839.png 1536w, https:\/\/gft.eu\/wp-content\/uploads\/2023\/07\/Section3_variant2-555x303.png 555w, https:\/\/gft.eu\/wp-content\/uploads\/2023\/07\/Section3_variant2.png 1903w\" sizes=\"(max-width: 348px) 100vw, 348px\" \/><\/a><\/p>\n<\/div><\/div><div id=\"panel-2578-1-1-2\" class=\"so-panel widget widget_black-studio-tinymce widget_black_studio_tinymce\" data-index=\"8\" ><div class=\"textwidget\"><h4>Beispiel eines zentralen Steuerungsystems<\/h4>\n<h4>\n<\/div><\/div><div id=\"panel-2578-1-1-3\" class=\"so-panel widget widget_black-studio-tinymce widget_black_studio_tinymce panel-last-child\" data-index=\"9\" ><div class=\"textwidget\"><p><a href=\"https:\/\/gft.eu\/wp-content\/uploads\/2023\/07\/mmexport1688560928574.jpg\"><img loading=\"lazy\" decoding=\"async\" class=\"alignnone  wp-image-3638\" src=\"https:\/\/gft.eu\/wp-content\/uploads\/2023\/07\/mmexport1688560928574-300x139.jpg\" alt=\"\" width=\"349\" height=\"162\" srcset=\"https:\/\/gft.eu\/wp-content\/uploads\/2023\/07\/mmexport1688560928574-300x139.jpg 300w, https:\/\/gft.eu\/wp-content\/uploads\/2023\/07\/mmexport1688560928574-1024x473.jpg 1024w, https:\/\/gft.eu\/wp-content\/uploads\/2023\/07\/mmexport1688560928574-768x355.jpg 768w, https:\/\/gft.eu\/wp-content\/uploads\/2023\/07\/mmexport1688560928574-1536x710.jpg 1536w, https:\/\/gft.eu\/wp-content\/uploads\/2023\/07\/mmexport1688560928574-555x256.jpg 555w, https:\/\/gft.eu\/wp-content\/uploads\/2023\/07\/mmexport1688560928574.jpg 1920w\" sizes=\"(max-width: 349px) 100vw, 349px\" \/><\/a><\/p>\n<\/div><\/div><\/div><div id=\"pgc-2578-1-2\"  class=\"panel-grid-cell\" ><div id=\"panel-2578-1-2-0\" class=\"so-panel widget widget_black-studio-tinymce widget_black_studio_tinymce panel-first-child\" data-index=\"10\" ><div class=\"textwidget\"><h4 id=\"cc-m-header-11365170027\">Steuerung \u00fcber Tablet-Touchscreen in 3D (Video)<\/h4>\n<p>Was hier am Beispiel einer Fernbedienung gezeigt wird, ist nat\u00fcrlich auch \u00fcber eine zentrale Steuerung m\u00f6glich!<br \/>\n(Riesige Trainingsanlage mit 5 Sektionen)<\/p>\n<h4>\n<\/div><\/div><div id=\"panel-2578-1-2-1\" class=\"so-panel widget widget_media_video panel-last-child\" data-index=\"11\" ><div style=\"width:100%;\" class=\"wp-video\"><!--[if lt IE 9]><script>document.createElement('video');<\/script><![endif]-->\n<video class=\"wp-video-shortcode\" id=\"video-2578-1\" preload=\"metadata\" controls=\"controls\"><source type=\"video\/mp4\" src=\"https:\/\/gft.eu\/wp-content\/uploads\/2023\/07\/3DSteuerung.m4v?_=1\" \/><source type=\"video\/mp4\" src=\"https:\/\/gft.eu\/wp-content\/uploads\/2023\/07\/3DSteuerung.m4v?_=1\" \/><a href=\"https:\/\/gft.eu\/wp-content\/uploads\/2023\/07\/3DSteuerung.m4v\">https:\/\/gft.eu\/wp-content\/uploads\/2023\/07\/3DSteuerung.m4v<\/a><\/video><\/div><\/div><\/div><\/div><\/div>","protected":false},"excerpt":{"rendered":"<p>Steuern Sie s\u00e4mtliche Brandstellen einfach und intuitiv \u00fcber selbsterkl\u00e4rende und gut erkennbare Icons.<\/p>\n","protected":false},"author":1,"featured_media":2579,"parent":2261,"menu_order":0,"comment_status":"closed","ping_status":"closed","template":"","meta":{"ngg_post_thumbnail":0,"footnotes":""},"_links":{"self":[{"href":"https:\/\/gft.eu\/de\/wp-json\/wp\/v2\/pages\/2578"}],"collection":[{"href":"https:\/\/gft.eu\/de\/wp-json\/wp\/v2\/pages"}],"about":[{"href":"https:\/\/gft.eu\/de\/wp-json\/wp\/v2\/types\/page"}],"author":[{"embeddable":true,"href":"https:\/\/gft.eu\/de\/wp-json\/wp\/v2\/users\/1"}],"replies":[{"embeddable":true,"href":"https:\/\/gft.eu\/de\/wp-json\/wp\/v2\/comments?post=2578"}],"version-history":[{"count":29,"href":"https:\/\/gft.eu\/de\/wp-json\/wp\/v2\/pages\/2578\/revisions"}],"predecessor-version":[{"id":3653,"href":"https:\/\/gft.eu\/de\/wp-json\/wp\/v2\/pages\/2578\/revisions\/3653"}],"up":[{"embeddable":true,"href":"https:\/\/gft.eu\/de\/wp-json\/wp\/v2\/pages\/2261"}],"wp:featuredmedia":[{"embeddable":true,"href":"https:\/\/gft.eu\/de\/wp-json\/wp\/v2\/media\/2579"}],"wp:attachment":[{"href":"https:\/\/gft.eu\/de\/wp-json\/wp\/v2\/media?parent=2578"}],"curies":[{"name":"wp","href":"https:\/\/api.w.org\/{rel}","templated":true}]}}