{"id":2584,"date":"2015-06-06T12:28:45","date_gmt":"2015-06-06T10:28:45","guid":{"rendered":"https:\/\/www.gft.eu\/?page_id=2584"},"modified":"2023-07-05T13:58:01","modified_gmt":"2023-07-05T11:58:01","slug":"gft-fernbedienungen-fuer-anlagensteuerungen","status":"publish","type":"page","link":"https:\/\/gft.eu\/de\/unsere-produkte\/firetrainer\/gft-fernbedienungen-fuer-anlagensteuerungen\/","title":{"rendered":"GFT Fernbedienungen f\u00fcr Anlagensteuerungen"},"content":{"rendered":"<div id=\"pl-2584\"  class=\"panel-layout\" ><div id=\"pg-2584-0\"  class=\"panel-grid panel-no-style\" ><div id=\"pgc-2584-0-0\"  class=\"panel-grid-cell\" ><div id=\"panel-2584-0-0-0\" class=\"so-panel widget widget_black-studio-tinymce widget_black_studio_tinymce panel-first-child panel-last-child\" data-index=\"0\" ><div class=\"textwidget\"><p><a href=\"https:\/\/gft.eu\/wp-content\/uploads\/2015\/06\/fernbedienung.jpg\"><img loading=\"lazy\" decoding=\"async\" class=\"alignnone wp-image-2586 size-full\" src=\"https:\/\/gft.eu\/wp-content\/uploads\/2015\/06\/fernbedienung.jpg\" alt=\"fernbedienung\" width=\"859\" height=\"606\" srcset=\"https:\/\/gft.eu\/wp-content\/uploads\/2015\/06\/fernbedienung.jpg 859w, https:\/\/gft.eu\/wp-content\/uploads\/2015\/06\/fernbedienung-300x212.jpg 300w, https:\/\/gft.eu\/wp-content\/uploads\/2015\/06\/fernbedienung-555x392.jpg 555w\" sizes=\"(max-width: 859px) 100vw, 859px\" \/><\/a><\/p>\n<\/div><\/div><\/div><div id=\"pgc-2584-0-1\"  class=\"panel-grid-cell\" ><div id=\"panel-2584-0-1-0\" class=\"so-panel widget widget_black-studio-tinymce widget_black_studio_tinymce panel-first-child panel-last-child\" data-index=\"1\" ><div class=\"textwidget\"><h3 style=\"text-align: left;\">GFT Funk-Fernbedienungen sind st\u00f6rungsfrei und k\u00f6nnen lizenzfrei \u00fcberall auf der Welt betrieben werden.<\/h3>\n<p style=\"text-align: left;\">Ihr zus\u00e4tzlicher Einsatz zu einer zentralen Steuerung erh\u00f6ht die Sicherheit und den Komfort. Selbstverst\u00e4ndlich kann eine GFT Fernbedienung auch statt einer zentralen Anlagensteuerung verwendet werden. F\u00fcr diesen Zweck empfehlen wir unsere Tablet - L\u00f6sung. Mit GFT sind Sie auch steuerungstechnisch ganz weit vorn.<\/p>\n<p>(Links sehen Sie ein Beispiel der bew\u00e4hrten Tastenfernbedienung)<\/p>\n<h3 style=\"text-align: left;\">\n<\/div><\/div><\/div><\/div><div id=\"pg-2584-1\"  class=\"panel-grid panel-no-style\" ><div id=\"pgc-2584-1-0\"  class=\"panel-grid-cell\" ><div id=\"panel-2584-1-0-0\" class=\"so-panel widget widget_black-studio-tinymce widget_black_studio_tinymce panel-first-child panel-last-child\" data-index=\"2\" ><div class=\"textwidget\"><h3 id=\"cc-m-header-11365170027\" class=\"\">Nat\u00fcrlich auch zeitgem\u00e4\u00dfer \u00fcber Tablet-Touchscreen und in 2D oder 3D<\/h3>\n<p>Siehe Bilder und Video (rechts)<\/p>\n<h3 class=\"\">\n<\/div><\/div><\/div><\/div><div id=\"pg-2584-2\"  class=\"panel-grid panel-no-style\" ><div id=\"pgc-2584-2-0\"  class=\"panel-grid-cell\" ><div id=\"panel-2584-2-0-0\" class=\"so-panel widget widget_black-studio-tinymce widget_black_studio_tinymce panel-first-child\" data-index=\"3\" ><div class=\"textwidget\"><h4>ARFF-Steuerung in 2D<\/p>\n<\/div><\/div><div id=\"panel-2584-2-0-1\" class=\"so-panel widget widget_black-studio-tinymce widget_black_studio_tinymce\" data-index=\"4\" ><div class=\"textwidget\"><p><a href=\"https:\/\/gft.eu\/wp-content\/uploads\/2020\/02\/Anlagensteuerung-scaled-e1582121894476.jpg\"><img loading=\"lazy\" decoding=\"async\" class=\"alignnone wp-image-3133\" src=\"https:\/\/gft.eu\/wp-content\/uploads\/2020\/02\/Anlagensteuerung-scaled-e1582121894476-300x219.jpg\" alt=\"\" width=\"258\" height=\"189\" srcset=\"https:\/\/gft.eu\/wp-content\/uploads\/2020\/02\/Anlagensteuerung-scaled-e1582121894476-300x219.jpg 300w, https:\/\/gft.eu\/wp-content\/uploads\/2020\/02\/Anlagensteuerung-scaled-e1582121894476-1024x748.jpg 1024w, https:\/\/gft.eu\/wp-content\/uploads\/2020\/02\/Anlagensteuerung-scaled-e1582121894476-768x561.jpg 768w, https:\/\/gft.eu\/wp-content\/uploads\/2020\/02\/Anlagensteuerung-scaled-e1582121894476-1536x1122.jpg 1536w, https:\/\/gft.eu\/wp-content\/uploads\/2020\/02\/Anlagensteuerung-scaled-e1582121894476-2048x1497.jpg 2048w, https:\/\/gft.eu\/wp-content\/uploads\/2020\/02\/Anlagensteuerung-scaled-e1582121894476-555x406.jpg 555w\" sizes=\"(max-width: 258px) 100vw, 258px\" \/><\/a><\/p>\n<p>&nbsp;<\/p>\n<\/div><\/div><div id=\"panel-2584-2-0-2\" class=\"so-panel widget widget_black-studio-tinymce widget_black_studio_tinymce\" data-index=\"5\" ><div class=\"textwidget\"><h4>ARFF-Steuerung in 3D<\/p>\n<\/div><\/div><div id=\"panel-2584-2-0-3\" class=\"so-panel widget widget_black-studio-tinymce widget_black_studio_tinymce panel-last-child\" data-index=\"6\" ><div class=\"textwidget\"><p><a href=\"https:\/\/gft.eu\/wp-content\/uploads\/2020\/02\/Display-scaled-e1582123003443.jpg\"><img loading=\"lazy\" decoding=\"async\" class=\"alignnone wp-image-3115\" src=\"https:\/\/gft.eu\/wp-content\/uploads\/2020\/02\/Display-scaled-e1582123003443-300x222.jpg\" alt=\"\" width=\"258\" height=\"191\" srcset=\"https:\/\/gft.eu\/wp-content\/uploads\/2020\/02\/Display-scaled-e1582123003443-300x222.jpg 300w, https:\/\/gft.eu\/wp-content\/uploads\/2020\/02\/Display-scaled-e1582123003443-1024x758.jpg 1024w, https:\/\/gft.eu\/wp-content\/uploads\/2020\/02\/Display-scaled-e1582123003443-768x568.jpg 768w, https:\/\/gft.eu\/wp-content\/uploads\/2020\/02\/Display-scaled-e1582123003443-1536x1136.jpg 1536w, https:\/\/gft.eu\/wp-content\/uploads\/2020\/02\/Display-scaled-e1582123003443-2048x1515.jpg 2048w, https:\/\/gft.eu\/wp-content\/uploads\/2020\/02\/Display-scaled-e1582123003443-555x411.jpg 555w, https:\/\/gft.eu\/wp-content\/uploads\/2020\/02\/Display-scaled-e1582123003443-100x75.jpg 100w\" sizes=\"(max-width: 258px) 100vw, 258px\" \/><\/a><\/p>\n<p>&nbsp;<\/p>\n<\/div><\/div><\/div><div id=\"pgc-2584-2-1\"  class=\"panel-grid-cell\" ><div id=\"panel-2584-2-1-0\" class=\"so-panel widget widget_black-studio-tinymce widget_black_studio_tinymce panel-first-child\" data-index=\"7\" ><div class=\"textwidget\"><h4>5 Sektionen im \u00dcberblick in 3D<\/h4>\n<h4>\n<\/div><\/div><div id=\"panel-2584-2-1-1\" class=\"so-panel widget widget_black-studio-tinymce widget_black_studio_tinymce\" data-index=\"8\" ><div class=\"textwidget\"><p><a href=\"https:\/\/gft.eu\/wp-content\/uploads\/2023\/07\/ZoomedOut.png\"><img loading=\"lazy\" decoding=\"async\" class=\"alignnone wp-image-3551\" src=\"https:\/\/gft.eu\/wp-content\/uploads\/2023\/07\/ZoomedOut-300x164.png\" alt=\"\" width=\"349\" height=\"191\" srcset=\"https:\/\/gft.eu\/wp-content\/uploads\/2023\/07\/ZoomedOut-300x164.png 300w, https:\/\/gft.eu\/wp-content\/uploads\/2023\/07\/ZoomedOut-1024x559.png 1024w, https:\/\/gft.eu\/wp-content\/uploads\/2023\/07\/ZoomedOut-768x419.png 768w, https:\/\/gft.eu\/wp-content\/uploads\/2023\/07\/ZoomedOut-1536x838.png 1536w, https:\/\/gft.eu\/wp-content\/uploads\/2023\/07\/ZoomedOut-555x303.png 555w, https:\/\/gft.eu\/wp-content\/uploads\/2023\/07\/ZoomedOut.png 1904w\" sizes=\"(max-width: 349px) 100vw, 349px\" \/><\/a><\/p>\n<p>&nbsp;<\/p>\n<\/div><\/div><div id=\"panel-2584-2-1-2\" class=\"so-panel widget widget_black-studio-tinymce widget_black_studio_tinymce\" data-index=\"9\" ><div class=\"textwidget\"><h4>Sektionsteuerung in 3D<\/h4>\n<h4>\n<\/div><\/div><div id=\"panel-2584-2-1-3\" class=\"so-panel widget widget_black-studio-tinymce widget_black_studio_tinymce panel-last-child\" data-index=\"10\" ><div class=\"textwidget\"><p><a href=\"https:\/\/gft.eu\/wp-content\/uploads\/2023\/07\/Section3_variant2.png\"><img loading=\"lazy\" decoding=\"async\" class=\"alignnone wp-image-3549\" src=\"https:\/\/gft.eu\/wp-content\/uploads\/2023\/07\/Section3_variant2-300x164.png\" alt=\"\" width=\"349\" height=\"191\" srcset=\"https:\/\/gft.eu\/wp-content\/uploads\/2023\/07\/Section3_variant2-300x164.png 300w, https:\/\/gft.eu\/wp-content\/uploads\/2023\/07\/Section3_variant2-1024x559.png 1024w, https:\/\/gft.eu\/wp-content\/uploads\/2023\/07\/Section3_variant2-768x419.png 768w, https:\/\/gft.eu\/wp-content\/uploads\/2023\/07\/Section3_variant2-1536x839.png 1536w, https:\/\/gft.eu\/wp-content\/uploads\/2023\/07\/Section3_variant2-555x303.png 555w, https:\/\/gft.eu\/wp-content\/uploads\/2023\/07\/Section3_variant2.png 1903w\" sizes=\"(max-width: 349px) 100vw, 349px\" \/><\/a><\/p>\n<\/div><\/div><\/div><div id=\"pgc-2584-2-2\"  class=\"panel-grid-cell\" ><div id=\"panel-2584-2-2-0\" class=\"so-panel widget widget_black-studio-tinymce widget_black_studio_tinymce panel-first-child\" data-index=\"11\" ><div class=\"textwidget\"><h4 id=\"cc-m-header-11365170027\">Steuerung \u00fcber Tablet-Touchscreen in 3D (Video)<\/h4>\n<p>(Riesige Trainingsanlage mit 5 Sektionen)<\/p>\n<h4>\n<\/div><\/div><div id=\"panel-2584-2-2-1\" class=\"so-panel widget widget_media_video panel-last-child\" data-index=\"12\" ><div style=\"width:100%;\" class=\"wp-video\"><!--[if lt IE 9]><script>document.createElement('video');<\/script><![endif]-->\n<video class=\"wp-video-shortcode\" id=\"video-2584-1\" preload=\"metadata\" controls=\"controls\"><source type=\"video\/mp4\" src=\"https:\/\/gft.eu\/wp-content\/uploads\/2023\/07\/3DSteuerung.m4v?_=1\" \/><source type=\"video\/mp4\" src=\"https:\/\/gft.eu\/wp-content\/uploads\/2023\/07\/3DSteuerung.m4v?_=1\" \/><a href=\"https:\/\/gft.eu\/wp-content\/uploads\/2023\/07\/3DSteuerung.m4v\">https:\/\/gft.eu\/wp-content\/uploads\/2023\/07\/3DSteuerung.m4v<\/a><\/video><\/div><\/div><\/div><\/div><\/div>","protected":false},"excerpt":{"rendered":"<p>GFT Funk-Fernbedienungen sind st\u00f6rungsfrei und k\u00f6nnen lizenzfrei \u00fcberall auf der Welt betrieben werden.<\/p>\n","protected":false},"author":1,"featured_media":2586,"parent":2261,"menu_order":0,"comment_status":"closed","ping_status":"closed","template":"","meta":{"ngg_post_thumbnail":0,"footnotes":""},"_links":{"self":[{"href":"https:\/\/gft.eu\/de\/wp-json\/wp\/v2\/pages\/2584"}],"collection":[{"href":"https:\/\/gft.eu\/de\/wp-json\/wp\/v2\/pages"}],"about":[{"href":"https:\/\/gft.eu\/de\/wp-json\/wp\/v2\/types\/page"}],"author":[{"embeddable":true,"href":"https:\/\/gft.eu\/de\/wp-json\/wp\/v2\/users\/1"}],"replies":[{"embeddable":true,"href":"https:\/\/gft.eu\/de\/wp-json\/wp\/v2\/comments?post=2584"}],"version-history":[{"count":11,"href":"https:\/\/gft.eu\/de\/wp-json\/wp\/v2\/pages\/2584\/revisions"}],"predecessor-version":[{"id":3629,"href":"https:\/\/gft.eu\/de\/wp-json\/wp\/v2\/pages\/2584\/revisions\/3629"}],"up":[{"embeddable":true,"href":"https:\/\/gft.eu\/de\/wp-json\/wp\/v2\/pages\/2261"}],"wp:featuredmedia":[{"embeddable":true,"href":"https:\/\/gft.eu\/de\/wp-json\/wp\/v2\/media\/2586"}],"wp:attachment":[{"href":"https:\/\/gft.eu\/de\/wp-json\/wp\/v2\/media?parent=2584"}],"curies":[{"name":"wp","href":"https:\/\/api.w.org\/{rel}","templated":true}]}}