{"id":2588,"date":"2015-06-06T12:33:19","date_gmt":"2015-06-06T10:33:19","guid":{"rendered":"https:\/\/www.gft.eu\/?page_id=2588"},"modified":"2015-06-08T19:48:32","modified_gmt":"2015-06-08T17:48:32","slug":"anlagensteuerungen","status":"publish","type":"page","link":"https:\/\/gft.eu\/de\/unsere-produkte\/anlagensteuerungen\/","title":{"rendered":"Anlagensteuerungen"},"content":{"rendered":"<div id=\"pl-2588\"  class=\"panel-layout\" ><div id=\"pg-2588-0\"  class=\"panel-grid panel-no-style\" ><div id=\"pgc-2588-0-0\"  class=\"panel-grid-cell\" ><div id=\"panel-2588-0-0-0\" class=\"so-panel widget widget_pt_featured_page widget-featured-page panel-first-child panel-last-child\" data-index=\"0\" >\t\t\t\t<div class=\"page-box page-box--block post-2588 page type-page status-publish has-post-thumbnail hentry\">\n\t\t\t\t\t<a class=\"page-box__picture\" href=\"https:\/\/gft.eu\/de\/unsere-produkte\/firetrainer\/gft-drucktaster-anlagensteuerungen\/\"><img loading=\"lazy\" decoding=\"async\" width=\"360\" height=\"240\" src=\"https:\/\/gft.eu\/wp-content\/uploads\/2015\/06\/image-6-360x240.jpg\" class=\"attachment-page-box size-page-box wp-post-image\" alt=\"\" \/><\/a>\n\t\t\t\t\t<div class=\"page-box__content\">\n\t\t\t\t\t\t<h5 class=\"page-box__title  text-uppercase\"><a href=\"https:\/\/gft.eu\/de\/unsere-produkte\/firetrainer\/gft-drucktaster-anlagensteuerungen\/\">GFT Drucktaster-Anlagensteuerungen<\/a><\/h5>\n\t\t\t\t\t\t<p>Die einfachste und kosteng\u00fcnstigste Variante. Trotzdem bleiben Sie flexibel!<\/p>\n\t\t\t\t\t\t\t\t\t\t\t\t\t<p><a href=\"https:\/\/gft.eu\/de\/unsere-produkte\/firetrainer\/gft-drucktaster-anlagensteuerungen\/\" class=\"read-more  read-more--page-box\">Mehr lesen<\/a><\/p>\n\t\t\t\t\t\t\t\t\t\t\t<\/div>\n\t\t\t\t<\/div>\n\n\t\t\t<\/div><\/div><div id=\"pgc-2588-0-1\"  class=\"panel-grid-cell\" ><div id=\"panel-2588-0-1-0\" class=\"so-panel widget widget_pt_featured_page widget-featured-page panel-first-child panel-last-child\" data-index=\"1\" >\t\t\t\t<div class=\"page-box page-box--block post-2588 page type-page status-publish has-post-thumbnail hentry\">\n\t\t\t\t\t<a class=\"page-box__picture\" href=\"https:\/\/gft.eu\/de\/unsere-produkte\/firetrainer\/gft-touchscreen-control-in-3d-optik\/\"><img loading=\"lazy\" decoding=\"async\" width=\"360\" height=\"240\" src=\"https:\/\/gft.eu\/wp-content\/uploads\/2015\/06\/image-7-360x240.jpg\" class=\"attachment-page-box size-page-box wp-post-image\" alt=\"\" \/><\/a>\n\t\t\t\t\t<div class=\"page-box__content\">\n\t\t\t\t\t\t<h5 class=\"page-box__title  text-uppercase\"><a href=\"https:\/\/gft.eu\/de\/unsere-produkte\/firetrainer\/gft-touchscreen-control-in-3d-optik\/\">GFT Touchscreen-Control in 3D-Optik<\/a><\/h5>\n\t\t\t\t\t\t<p>Steuern Sie s\u00e4mtliche Brandstellen einfach und intuitiv \u00fcber selbsterkl\u00e4rende und gut erkennbare Icons.<\/p>\n\t\t\t\t\t\t\t\t\t\t\t\t\t<p><a href=\"https:\/\/gft.eu\/de\/unsere-produkte\/firetrainer\/gft-touchscreen-control-in-3d-optik\/\" class=\"read-more  read-more--page-box\">Mehr lesen<\/a><\/p>\n\t\t\t\t\t\t\t\t\t\t\t<\/div>\n\t\t\t\t<\/div>\n\n\t\t\t<\/div><\/div><div id=\"pgc-2588-0-2\"  class=\"panel-grid-cell\" ><div id=\"panel-2588-0-2-0\" class=\"so-panel widget widget_pt_featured_page widget-featured-page panel-first-child panel-last-child\" data-index=\"2\" >\t\t\t\t<div class=\"page-box page-box--block post-2588 page type-page status-publish has-post-thumbnail hentry\">\n\t\t\t\t\t<a class=\"page-box__picture\" href=\"https:\/\/gft.eu\/de\/unsere-produkte\/firetrainer\/gft-fernbedienungen-fuer-anlagensteuerungen\/\"><img loading=\"lazy\" decoding=\"async\" width=\"360\" height=\"240\" src=\"https:\/\/gft.eu\/wp-content\/uploads\/2015\/06\/fernbedienung-360x240.jpg\" class=\"attachment-page-box size-page-box wp-post-image\" alt=\"\" \/><\/a>\n\t\t\t\t\t<div class=\"page-box__content\">\n\t\t\t\t\t\t<h5 class=\"page-box__title  text-uppercase\"><a href=\"https:\/\/gft.eu\/de\/unsere-produkte\/firetrainer\/gft-fernbedienungen-fuer-anlagensteuerungen\/\">GFT Fernbedienungen f\u00fcr Anlagensteuerungen<\/a><\/h5>\n\t\t\t\t\t\t<p>GFT Funk-Fernbedienungen sind st\u00f6rungsfrei und k\u00f6nnen lizenzfrei \u00fcberall auf der Welt betrieben werden.<\/p>\n\t\t\t\t\t\t\t\t\t\t\t\t\t<p><a href=\"https:\/\/gft.eu\/de\/unsere-produkte\/firetrainer\/gft-fernbedienungen-fuer-anlagensteuerungen\/\" class=\"read-more  read-more--page-box\">Mehr lesen<\/a><\/p>\n\t\t\t\t\t\t\t\t\t\t\t<\/div>\n\t\t\t\t<\/div>\n\n\t\t\t<\/div><\/div><\/div><\/div>","protected":false},"excerpt":{"rendered":"<p>Hier finden Sie eine \u00dcbersicht unserer Anlagensteuerungen \u2026<\/p>\n","protected":false},"author":1,"featured_media":2586,"parent":49,"menu_order":0,"comment_status":"closed","ping_status":"open","template":"","meta":{"ngg_post_thumbnail":0,"footnotes":""},"_links":{"self":[{"href":"https:\/\/gft.eu\/de\/wp-json\/wp\/v2\/pages\/2588"}],"collection":[{"href":"https:\/\/gft.eu\/de\/wp-json\/wp\/v2\/pages"}],"about":[{"href":"https:\/\/gft.eu\/de\/wp-json\/wp\/v2\/types\/page"}],"author":[{"embeddable":true,"href":"https:\/\/gft.eu\/de\/wp-json\/wp\/v2\/users\/1"}],"replies":[{"embeddable":true,"href":"https:\/\/gft.eu\/de\/wp-json\/wp\/v2\/comments?post=2588"}],"version-history":[{"count":3,"href":"https:\/\/gft.eu\/de\/wp-json\/wp\/v2\/pages\/2588\/revisions"}],"predecessor-version":[{"id":2747,"href":"https:\/\/gft.eu\/de\/wp-json\/wp\/v2\/pages\/2588\/revisions\/2747"}],"up":[{"embeddable":true,"href":"https:\/\/gft.eu\/de\/wp-json\/wp\/v2\/pages\/49"}],"wp:featuredmedia":[{"embeddable":true,"href":"https:\/\/gft.eu\/de\/wp-json\/wp\/v2\/media\/2586"}],"wp:attachment":[{"href":"https:\/\/gft.eu\/de\/wp-json\/wp\/v2\/media?parent=2588"}],"curies":[{"name":"wp","href":"https:\/\/api.w.org\/{rel}","templated":true}]}}