{"id":2615,"date":"2015-06-06T13:04:44","date_gmt":"2015-06-06T11:04:44","guid":{"rendered":"https:\/\/www.gft.eu\/?page_id=2615"},"modified":"2015-06-08T22:43:52","modified_gmt":"2015-06-08T20:43:52","slug":"unsere-technik","status":"publish","type":"page","link":"https:\/\/gft.eu\/de\/technik\/","title":{"rendered":"TECHNIK"},"content":{"rendered":"<div id=\"pl-2615\"  class=\"panel-layout\" ><div id=\"pg-2615-0\"  class=\"panel-grid panel-no-style\" ><div id=\"pgc-2615-0-0\"  class=\"panel-grid-cell\" ><div id=\"panel-2615-0-0-0\" class=\"so-panel widget widget_black-studio-tinymce widget_black_studio_tinymce panel-first-child panel-last-child\" data-index=\"0\" ><div class=\"textwidget\"><h3 id=\"cc-m-header-11359004627\" class=\"\" style=\"text-align: center;\">Leidenschaft f\u00fcr Innovationen<\/h3>\n<p style=\"text-align: center;\">GFT hat seinen Anspruch auf Kundenorientierung und au\u00dfergew\u00f6hnliche Technik durch kontinuierliche kundenspezifische Innovationen ganz erheblich ausgebaut. Diese sehr erfolgreich vollzogenen Technologie-Spr\u00fcnge stellen heutzutage das \"Non-Plus-Ultra\" in der Welt der Brandsimulationsanlagen dar.<\/p>\n<p style=\"text-align: center;\">Insbesondere die M\u00f6glichkeit der\u00a0<strong>tauschbaren Brandstellen<\/strong>\u00a0sowie der einfachen\u00a0<strong>Erweiterbarkeit<\/strong>\u00a0sind einzigartige Technologie-Highlights. Nat\u00fcrlich von GFT.<\/p>\n<h3 id=\"cc-m-header-11359004627\" class=\"\" style=\"text-align: center;\">\n<\/div><\/div><\/div><\/div><div id=\"pg-2615-1\"  class=\"panel-grid panel-no-style\" ><div id=\"pgc-2615-1-0\"  class=\"panel-grid-cell\" ><div id=\"panel-2615-1-0-0\" class=\"so-panel widget widget_pt_featured_page widget-featured-page panel-first-child panel-last-child\" data-index=\"1\" >\t\t\t\t<div class=\"page-box page-box--block post-2615 page type-page status-publish has-post-thumbnail hentry\">\n\t\t\t\t\t<a class=\"page-box__picture\" href=\"https:\/\/gft.eu\/de\/technik\/sicherheits-bus-system\/\"><img loading=\"lazy\" decoding=\"async\" width=\"360\" height=\"224\" src=\"https:\/\/gft.eu\/wp-content\/uploads\/2015\/06\/logo_huge_live_fire_retina-360x224.png\" class=\"attachment-page-box size-page-box wp-post-image\" alt=\"\" \/><\/a>\n\t\t\t\t\t<div class=\"page-box__content\">\n\t\t\t\t\t\t<h5 class=\"page-box__title  text-uppercase\"><a href=\"https:\/\/gft.eu\/de\/technik\/sicherheits-bus-system\/\">Sicherheits-BUS-System<\/a><\/h5>\n\t\t\t\t\t\t<p>Um den au\u00dfergew\u00f6hnlichen Anforderungen in unserem sehr speziellen Marktsegment gerecht zu werden, wurde zur sicherheitskritischen Steuerung und \u00dcberwachung von Brand\u00fcbungsanlagen ein GFT-eigenes elektronisches Sicherheits-BUS-System &hellip;<\/p>\n\t\t\t\t\t\t\t\t\t\t\t\t\t<p><a href=\"https:\/\/gft.eu\/de\/technik\/sicherheits-bus-system\/\" class=\"read-more  read-more--page-box\">Mehr lesen<\/a><\/p>\n\t\t\t\t\t\t\t\t\t\t\t<\/div>\n\t\t\t\t<\/div>\n\n\t\t\t<\/div><\/div><div id=\"pgc-2615-1-1\"  class=\"panel-grid-cell\" ><div id=\"panel-2615-1-1-0\" class=\"so-panel widget widget_pt_featured_page widget-featured-page panel-first-child panel-last-child\" data-index=\"2\" >\t\t\t\t<div class=\"page-box page-box--block post-2615 page type-page status-publish has-post-thumbnail hentry\">\n\t\t\t\t\t<a class=\"page-box__picture\" href=\"https:\/\/gft.eu\/de\/technik\/fernbedienung\/\"><img loading=\"lazy\" decoding=\"async\" width=\"360\" height=\"224\" src=\"https:\/\/gft.eu\/wp-content\/uploads\/2015\/06\/logo_huge_live_fire_retina-360x224.png\" class=\"attachment-page-box size-page-box wp-post-image\" alt=\"\" \/><\/a>\n\t\t\t\t\t<div class=\"page-box__content\">\n\t\t\t\t\t\t<h5 class=\"page-box__title  text-uppercase\"><a href=\"https:\/\/gft.eu\/de\/technik\/fernbedienung\/\">Fernbedienung<\/a><\/h5>\n\t\t\t\t\t\t<p>GFT Sicherheits-Funk-Fernbedienung<\/p>\n\t\t\t\t\t\t\t\t\t\t\t\t\t<p><a href=\"https:\/\/gft.eu\/de\/technik\/fernbedienung\/\" class=\"read-more  read-more--page-box\">Mehr lesen<\/a><\/p>\n\t\t\t\t\t\t\t\t\t\t\t<\/div>\n\t\t\t\t<\/div>\n\n\t\t\t<\/div><\/div><div id=\"pgc-2615-1-2\"  class=\"panel-grid-cell\" ><div id=\"panel-2615-1-2-0\" class=\"so-panel widget widget_pt_featured_page widget-featured-page panel-first-child panel-last-child\" data-index=\"3\" >\t\t\t\t<div class=\"page-box page-box--block post-2615 page type-page status-publish has-post-thumbnail hentry\">\n\t\t\t\t\t<a class=\"page-box__picture\" href=\"https:\/\/gft.eu\/de\/technik\/fernwartung\/\"><img loading=\"lazy\" decoding=\"async\" width=\"360\" height=\"224\" src=\"https:\/\/gft.eu\/wp-content\/uploads\/2015\/06\/logo_huge_live_fire_retina-360x224.png\" class=\"attachment-page-box size-page-box wp-post-image\" alt=\"\" \/><\/a>\n\t\t\t\t\t<div class=\"page-box__content\">\n\t\t\t\t\t\t<h5 class=\"page-box__title  text-uppercase\"><a href=\"https:\/\/gft.eu\/de\/technik\/fernwartung\/\">Fernwartung<\/a><\/h5>\n\t\t\t\t\t\t<p>Internetbasierte Diagnose und Fernwartung<\/p>\n\t\t\t\t\t\t\t\t\t\t\t\t\t<p><a href=\"https:\/\/gft.eu\/de\/technik\/fernwartung\/\" class=\"read-more  read-more--page-box\">Mehr lesen<\/a><\/p>\n\t\t\t\t\t\t\t\t\t\t\t<\/div>\n\t\t\t\t<\/div>\n\n\t\t\t<\/div><\/div><\/div><div id=\"pg-2615-2\"  class=\"panel-grid panel-no-style\" ><div id=\"pgc-2615-2-0\"  class=\"panel-grid-cell\" ><div id=\"panel-2615-2-0-0\" class=\"so-panel widget widget_pt_featured_page widget-featured-page panel-first-child panel-last-child\" data-index=\"4\" >\t\t\t\t<div class=\"page-box page-box--block post-2615 page type-page status-publish has-post-thumbnail hentry\">\n\t\t\t\t\t<a class=\"page-box__picture\" href=\"https:\/\/gft.eu\/de\/technik\/erweiterte-alarm-diagnose-funktion\/\"><img loading=\"lazy\" decoding=\"async\" width=\"360\" height=\"224\" src=\"https:\/\/gft.eu\/wp-content\/uploads\/2015\/06\/logo_huge_live_fire_retina-360x224.png\" class=\"attachment-page-box size-page-box wp-post-image\" alt=\"\" \/><\/a>\n\t\t\t\t\t<div class=\"page-box__content\">\n\t\t\t\t\t\t<h5 class=\"page-box__title  text-uppercase\"><a href=\"https:\/\/gft.eu\/de\/technik\/erweiterte-alarm-diagnose-funktion\/\">Erweiterte Alarm- Diagnose-Funktion<\/a><\/h5>\n\t\t\t\t\t\t<p>Erweiterte Alarm-Diagnose-Funktion<\/p>\n\t\t\t\t\t\t\t\t\t\t\t\t\t<p><a href=\"https:\/\/gft.eu\/de\/technik\/erweiterte-alarm-diagnose-funktion\/\" class=\"read-more  read-more--page-box\">Mehr lesen<\/a><\/p>\n\t\t\t\t\t\t\t\t\t\t\t<\/div>\n\t\t\t\t<\/div>\n\n\t\t\t<\/div><\/div><div id=\"pgc-2615-2-1\"  class=\"panel-grid-cell panel-grid-cell-mobile-last\" ><div id=\"panel-2615-2-1-0\" class=\"so-panel widget widget_pt_featured_page widget-featured-page panel-first-child panel-last-child\" data-index=\"5\" >\t\t\t\t<div class=\"page-box page-box--block post-2615 page type-page status-publish has-post-thumbnail hentry\">\n\t\t\t\t\t<a class=\"page-box__picture\" href=\"https:\/\/gft.eu\/de\/technik\/thermoscan-von-gft\/\"><img loading=\"lazy\" decoding=\"async\" width=\"360\" height=\"224\" src=\"https:\/\/gft.eu\/wp-content\/uploads\/2015\/06\/logo_huge_live_fire_retina-360x224.png\" class=\"attachment-page-box size-page-box wp-post-image\" alt=\"\" \/><\/a>\n\t\t\t\t\t<div class=\"page-box__content\">\n\t\t\t\t\t\t<h5 class=\"page-box__title  text-uppercase\"><a href=\"https:\/\/gft.eu\/de\/technik\/thermoscan-von-gft\/\">ThermoScan! von GFT<\/a><\/h5>\n\t\t\t\t\t\t<p>Der &quot;ThermoScan!&quot; ist eine mobile, am \u00dcbungsteilnehmer tragbare, hochspezifische Kombination zwischen einem Alarmgeber und einem Datenerfassungsger\u00e4t mit zugeh\u00f6riger Auswertungs-Software.<\/p>\n\t\t\t\t\t\t\t\t\t\t\t\t\t<p><a href=\"https:\/\/gft.eu\/de\/technik\/thermoscan-von-gft\/\" class=\"read-more  read-more--page-box\">Mehr lesen<\/a><\/p>\n\t\t\t\t\t\t\t\t\t\t\t<\/div>\n\t\t\t\t<\/div>\n\n\t\t\t<\/div><\/div><div id=\"pgc-2615-2-2\"  class=\"panel-grid-cell panel-grid-cell-empty\" ><\/div><\/div><\/div>","protected":false},"excerpt":{"rendered":"<p>Leidenschaft f\u00fcr InnovationenGFT hat seinen Anspruch auf Kundenorientierung und au\u00dfergew\u00f6hnliche Technik durch kontinuierliche kundenspezifische Innovationen ganz erheblich ausgebaut. Diese sehr erfolgreich vollzogenen Technologie-Spr\u00fcnge stellen heutzutage das &#8222;Non-Plus-Ultra&#8220; in der Welt der Brandsimulationsanlagen dar.Insbesondere die M\u00f6glichkeit der\u00a0tauschbaren Brandstellen\u00a0sowie der einfachen\u00a0Erweiterbarkeit\u00a0sind einzigartige Technologie-Highlights. Nat\u00fcrlich von GFT.<\/p>\n","protected":false},"author":1,"featured_media":2295,"parent":0,"menu_order":0,"comment_status":"closed","ping_status":"open","template":"","meta":{"ngg_post_thumbnail":0,"footnotes":""},"_links":{"self":[{"href":"https:\/\/gft.eu\/de\/wp-json\/wp\/v2\/pages\/2615"}],"collection":[{"href":"https:\/\/gft.eu\/de\/wp-json\/wp\/v2\/pages"}],"about":[{"href":"https:\/\/gft.eu\/de\/wp-json\/wp\/v2\/types\/page"}],"author":[{"embeddable":true,"href":"https:\/\/gft.eu\/de\/wp-json\/wp\/v2\/users\/1"}],"replies":[{"embeddable":true,"href":"https:\/\/gft.eu\/de\/wp-json\/wp\/v2\/comments?post=2615"}],"version-history":[{"count":8,"href":"https:\/\/gft.eu\/de\/wp-json\/wp\/v2\/pages\/2615\/revisions"}],"predecessor-version":[{"id":2789,"href":"https:\/\/gft.eu\/de\/wp-json\/wp\/v2\/pages\/2615\/revisions\/2789"}],"wp:featuredmedia":[{"embeddable":true,"href":"https:\/\/gft.eu\/de\/wp-json\/wp\/v2\/media\/2295"}],"wp:attachment":[{"href":"https:\/\/gft.eu\/de\/wp-json\/wp\/v2\/media?parent=2615"}],"curies":[{"name":"wp","href":"https:\/\/api.w.org\/{rel}","templated":true}]}}