{"id":2618,"date":"2015-06-06T13:10:24","date_gmt":"2015-06-06T11:10:24","guid":{"rendered":"https:\/\/www.gft.eu\/?page_id=2618"},"modified":"2015-06-17T13:34:11","modified_gmt":"2015-06-17T11:34:11","slug":"proprietaeres-elektronisches-sicherheits-bus-system","status":"publish","type":"page","link":"https:\/\/gft.eu\/de\/technik\/sicherheits-bus-system\/","title":{"rendered":"Sicherheits-BUS-System"},"content":{"rendered":"<div id=\"pl-2618\"  class=\"panel-layout\" ><div id=\"pg-2618-0\"  class=\"panel-grid panel-no-style\" ><div id=\"pgc-2618-0-0\"  class=\"panel-grid-cell\" ><div id=\"panel-2618-0-0-0\" class=\"so-panel widget widget_black-studio-tinymce widget_black_studio_tinymce panel-first-child panel-last-child\" data-index=\"0\" ><div class=\"textwidget\"><h3 style=\"text-align: justify;\">Propriet\u00e4res elektronisches Sicherheits-BUS-System<\/h3>\n<p style=\"text-align: justify;\">Um den au\u00dfergew\u00f6hnlichen Anforderungen in unserem sehr speziellen Marktsegment gerecht zu werden, wurde zur sicherheitskritischen Steuerung und \u00dcberwachung von Brand\u00fcbungsanlagen ein GFT-eigenes elektronisches Sicherheits-BUS-System geschaffen.<\/p>\n<p style=\"text-align: justify;\">Diese Neuentwicklung implizierte sowohl die Entwicklung und Erstellung der zugeh\u00f6rigen Mikroprozessor-Technik in Soft- und Hardware, als auch der entsprechenden Front-End-Applikationen.<\/p>\n<p style=\"text-align: justify;\">\u00a0<\/p>\n<div id=\"cc-m-11360204827\" class=\"n j-header \">\n<h3 id=\"cc-m-header-11360204827\" class=\"\">Tauschbare Brandstellen - ein enormer Vorteil<\/h3>\n<\/div>\n<div id=\"cc-m-11360437027\" class=\"n j-text \">\n<p style=\"text-align: justify;\">Stellen Sie sich vor, Sie haben eine sechsstellige Summe in eine Brand\u00fcbungsanlage investiert und bereits nach dem 2. oder 3. Training stellt sich bei den Teilnehmern Langeweile ein - aufgrund der Vorhersehbarkeit des \u00dcbungsablaufes. Keine optimale Nutzung von Ressourcen und ein nur sub-optimales Investment.<\/p>\n<p style=\"text-align: justify;\">Eigentlich nicht nur eine Vorstellung sondern leider Realit\u00e4t in vielen gasbetriebenen Brand\u00fcbungsanlagen.<\/p>\n<p style=\"text-align: justify;\">Tauschbare Brandstellen von GFT machen dem ein Ende! Fast schon wie Plug-and-Play: GFT sieht an verschiedenen Stellen im Brandhaus Steckverbindungen f\u00fcr Gas sowie Elektrik \/ Elektronik vor. Das GFT-Steuerungssystem erkennt eigenst\u00e4ndig an welcher Position sich welche Brandstelle befindet. Nach Best\u00e4tigung durch den \u00dcbungsleiter nutzen Sie die Brandstellen so, wie Sie es f\u00fcr das jeweilige Training w\u00fcnschen.<\/p>\n<p style=\"text-align: justify;\">Bleiben Sie flexibel - mit innovativer Technik von GFT!<\/p>\n<p style=\"text-align: justify;\">\u00a0<\/p>\n<\/div>\n<div id=\"cc-m-11363156227\" class=\"n j-header \">\n<h3 id=\"cc-m-header-11363156227\" class=\"\">Modulare Erweiterung - qualitativ und quantitativ<\/h3>\n<\/div>\n<div id=\"cc-m-11363166127\" class=\"n j-text \">\n<p style=\"text-align: justify;\">Ihr Budget ist zun\u00e4chst recht begrenzt - aber es besteht Aussicht auf Gelder in Folgejahren? Dann sind Sie bei GFT genau richtig!\u00a0<\/p>\n<p style=\"text-align: justify;\">Bei uns m\u00fcssen Sie nicht alles auf einmal investieren. Und mit Ihrem Investment bleiben Sie auch nicht wie in einer Sackgasse stecken. Unsere Technik w\u00e4chst mit Ihrem Budget - wenn Sie wollen, Jahr f\u00fcr Jahr.\u00a0<\/p>\n<p style=\"text-align: justify;\">Das betrifft zun\u00e4chst die Art unserer Steuerung. F\u00fcrs erste muss vielleicht eine einfache Steuerung mit Drucktastern gen\u00fcgen. Kein Problem - sp\u00e4ter kann man immer noch auf Touchscreen-Steuerung erweitern.\u00a0<\/p>\n<p style=\"text-align: justify;\">Oder Sie m\u00f6chten im Laufe der Zeit zus\u00e4tzliche Brandstellen integrieren? Machen wir gerne f\u00fcr Sie. Und das ohne \u00fcbergro\u00dfen Aufwand. Mit innovativer Technik von GFT bleiben Sie auf jeden Fall flexibel!<\/p>\n<h3 style=\"text-align: justify;\">\n<\/div><\/div><\/div><\/div><\/div>","protected":false},"excerpt":{"rendered":"<p>Um den au\u00dfergew\u00f6hnlichen Anforderungen in unserem sehr speziellen Marktsegment gerecht zu werden, wurde zur sicherheitskritischen Steuerung und \u00dcberwachung von Brand\u00fcbungsanlagen ein GFT-eigenes elektronisches Sicherheits-BUS-System geschaffen.<\/p>\n","protected":false},"author":1,"featured_media":2469,"parent":2615,"menu_order":0,"comment_status":"closed","ping_status":"closed","template":"","meta":{"ngg_post_thumbnail":0,"footnotes":""},"_links":{"self":[{"href":"https:\/\/gft.eu\/de\/wp-json\/wp\/v2\/pages\/2618"}],"collection":[{"href":"https:\/\/gft.eu\/de\/wp-json\/wp\/v2\/pages"}],"about":[{"href":"https:\/\/gft.eu\/de\/wp-json\/wp\/v2\/types\/page"}],"author":[{"embeddable":true,"href":"https:\/\/gft.eu\/de\/wp-json\/wp\/v2\/users\/1"}],"replies":[{"embeddable":true,"href":"https:\/\/gft.eu\/de\/wp-json\/wp\/v2\/comments?post=2618"}],"version-history":[{"count":6,"href":"https:\/\/gft.eu\/de\/wp-json\/wp\/v2\/pages\/2618\/revisions"}],"predecessor-version":[{"id":2848,"href":"https:\/\/gft.eu\/de\/wp-json\/wp\/v2\/pages\/2618\/revisions\/2848"}],"up":[{"embeddable":true,"href":"https:\/\/gft.eu\/de\/wp-json\/wp\/v2\/pages\/2615"}],"wp:featuredmedia":[{"embeddable":true,"href":"https:\/\/gft.eu\/de\/wp-json\/wp\/v2\/media\/2469"}],"wp:attachment":[{"href":"https:\/\/gft.eu\/de\/wp-json\/wp\/v2\/media?parent=2618"}],"curies":[{"name":"wp","href":"https:\/\/api.w.org\/{rel}","templated":true}]}}