{"id":2624,"date":"2015-06-06T14:31:40","date_gmt":"2015-06-06T12:31:40","guid":{"rendered":"https:\/\/www.gft.eu\/?page_id=2624"},"modified":"2015-06-09T00:08:43","modified_gmt":"2015-06-08T22:08:43","slug":"internetbasierte-diagnose-und-fernwartung","status":"publish","type":"page","link":"https:\/\/gft.eu\/de\/technik\/fernwartung\/","title":{"rendered":"Fernwartung"},"content":{"rendered":"<div id=\"pl-2624\"  class=\"panel-layout\" ><div id=\"pg-2624-0\"  class=\"panel-grid panel-no-style\" ><div id=\"pgc-2624-0-0\"  class=\"panel-grid-cell\" ><div id=\"panel-2624-0-0-0\" class=\"so-panel widget widget_black-studio-tinymce widget_black_studio_tinymce panel-first-child panel-last-child\" data-index=\"0\" ><div class=\"textwidget\"><h3 id=\"cc-m-header-11365299127\" class=\"\">Internetbasierte Diagnose und Fernwartung<\/h3>\n<p style=\"text-align: justify;\">Hierbei handelt es sich um in die Brand\u00fcbungsanlage integrierbare, \u00e4u\u00dferst umfassend wirkende Diagnose- und Fernwartungs-Mechanismen. Sie erm\u00f6glichen weitreichende Remote-Service-Massnahmen per Internet von GFT aus, quer \u00fcber den Globus. Kein anderes uns bekanntes Fernwartungssystem im Markt ist derart tiefgreifend im System wirksam - zufriedene Kunden best\u00e4tigen den hervorragenden (auch finanziellen) Kundennutzen!<\/p>\n<h3 class=\"\">\n<\/div><\/div><\/div><\/div><\/div>","protected":false},"excerpt":{"rendered":"<p>Internetbasierte Diagnose und Fernwartung<\/p>\n","protected":false},"author":1,"featured_media":2469,"parent":2615,"menu_order":0,"comment_status":"closed","ping_status":"closed","template":"","meta":{"ngg_post_thumbnail":0,"footnotes":""},"_links":{"self":[{"href":"https:\/\/gft.eu\/de\/wp-json\/wp\/v2\/pages\/2624"}],"collection":[{"href":"https:\/\/gft.eu\/de\/wp-json\/wp\/v2\/pages"}],"about":[{"href":"https:\/\/gft.eu\/de\/wp-json\/wp\/v2\/types\/page"}],"author":[{"embeddable":true,"href":"https:\/\/gft.eu\/de\/wp-json\/wp\/v2\/users\/1"}],"replies":[{"embeddable":true,"href":"https:\/\/gft.eu\/de\/wp-json\/wp\/v2\/comments?post=2624"}],"version-history":[{"count":3,"href":"https:\/\/gft.eu\/de\/wp-json\/wp\/v2\/pages\/2624\/revisions"}],"predecessor-version":[{"id":2820,"href":"https:\/\/gft.eu\/de\/wp-json\/wp\/v2\/pages\/2624\/revisions\/2820"}],"up":[{"embeddable":true,"href":"https:\/\/gft.eu\/de\/wp-json\/wp\/v2\/pages\/2615"}],"wp:featuredmedia":[{"embeddable":true,"href":"https:\/\/gft.eu\/de\/wp-json\/wp\/v2\/media\/2469"}],"wp:attachment":[{"href":"https:\/\/gft.eu\/de\/wp-json\/wp\/v2\/media?parent=2624"}],"curies":[{"name":"wp","href":"https:\/\/api.w.org\/{rel}","templated":true}]}}