{"id":2630,"date":"2015-06-06T14:40:42","date_gmt":"2015-06-06T12:40:42","guid":{"rendered":"https:\/\/www.gft.eu\/?page_id=2630"},"modified":"2015-06-17T13:36:36","modified_gmt":"2015-06-17T11:36:36","slug":"thermoscan","status":"publish","type":"page","link":"https:\/\/gft.eu\/de\/technik\/thermoscan-von-gft\/","title":{"rendered":"ThermoScan! von GFT"},"content":{"rendered":"<div id=\"pl-2630\"  class=\"panel-layout\" ><div id=\"pg-2630-0\"  class=\"panel-grid panel-no-style\" ><div id=\"pgc-2630-0-0\"  class=\"panel-grid-cell\" ><div id=\"panel-2630-0-0-0\" class=\"so-panel widget widget_black-studio-tinymce widget_black_studio_tinymce panel-first-child panel-last-child\" data-index=\"0\" ><div class=\"textwidget\"><h3 id=\"cc-m-header-11365439227\" class=\"\">ThermoScan! von GFT<\/h3>\n<p style=\"text-align: justify;\">Der \"ThermoScan!\" ist eine mobile, am \u00dcbungsteilnehmer tragbare, hochspezifische Kombination zwischen einem Alarmgeber und einem Datenerfassungsger\u00e4t mit zugeh\u00f6riger Auswertungs-Software.<\/p>\n<p style=\"text-align: justify;\">Er dient zur Abrundung unseres Angebotes auf dem thermisch materialkritischen Segment der Brand\u00fcbungsanlagen. Er kann von jedem \u00dcbungsteilnehmer im Trainings-verlauf am Leib mitgef\u00fchrt werden. So erfolgt bei drohenden, ungeb\u00fchrlich materialbelastenden Temperaturen eine rechtzeitige Alarmierung. So wird eine \u00fcberm\u00e4\u00dfige Temperaturbeaufschlagung von Mensch und Material zuverl\u00e4ssig im Vorwege vermieden. Teure Wartungszeiten und -kosten werden eingespart.<\/p>\n<p style=\"text-align: justify;\">Nach der \u00dcbung erm\u00f6glicht der \"ThermoScan!\" eine computergest\u00fctzte Auswertung der pro Teilnehmer erfolgten Temperatur-Beaufschlagung w\u00e4hrend des gesamten \u00dcbungsverlaufes.<\/p>\n<h3 id=\"cc-m-header-11365439227\" class=\"\">\n<\/div><\/div><\/div><\/div><\/div>","protected":false},"excerpt":{"rendered":"<p>Der &#8222;ThermoScan!&#8220; ist eine mobile, am \u00dcbungsteilnehmer tragbare, hochspezifische Kombination zwischen einem Alarmgeber und einem Datenerfassungsger\u00e4t mit zugeh\u00f6riger Auswertungs-Software.<\/p>\n","protected":false},"author":1,"featured_media":2469,"parent":2615,"menu_order":0,"comment_status":"closed","ping_status":"closed","template":"","meta":{"ngg_post_thumbnail":0,"footnotes":""},"_links":{"self":[{"href":"https:\/\/gft.eu\/de\/wp-json\/wp\/v2\/pages\/2630"}],"collection":[{"href":"https:\/\/gft.eu\/de\/wp-json\/wp\/v2\/pages"}],"about":[{"href":"https:\/\/gft.eu\/de\/wp-json\/wp\/v2\/types\/page"}],"author":[{"embeddable":true,"href":"https:\/\/gft.eu\/de\/wp-json\/wp\/v2\/users\/1"}],"replies":[{"embeddable":true,"href":"https:\/\/gft.eu\/de\/wp-json\/wp\/v2\/comments?post=2630"}],"version-history":[{"count":3,"href":"https:\/\/gft.eu\/de\/wp-json\/wp\/v2\/pages\/2630\/revisions"}],"predecessor-version":[{"id":2849,"href":"https:\/\/gft.eu\/de\/wp-json\/wp\/v2\/pages\/2630\/revisions\/2849"}],"up":[{"embeddable":true,"href":"https:\/\/gft.eu\/de\/wp-json\/wp\/v2\/pages\/2615"}],"wp:featuredmedia":[{"embeddable":true,"href":"https:\/\/gft.eu\/de\/wp-json\/wp\/v2\/media\/2469"}],"wp:attachment":[{"href":"https:\/\/gft.eu\/de\/wp-json\/wp\/v2\/media?parent=2630"}],"curies":[{"name":"wp","href":"https:\/\/api.w.org\/{rel}","templated":true}]}}