{"id":2637,"date":"2015-06-06T14:49:30","date_gmt":"2015-06-06T12:49:30","guid":{"rendered":"https:\/\/www.gft.eu\/?page_id=2637"},"modified":"2020-05-29T23:52:05","modified_gmt":"2020-05-29T21:52:05","slug":"container","status":"publish","type":"page","link":"https:\/\/gft.eu\/de\/unsere-anwendungen\/branduebungsanlagen\/","title":{"rendered":"Brand\u00fcbungsanlagen"},"content":{"rendered":"<div id=\"pl-2637\"  class=\"panel-layout\" ><div id=\"pg-2637-0\"  class=\"panel-grid panel-no-style\" ><div id=\"pgc-2637-0-0\"  class=\"panel-grid-cell\" ><div id=\"panel-2637-0-0-0\" class=\"so-panel widget widget_black-studio-tinymce widget_black_studio_tinymce panel-first-child panel-last-child\" data-index=\"0\" ><div class=\"textwidget\"><h3 id=\"cc-m-header-11791999227\" style=\"text-align: center;\">Brand\u00fcbungsanlagen<\/h3>\n<p style=\"text-align: center;\">Container sind die klassische Variante f\u00fcr gasbetriebene oder holzbefeuerte Brand\u00fcbungsanlagen. Ob 20' oder 40', ob einzeln oder modular, station\u00e4r oder als mobile Einheit, GFT Brand\u00fcbungscontainer sind f\u00fcr viele Feuerwehren und Trainingscentren aus gutem Grund die bevorzugte Wahl.<\/p>\n<h3 id=\"cc-m-header-11791999227\" style=\"text-align: center;\">\n<\/div><\/div><\/div><\/div><div id=\"pg-2637-1\"  class=\"panel-grid panel-no-style\" ><div id=\"pgc-2637-1-0\"  class=\"panel-grid-cell\" ><div id=\"panel-2637-1-0-0\" class=\"so-panel widget widget_pt_featured_page widget-featured-page panel-first-child panel-last-child\" data-index=\"1\" >\t\t\t\t<div class=\"page-box page-box--block post-2637 page type-page status-publish has-post-thumbnail hentry\">\n\t\t\t\t\t<a class=\"page-box__picture\" href=\"https:\/\/gft.eu\/de\/unsere-produkte\/gasbetriebene-branduebungsanlagen\/\"><img loading=\"lazy\" decoding=\"async\" width=\"360\" height=\"240\" src=\"https:\/\/gft.eu\/wp-content\/uploads\/2015\/06\/Branduebungsanlage_01-e1590083458174-360x240.jpg\" class=\"attachment-page-box size-page-box wp-post-image\" alt=\"\" \/><\/a>\n\t\t\t\t\t<div class=\"page-box__content\">\n\t\t\t\t\t\t<h5 class=\"page-box__title  text-uppercase\"><a href=\"https:\/\/gft.eu\/de\/unsere-produkte\/gasbetriebene-branduebungsanlagen\/\">Gasbetriebene Brand\u00fcbungsanlagen<\/a><\/h5>\n\t\t\t\t\t\t<p>Gestalten Sie flexibel Ihre gasbetriebene Brand\u00fcbungsanlage und w\u00e4hlen Sie aus unserer breiten Palette an Einrichtungsm\u00f6gllichkeiten.<\/p>\n\t\t\t\t\t\t\t\t\t\t\t\t\t<p><a href=\"https:\/\/gft.eu\/de\/unsere-produkte\/gasbetriebene-branduebungsanlagen\/\" class=\"read-more  read-more--page-box\">Mehr lesen<\/a><\/p>\n\t\t\t\t\t\t\t\t\t\t\t<\/div>\n\t\t\t\t<\/div>\n\n\t\t\t<\/div><\/div><div id=\"pgc-2637-1-1\"  class=\"panel-grid-cell\" ><div id=\"panel-2637-1-1-0\" class=\"so-panel widget widget_pt_featured_page widget-featured-page panel-first-child panel-last-child\" data-index=\"2\" >\t\t\t\t<div class=\"page-box page-box--block post-2637 page type-page status-publish has-post-thumbnail hentry\">\n\t\t\t\t\t<a class=\"page-box__picture\" href=\"https:\/\/gft.eu\/de\/unsere-produkte\/holzbrandcontainer\/\"><img loading=\"lazy\" decoding=\"async\" width=\"360\" height=\"240\" src=\"https:\/\/gft.eu\/wp-content\/uploads\/2015\/06\/image-13-360x240.jpg\" class=\"attachment-page-box size-page-box wp-post-image\" alt=\"\" \/><\/a>\n\t\t\t\t\t<div class=\"page-box__content\">\n\t\t\t\t\t\t<h5 class=\"page-box__title  text-uppercase\"><a href=\"https:\/\/gft.eu\/de\/unsere-produkte\/holzbrandcontainer\/\">Holzbrandcontainer<\/a><\/h5>\n\t\t\t\t\t\t<p> &hellip;<\/p>\n\t\t\t\t\t\t\t\t\t\t\t\t\t<p><a href=\"https:\/\/gft.eu\/de\/unsere-produkte\/holzbrandcontainer\/\" class=\"read-more  read-more--page-box\">Mehr lesen<\/a><\/p>\n\t\t\t\t\t\t\t\t\t\t\t<\/div>\n\t\t\t\t<\/div>\n\n\t\t\t<\/div><\/div><\/div><\/div>","protected":false},"excerpt":{"rendered":"<p>Hier finden Sie eine \u00dcbersicht unserer Brand\u00fcbungscontainer&#8230;ob gasbetrieben oder durch Feststoffe, ob station\u00e4r oder mobil.<\/p>\n","protected":false},"author":1,"featured_media":3414,"parent":2634,"menu_order":0,"comment_status":"closed","ping_status":"open","template":"","meta":{"ngg_post_thumbnail":0,"footnotes":""},"_links":{"self":[{"href":"https:\/\/gft.eu\/de\/wp-json\/wp\/v2\/pages\/2637"}],"collection":[{"href":"https:\/\/gft.eu\/de\/wp-json\/wp\/v2\/pages"}],"about":[{"href":"https:\/\/gft.eu\/de\/wp-json\/wp\/v2\/types\/page"}],"author":[{"embeddable":true,"href":"https:\/\/gft.eu\/de\/wp-json\/wp\/v2\/users\/1"}],"replies":[{"embeddable":true,"href":"https:\/\/gft.eu\/de\/wp-json\/wp\/v2\/comments?post=2637"}],"version-history":[{"count":16,"href":"https:\/\/gft.eu\/de\/wp-json\/wp\/v2\/pages\/2637\/revisions"}],"predecessor-version":[{"id":3500,"href":"https:\/\/gft.eu\/de\/wp-json\/wp\/v2\/pages\/2637\/revisions\/3500"}],"up":[{"embeddable":true,"href":"https:\/\/gft.eu\/de\/wp-json\/wp\/v2\/pages\/2634"}],"wp:featuredmedia":[{"embeddable":true,"href":"https:\/\/gft.eu\/de\/wp-json\/wp\/v2\/media\/3414"}],"wp:attachment":[{"href":"https:\/\/gft.eu\/de\/wp-json\/wp\/v2\/media?parent=2637"}],"curies":[{"name":"wp","href":"https:\/\/api.w.org\/{rel}","templated":true}]}}