{"id":2648,"date":"2015-06-06T15:08:56","date_gmt":"2015-06-06T13:08:56","guid":{"rendered":"https:\/\/www.gft.eu\/?page_id=2648"},"modified":"2020-05-13T16:40:48","modified_gmt":"2020-05-13T14:40:48","slug":"gft-brandhaeuser","status":"publish","type":"page","link":"https:\/\/gft.eu\/de\/unsere-anwendungen\/brandhaeuser\/","title":{"rendered":"Brandh\u00e4user"},"content":{"rendered":"<div id=\"pl-2648\"  class=\"panel-layout\" ><div id=\"pg-2648-0\"  class=\"panel-grid panel-no-style\" ><div id=\"pgc-2648-0-0\"  class=\"panel-grid-cell\" ><div id=\"panel-2648-0-0-0\" class=\"so-panel widget widget_black-studio-tinymce widget_black_studio_tinymce panel-first-child panel-last-child\" data-index=\"0\" ><div class=\"textwidget\"><p><a href=\"https:\/\/gft.eu\/wp-content\/uploads\/2015\/06\/FireHouse-Suzhou-China.jpg\"><img loading=\"lazy\" decoding=\"async\" class=\"alignnone wp-image-2650 size-full\" src=\"https:\/\/gft.eu\/wp-content\/uploads\/2015\/06\/FireHouse-Suzhou-China.jpg\" alt=\"FireHouse-Suzhou-China\" width=\"1200\" height=\"833\" srcset=\"https:\/\/gft.eu\/wp-content\/uploads\/2015\/06\/FireHouse-Suzhou-China.jpg 1200w, https:\/\/gft.eu\/wp-content\/uploads\/2015\/06\/FireHouse-Suzhou-China-300x208.jpg 300w, https:\/\/gft.eu\/wp-content\/uploads\/2015\/06\/FireHouse-Suzhou-China-1024x711.jpg 1024w, https:\/\/gft.eu\/wp-content\/uploads\/2015\/06\/FireHouse-Suzhou-China-555x385.jpg 555w\" sizes=\"(max-width: 1200px) 100vw, 1200px\" \/><\/a><\/p>\n<p><a href=\"https:\/\/gft.eu\/wp-content\/uploads\/2015\/06\/Fire-House-Brandhaus-Mol-Hungarian-Oil-and-Gas-Plc.jpg\"><img loading=\"lazy\" decoding=\"async\" class=\"alignnone wp-image-2649 size-full\" src=\"https:\/\/gft.eu\/wp-content\/uploads\/2015\/06\/Fire-House-Brandhaus-Mol-Hungarian-Oil-and-Gas-Plc.jpg\" alt=\"Fire-House---Brandhaus-Mol-Hungarian-Oil-and-Gas-Plc\" width=\"1200\" height=\"1102\" srcset=\"https:\/\/gft.eu\/wp-content\/uploads\/2015\/06\/Fire-House-Brandhaus-Mol-Hungarian-Oil-and-Gas-Plc.jpg 1200w, https:\/\/gft.eu\/wp-content\/uploads\/2015\/06\/Fire-House-Brandhaus-Mol-Hungarian-Oil-and-Gas-Plc-300x276.jpg 300w, https:\/\/gft.eu\/wp-content\/uploads\/2015\/06\/Fire-House-Brandhaus-Mol-Hungarian-Oil-and-Gas-Plc-1024x940.jpg 1024w, https:\/\/gft.eu\/wp-content\/uploads\/2015\/06\/Fire-House-Brandhaus-Mol-Hungarian-Oil-and-Gas-Plc-555x510.jpg 555w\" sizes=\"(max-width: 1200px) 100vw, 1200px\" \/><\/a><\/p>\n<\/div><\/div><\/div><div id=\"pgc-2648-0-1\"  class=\"panel-grid-cell\" ><div id=\"panel-2648-0-1-0\" class=\"so-panel widget widget_black-studio-tinymce widget_black_studio_tinymce panel-first-child panel-last-child\" data-index=\"1\" ><div class=\"textwidget\"><h3 id=\"cc-m-header-11792286427\" class=\"\">GFT Brandh\u00e4user<\/h3>\n<div style=\"text-align: left;\">\n<p>Oftmals gibt es bestehende Geb\u00e4ude, die sich mit relativ wenig Aufwand zu Brandh\u00e4usern\u00a0umbauen lassen. Oder sie werden kundenseitig speziell f\u00fcr diesen Zweck errichtet und\u00a0dann von GFT mit der entsprechenden Technik ausgestattet. Hierbei kommen die GFT\u00a0Brandmodule sowie unsere Anlagensteuerung zum Einsatz.<\/p>\n<h3 id=\"cc-m-header-11792286427\" class=\"\">\n<\/div><\/div><\/div><\/div><\/div>","protected":false},"excerpt":{"rendered":"<p>Oftmals gibt es bestehende Geb\u00e4ude, die sich mit relativ wenig Aufwand zu Brandh\u00e4usern umbauen lassen. Oder sie werden kundenseitig speziell f\u00fcr diesen Zweck errichtet und dann von GFT mit der entsprechenden Technik ausgestattet. Hierbei kommen die GFT Brandmodule sowie unsere Anlagensteuerung zum Einsatz.<\/p>\n","protected":false},"author":1,"featured_media":2650,"parent":2634,"menu_order":0,"comment_status":"closed","ping_status":"closed","template":"","meta":{"ngg_post_thumbnail":0,"footnotes":""},"_links":{"self":[{"href":"https:\/\/gft.eu\/de\/wp-json\/wp\/v2\/pages\/2648"}],"collection":[{"href":"https:\/\/gft.eu\/de\/wp-json\/wp\/v2\/pages"}],"about":[{"href":"https:\/\/gft.eu\/de\/wp-json\/wp\/v2\/types\/page"}],"author":[{"embeddable":true,"href":"https:\/\/gft.eu\/de\/wp-json\/wp\/v2\/users\/1"}],"replies":[{"embeddable":true,"href":"https:\/\/gft.eu\/de\/wp-json\/wp\/v2\/comments?post=2648"}],"version-history":[{"count":3,"href":"https:\/\/gft.eu\/de\/wp-json\/wp\/v2\/pages\/2648\/revisions"}],"predecessor-version":[{"id":3392,"href":"https:\/\/gft.eu\/de\/wp-json\/wp\/v2\/pages\/2648\/revisions\/3392"}],"up":[{"embeddable":true,"href":"https:\/\/gft.eu\/de\/wp-json\/wp\/v2\/pages\/2634"}],"wp:featuredmedia":[{"embeddable":true,"href":"https:\/\/gft.eu\/de\/wp-json\/wp\/v2\/media\/2650"}],"wp:attachment":[{"href":"https:\/\/gft.eu\/de\/wp-json\/wp\/v2\/media?parent=2648"}],"curies":[{"name":"wp","href":"https:\/\/api.w.org\/{rel}","templated":true}]}}