{"id":2675,"date":"2015-06-06T19:55:23","date_gmt":"2015-06-06T17:55:23","guid":{"rendered":"https:\/\/www.gft.eu\/?page_id=2675"},"modified":"2020-05-13T00:04:10","modified_gmt":"2020-05-12T22:04:10","slug":"flugzeugbrandtrainer-von-gft","status":"publish","type":"page","link":"https:\/\/gft.eu\/de\/unsere-anwendungen\/opito\/","title":{"rendered":"OPITO \u2013 Offshore Petroleum Industry Training Organization"},"content":{"rendered":"<div id=\"pl-2675\"  class=\"panel-layout\" ><div id=\"pg-2675-0\"  class=\"panel-grid panel-no-style\" ><div id=\"pgc-2675-0-0\"  class=\"panel-grid-cell\" ><div id=\"panel-2675-0-0-0\" class=\"so-panel widget widget_black-studio-tinymce widget_black_studio_tinymce panel-first-child panel-last-child\" data-index=\"0\" ><div class=\"textwidget\"><p><a href=\"https:\/\/gft.eu\/wp-content\/uploads\/2015\/06\/C2015_Zaw-Min-Yu_um_00981.jpg\"><img loading=\"lazy\" decoding=\"async\" width=\"1024\" height=\"684\" class=\"alignnone size-large wp-image-2676\" alt=\"\" src=\"https:\/\/gft.eu\/wp-content\/uploads\/2015\/06\/C2015_Zaw-Min-Yu_um_00981-1024x684.jpg\" srcset=\"https:\/\/gft.eu\/wp-content\/uploads\/2015\/06\/C2015_Zaw-Min-Yu_um_00981-1024x684.jpg 1024w, https:\/\/gft.eu\/wp-content\/uploads\/2015\/06\/C2015_Zaw-Min-Yu_um_00981-300x201.jpg 300w, https:\/\/gft.eu\/wp-content\/uploads\/2015\/06\/C2015_Zaw-Min-Yu_um_00981-360x240.jpg 360w, https:\/\/gft.eu\/wp-content\/uploads\/2015\/06\/C2015_Zaw-Min-Yu_um_00981-555x371.jpg 555w, https:\/\/gft.eu\/wp-content\/uploads\/2015\/06\/C2015_Zaw-Min-Yu_um_00981.jpg 1200w\" sizes=\"(max-width: 1024px) 100vw, 1024px\" \/><\/a><\/p>\n<p>&nbsp;<\/p>\n<\/div><\/div><\/div><div id=\"pgc-2675-0-1\"  class=\"panel-grid-cell\" ><div id=\"panel-2675-0-1-0\" class=\"so-panel widget widget_black-studio-tinymce widget_black_studio_tinymce panel-first-child panel-last-child\" data-index=\"1\" ><div class=\"textwidget\"><h3>Brand\u00fcbungsanlagen&nbsp;f\u00fcr die \u00d6l- und Gasindustrie<\/h3>\n<p>In der \u00d6l- und Gasindustrie kommt international h\u00e4ufig der OPITO Trainingsstandard&nbsp;zur Anwendung, d. h. neben LPG m\u00fcssen auch Festbrennstoffe und Kerosin verwendet&nbsp;werden. GFT bietet Ihnen Brand\u00fcbungsanlagen, die nach den OPITO-Richtlinien gebaut und abgenommen werden.&nbsp;<\/p>\n<h3>\n<\/div><\/div><\/div><\/div><div id=\"pg-2675-1\"  class=\"panel-grid panel-no-style\" ><div id=\"pgc-2675-1-0\"  class=\"panel-grid-cell\" ><div id=\"panel-2675-1-0-0\" class=\"so-panel widget widget_black-studio-tinymce widget_black_studio_tinymce panel-first-child panel-last-child\" data-index=\"2\" ><div class=\"textwidget\"><p><a href=\"https:\/\/gft.eu\/wp-content\/uploads\/2015\/06\/Flange-Fire-Flanschbrand-Kuwait-e1582410689635.jpg\"><img loading=\"lazy\" decoding=\"async\" width=\"1024\" height=\"676\" class=\"alignnone size-large wp-image-2677\" alt=\"\" src=\"https:\/\/gft.eu\/wp-content\/uploads\/2015\/06\/Flange-Fire-Flanschbrand-Kuwait-e1582410689635-1024x676.jpg\" srcset=\"https:\/\/gft.eu\/wp-content\/uploads\/2015\/06\/Flange-Fire-Flanschbrand-Kuwait-e1582410689635-1024x676.jpg 1024w, https:\/\/gft.eu\/wp-content\/uploads\/2015\/06\/Flange-Fire-Flanschbrand-Kuwait-e1582410689635-300x198.jpg 300w, https:\/\/gft.eu\/wp-content\/uploads\/2015\/06\/Flange-Fire-Flanschbrand-Kuwait-e1582410689635-555x366.jpg 555w, https:\/\/gft.eu\/wp-content\/uploads\/2015\/06\/Flange-Fire-Flanschbrand-Kuwait-e1582410689635-768x507.jpg 768w, https:\/\/gft.eu\/wp-content\/uploads\/2015\/06\/Flange-Fire-Flanschbrand-Kuwait-e1582410689635.jpg 1200w\" sizes=\"(max-width: 1024px) 100vw, 1024px\" \/><\/a><\/p>\n<\/div><\/div><\/div><div id=\"pgc-2675-1-1\"  class=\"panel-grid-cell\" ><div id=\"panel-2675-1-1-0\" class=\"so-panel widget widget_black-studio-tinymce widget_black_studio_tinymce panel-first-child panel-last-child\" data-index=\"3\" ><div class=\"textwidget\"><p><a href=\"https:\/\/gft.eu\/wp-content\/uploads\/2015\/06\/C2015_Zaw-Min-Yu_um_00987-e1582410630451.jpg\"><img loading=\"lazy\" decoding=\"async\" width=\"1024\" height=\"671\" class=\"alignnone size-large wp-image-2678\" alt=\"\" src=\"https:\/\/gft.eu\/wp-content\/uploads\/2015\/06\/C2015_Zaw-Min-Yu_um_00987-e1582410630451-1024x671.jpg\" srcset=\"https:\/\/gft.eu\/wp-content\/uploads\/2015\/06\/C2015_Zaw-Min-Yu_um_00987-e1582410630451-1024x671.jpg 1024w, https:\/\/gft.eu\/wp-content\/uploads\/2015\/06\/C2015_Zaw-Min-Yu_um_00987-e1582410630451-300x197.jpg 300w, https:\/\/gft.eu\/wp-content\/uploads\/2015\/06\/C2015_Zaw-Min-Yu_um_00987-e1582410630451-555x364.jpg 555w, https:\/\/gft.eu\/wp-content\/uploads\/2015\/06\/C2015_Zaw-Min-Yu_um_00987-e1582410630451-768x503.jpg 768w, https:\/\/gft.eu\/wp-content\/uploads\/2015\/06\/C2015_Zaw-Min-Yu_um_00987-e1582410630451.jpg 1200w\" sizes=\"(max-width: 1024px) 100vw, 1024px\" \/><\/a><\/p>\n<\/div><\/div><\/div><div id=\"pgc-2675-1-2\"  class=\"panel-grid-cell\" ><div id=\"panel-2675-1-2-0\" class=\"so-panel widget widget_black-studio-tinymce widget_black_studio_tinymce panel-first-child panel-last-child\" data-index=\"4\" ><div class=\"textwidget\"><p><a href=\"https:\/\/gft.eu\/wp-content\/uploads\/2015\/06\/C2015_Zaw-Min-Yu_um_01004-e1582410585576.jpg\"><img loading=\"lazy\" decoding=\"async\" width=\"1024\" height=\"671\" class=\"alignnone size-large wp-image-2679\" alt=\"\" src=\"https:\/\/gft.eu\/wp-content\/uploads\/2015\/06\/C2015_Zaw-Min-Yu_um_01004-e1582410585576-1024x671.jpg\" srcset=\"https:\/\/gft.eu\/wp-content\/uploads\/2015\/06\/C2015_Zaw-Min-Yu_um_01004-e1582410585576-1024x671.jpg 1024w, https:\/\/gft.eu\/wp-content\/uploads\/2015\/06\/C2015_Zaw-Min-Yu_um_01004-e1582410585576-300x197.jpg 300w, https:\/\/gft.eu\/wp-content\/uploads\/2015\/06\/C2015_Zaw-Min-Yu_um_01004-e1582410585576-555x364.jpg 555w, https:\/\/gft.eu\/wp-content\/uploads\/2015\/06\/C2015_Zaw-Min-Yu_um_01004-e1582410585576-768x503.jpg 768w, https:\/\/gft.eu\/wp-content\/uploads\/2015\/06\/C2015_Zaw-Min-Yu_um_01004-e1582410585576.jpg 1200w\" sizes=\"(max-width: 1024px) 100vw, 1024px\" \/><\/a><\/p>\n<\/div><\/div><\/div><div id=\"pgc-2675-1-3\"  class=\"panel-grid-cell\" ><div id=\"panel-2675-1-3-0\" class=\"so-panel widget widget_black-studio-tinymce widget_black_studio_tinymce panel-first-child panel-last-child\" data-index=\"5\" ><div class=\"textwidget\"><p><a href=\"https:\/\/gft.eu\/wp-content\/uploads\/2020\/02\/opito-III-e1582410413919.png\"><img loading=\"lazy\" decoding=\"async\" width=\"1024\" height=\"663\" class=\"alignnone size-large wp-image-3145\" alt=\"\" src=\"https:\/\/gft.eu\/wp-content\/uploads\/2020\/02\/opito-III-e1582410413919-1024x663.png\" srcset=\"https:\/\/gft.eu\/wp-content\/uploads\/2020\/02\/opito-III-e1582410413919-1024x663.png 1024w, https:\/\/gft.eu\/wp-content\/uploads\/2020\/02\/opito-III-e1582410413919-300x194.png 300w, https:\/\/gft.eu\/wp-content\/uploads\/2020\/02\/opito-III-e1582410413919-768x497.png 768w, https:\/\/gft.eu\/wp-content\/uploads\/2020\/02\/opito-III-e1582410413919-555x359.png 555w, https:\/\/gft.eu\/wp-content\/uploads\/2020\/02\/opito-III-e1582410413919.png 1156w\" sizes=\"(max-width: 1024px) 100vw, 1024px\" \/><\/a><\/p>\n<\/div><\/div><\/div><\/div><div id=\"pg-2675-2\"  class=\"panel-grid panel-no-style\" ><div id=\"pgc-2675-2-0\"  class=\"panel-grid-cell\" ><div id=\"panel-2675-2-0-0\" class=\"so-panel widget widget_black-studio-tinymce widget_black_studio_tinymce panel-first-child panel-last-child\" data-index=\"6\" ><div class=\"textwidget\"><p><a href=\"https:\/\/gft.eu\/wp-content\/uploads\/2015\/06\/opito_01-e1582409171730.jpg\"><img loading=\"lazy\" decoding=\"async\" width=\"1024\" height=\"931\" class=\"alignnone size-large wp-image-2680\" alt=\"\" src=\"https:\/\/gft.eu\/wp-content\/uploads\/2015\/06\/opito_01-e1582409171730-1024x931.jpg\"><\/a><\/p>\n<\/div><\/div><\/div><div id=\"pgc-2675-2-1\"  class=\"panel-grid-cell\" ><div id=\"panel-2675-2-1-0\" class=\"so-panel widget widget_black-studio-tinymce widget_black_studio_tinymce panel-first-child panel-last-child\" data-index=\"7\" ><div class=\"textwidget\"><p><a href=\"https:\/\/gft.eu\/wp-content\/uploads\/2020\/02\/opito-2.png\"><img loading=\"lazy\" decoding=\"async\" width=\"640\" height=\"572\" class=\"alignnone size-full wp-image-3175\" alt=\"\" src=\"https:\/\/gft.eu\/wp-content\/uploads\/2020\/02\/opito-2.png\" srcset=\"https:\/\/gft.eu\/wp-content\/uploads\/2020\/02\/opito-2.png 640w, https:\/\/gft.eu\/wp-content\/uploads\/2020\/02\/opito-2-300x268.png 300w, https:\/\/gft.eu\/wp-content\/uploads\/2020\/02\/opito-2-555x496.png 555w\" sizes=\"(max-width: 640px) 100vw, 640px\" \/><\/a><\/p>\n<\/div><\/div><\/div><div id=\"pgc-2675-2-2\"  class=\"panel-grid-cell\" ><div id=\"panel-2675-2-2-0\" class=\"so-panel widget widget_black-studio-tinymce widget_black_studio_tinymce panel-first-child panel-last-child\" data-index=\"8\" ><div class=\"textwidget\"><p><a href=\"https:\/\/gft.eu\/wp-content\/uploads\/2020\/02\/opito-I-2.png\"><img loading=\"lazy\" decoding=\"async\" width=\"640\" height=\"572\" class=\"alignnone size-full wp-image-3181\" alt=\"\" src=\"https:\/\/gft.eu\/wp-content\/uploads\/2020\/02\/opito-I-2.png\" srcset=\"https:\/\/gft.eu\/wp-content\/uploads\/2020\/02\/opito-I-2.png 640w, https:\/\/gft.eu\/wp-content\/uploads\/2020\/02\/opito-I-2-300x268.png 300w, https:\/\/gft.eu\/wp-content\/uploads\/2020\/02\/opito-I-2-555x496.png 555w\" sizes=\"(max-width: 640px) 100vw, 640px\" \/><\/a><\/p>\n<\/div><\/div><\/div><div id=\"pgc-2675-2-3\"  class=\"panel-grid-cell\" ><div id=\"panel-2675-2-3-0\" class=\"so-panel widget widget_black-studio-tinymce widget_black_studio_tinymce panel-first-child panel-last-child\" data-index=\"9\" ><div class=\"textwidget\"><p><a href=\"https:\/\/gft.eu\/wp-content\/uploads\/2020\/02\/Helicopter-inside-scaled.jpg\"><img loading=\"lazy\" decoding=\"async\" width=\"1024\" height=\"924\" class=\"alignnone size-large wp-image-3146\" alt=\"\" src=\"https:\/\/gft.eu\/wp-content\/uploads\/2020\/02\/Helicopter-inside-1024x924.jpg\" srcset=\"https:\/\/gft.eu\/wp-content\/uploads\/2020\/02\/Helicopter-inside-1024x924.jpg 1024w, https:\/\/gft.eu\/wp-content\/uploads\/2020\/02\/Helicopter-inside-300x271.jpg 300w, https:\/\/gft.eu\/wp-content\/uploads\/2020\/02\/Helicopter-inside-768x693.jpg 768w, https:\/\/gft.eu\/wp-content\/uploads\/2020\/02\/Helicopter-inside-1536x1386.jpg 1536w, https:\/\/gft.eu\/wp-content\/uploads\/2020\/02\/Helicopter-inside-2048x1849.jpg 2048w, https:\/\/gft.eu\/wp-content\/uploads\/2020\/02\/Helicopter-inside-555x501.jpg 555w\" sizes=\"(max-width: 1024px) 100vw, 1024px\" \/><\/a><\/p>\n<\/div><\/div><\/div><\/div><\/div>","protected":false},"excerpt":{"rendered":"<p>GFT baut auf Wunsch auch nach diesem Standard.<\/p>\n","protected":false},"author":1,"featured_media":2676,"parent":2634,"menu_order":0,"comment_status":"closed","ping_status":"closed","template":"","meta":{"ngg_post_thumbnail":0,"footnotes":""},"_links":{"self":[{"href":"https:\/\/gft.eu\/de\/wp-json\/wp\/v2\/pages\/2675"}],"collection":[{"href":"https:\/\/gft.eu\/de\/wp-json\/wp\/v2\/pages"}],"about":[{"href":"https:\/\/gft.eu\/de\/wp-json\/wp\/v2\/types\/page"}],"author":[{"embeddable":true,"href":"https:\/\/gft.eu\/de\/wp-json\/wp\/v2\/users\/1"}],"replies":[{"embeddable":true,"href":"https:\/\/gft.eu\/de\/wp-json\/wp\/v2\/comments?post=2675"}],"version-history":[{"count":43,"href":"https:\/\/gft.eu\/de\/wp-json\/wp\/v2\/pages\/2675\/revisions"}],"predecessor-version":[{"id":3389,"href":"https:\/\/gft.eu\/de\/wp-json\/wp\/v2\/pages\/2675\/revisions\/3389"}],"up":[{"embeddable":true,"href":"https:\/\/gft.eu\/de\/wp-json\/wp\/v2\/pages\/2634"}],"wp:featuredmedia":[{"embeddable":true,"href":"https:\/\/gft.eu\/de\/wp-json\/wp\/v2\/media\/2676"}],"wp:attachment":[{"href":"https:\/\/gft.eu\/de\/wp-json\/wp\/v2\/media?parent=2675"}],"curies":[{"name":"wp","href":"https:\/\/api.w.org\/{rel}","templated":true}]}}