{"id":2683,"date":"2015-06-06T20:13:07","date_gmt":"2015-06-06T18:13:07","guid":{"rendered":"https:\/\/www.gft.eu\/?page_id=2683"},"modified":"2015-06-08T22:49:34","modified_gmt":"2015-06-08T20:49:34","slug":"umbauten","status":"publish","type":"page","link":"https:\/\/gft.eu\/de\/unsere-anwendungen\/umbauten\/","title":{"rendered":"Umbauten"},"content":{"rendered":"<div id=\"pl-2683\"  class=\"panel-layout\" ><div id=\"pg-2683-0\"  class=\"panel-grid panel-no-style\" ><div id=\"pgc-2683-0-0\"  class=\"panel-grid-cell\" ><div id=\"panel-2683-0-0-0\" class=\"so-panel widget widget_black-studio-tinymce widget_black_studio_tinymce panel-first-child panel-last-child\" data-index=\"0\" ><div class=\"textwidget\"><h3 id=\"cc-m-header-11792362327\" class=\"\" style=\"text-align: left;\">Umbauten vorhandener \u00dcbungsanlagen<\/h3>\n<div id=\"cc-m-11792398427\" class=\"n j-text \" style=\"text-align: left;\">\n<p style=\"text-align: justify;\">Viele Feuerwehren und Trainingscenter haben noch alte Brand\u00fcbungsanlagen, die meist mit Diesel, \u00d6l oder Kerosin betrieben werden, manchmal auch mit Festbrennstoffen. Solche Anlagen sind nur mit einem hohen zeitraubenden Arbeitsaufwand bei Vorbereitung, S\u00e4uberung und Entsorgung zu betreiben und damit langfristig meist unwirtschaftlich. Eine einmal eingeleitete \u00dcbung kann nicht einfach abgebrochen werden - auch unter Sicherheitsaspekten nicht ideal - und \u00dcbungen k\u00f6nnen nicht beliebig wiederholt werden. Dar\u00fcber hinaus machen heutige Umweltschutzauflagen den weiteren Betrieb oft unm\u00f6glich.<\/p>\n<p style=\"text-align: justify;\">GFT Umbauten auf LPG mit einer elektronischen Steuerung sind sauber, sicher und wirtschaftlich.<\/p>\n<\/div>\n<div id=\"cc-m-11792413027\" class=\"n j-text \">\n<p style=\"text-align: left;\">Dieses brennende Kreuz - wegen des hohen Schwierigkeitsgrades dieser L\u00f6sch\u00fcbung auch \"Devil's Cross\" genannt - wurde fr\u00fcher mit Diesel befeuert. GFT baute die Anlage auf sauber verbrennendes LPG um und installierte eine elektronische Steuerung. Die 4 Teile des \"Devil's Cross\" k\u00f6nnen einzeln zu- und abgeschaltet und die Flammh\u00f6he 2-stufig variiert werden.<\/p>\n<h3 class=\"\" style=\"text-align: left;\">\n<\/div><\/div><\/div><\/div><\/div>","protected":false},"excerpt":{"rendered":"<p>GFT Umbauten auf LPG mit einer elektronischen Steuerung sind sauber, sicher und wirtschaftlich.<\/p>\n","protected":false},"author":1,"featured_media":2469,"parent":2634,"menu_order":0,"comment_status":"closed","ping_status":"closed","template":"","meta":{"ngg_post_thumbnail":0,"footnotes":""},"_links":{"self":[{"href":"https:\/\/gft.eu\/de\/wp-json\/wp\/v2\/pages\/2683"}],"collection":[{"href":"https:\/\/gft.eu\/de\/wp-json\/wp\/v2\/pages"}],"about":[{"href":"https:\/\/gft.eu\/de\/wp-json\/wp\/v2\/types\/page"}],"author":[{"embeddable":true,"href":"https:\/\/gft.eu\/de\/wp-json\/wp\/v2\/users\/1"}],"replies":[{"embeddable":true,"href":"https:\/\/gft.eu\/de\/wp-json\/wp\/v2\/comments?post=2683"}],"version-history":[{"count":2,"href":"https:\/\/gft.eu\/de\/wp-json\/wp\/v2\/pages\/2683\/revisions"}],"predecessor-version":[{"id":2791,"href":"https:\/\/gft.eu\/de\/wp-json\/wp\/v2\/pages\/2683\/revisions\/2791"}],"up":[{"embeddable":true,"href":"https:\/\/gft.eu\/de\/wp-json\/wp\/v2\/pages\/2634"}],"wp:featuredmedia":[{"embeddable":true,"href":"https:\/\/gft.eu\/de\/wp-json\/wp\/v2\/media\/2469"}],"wp:attachment":[{"href":"https:\/\/gft.eu\/de\/wp-json\/wp\/v2\/media?parent=2683"}],"curies":[{"name":"wp","href":"https:\/\/api.w.org\/{rel}","templated":true}]}}