{"id":3052,"date":"2020-01-26T23:35:28","date_gmt":"2020-01-26T22:35:28","guid":{"rendered":"https:\/\/gft.eu\/?page_id=3052"},"modified":"2023-07-18T12:55:22","modified_gmt":"2023-07-18T10:55:22","slug":"flt-100-fire-starter-2","status":"publish","type":"page","link":"https:\/\/gft.eu\/de\/unsere-produkte\/firetrainer\/flt-600-fireman\/","title":{"rendered":"FLT 600 FireMan"},"content":{"rendered":"<div id=\"pl-3052\"  class=\"panel-layout\" ><div id=\"pg-3052-0\"  class=\"panel-grid panel-no-style\" ><div id=\"pgc-3052-0-0\"  class=\"panel-grid-cell\" ><div id=\"panel-3052-0-0-0\" class=\"so-panel widget widget_black-studio-tinymce widget_black_studio_tinymce panel-first-child panel-last-child\" data-index=\"0\" ><div class=\"textwidget\"><p>&nbsp;<\/p>\n<p><a href=\"https:\/\/gft.eu\/wp-content\/uploads\/2020\/01\/fireman-2-e1582050674922.png\"><img loading=\"lazy\" decoding=\"async\" class=\"alignnone wp-image-3086\" src=\"https:\/\/gft.eu\/wp-content\/uploads\/2020\/01\/fireman-2-e1582050674922-675x1024.png\" alt=\"\" width=\"441\" height=\"669\" srcset=\"https:\/\/gft.eu\/wp-content\/uploads\/2020\/01\/fireman-2-e1582050674922-675x1024.png 675w, https:\/\/gft.eu\/wp-content\/uploads\/2020\/01\/fireman-2-e1582050674922-198x300.png 198w, https:\/\/gft.eu\/wp-content\/uploads\/2020\/01\/fireman-2-e1582050674922-366x555.png 366w, https:\/\/gft.eu\/wp-content\/uploads\/2020\/01\/fireman-2-e1582050674922.png 750w\" sizes=\"(max-width: 441px) 100vw, 441px\" \/><\/a><\/p>\n<\/div><\/div><\/div><div id=\"pgc-3052-0-1\"  class=\"panel-grid-cell panel-grid-cell-mobile-last\" ><div id=\"panel-3052-0-1-0\" class=\"so-panel widget widget_black-studio-tinymce widget_black_studio_tinymce panel-first-child\" data-index=\"1\" ><div class=\"textwidget\"><h3>Einmalig auf dem Markt<\/h3>\n<p>Patentiertes lebensgro\u00dfes \u00dcbungsger\u00e4t zum Erlernen der korrekten Vorgehensweise bei der Personenbrandl\u00f6schung. Den Brand k\u00f6nnen Sie mit jeglichem f\u00fcr den Personenbrand geeigneten Feuerl\u00f6scher oder mittels Feuerdecke l\u00f6schen, wobei der FireMan zu drei Seiten hin abgelegt werden kann.<\/p>\n<h3>\n<\/div><\/div><div id=\"panel-3052-0-1-1\" class=\"so-panel widget widget_black-studio-tinymce widget_black_studio_tinymce panel-last-child\" data-index=\"2\" ><div class=\"textwidget\"><p><a href=\"https:\/\/gft.eu\/wp-content\/uploads\/2015\/06\/FireMan-e1580151769968.jpg\"><img loading=\"lazy\" decoding=\"async\" class=\"alignnone wp-image-2305\" src=\"https:\/\/gft.eu\/wp-content\/uploads\/2015\/06\/FireMan-e1580151769968-199x300.jpg\" alt=\"\" width=\"186\" height=\"280\" srcset=\"https:\/\/gft.eu\/wp-content\/uploads\/2015\/06\/FireMan-e1580151769968-199x300.jpg 199w, https:\/\/gft.eu\/wp-content\/uploads\/2015\/06\/FireMan-e1580151769968-369x555.jpg 369w, https:\/\/gft.eu\/wp-content\/uploads\/2015\/06\/FireMan-e1580151769968.jpg 598w\" sizes=\"(max-width: 186px) 100vw, 186px\" \/><\/a><a href=\"https:\/\/gft.eu\/wp-content\/uploads\/2020\/01\/fireman3-scaled-e1580151475323.jpg\"><img loading=\"lazy\" decoding=\"async\" class=\"alignnone wp-image-3038\" src=\"https:\/\/gft.eu\/wp-content\/uploads\/2020\/01\/fireman3-scaled-e1580151475323-200x300.jpg\" alt=\"\" width=\"187\" height=\"281\" srcset=\"https:\/\/gft.eu\/wp-content\/uploads\/2020\/01\/fireman3-scaled-e1580151475323-200x300.jpg 200w, https:\/\/gft.eu\/wp-content\/uploads\/2020\/01\/fireman3-scaled-e1580151475323-681x1024.jpg 681w, https:\/\/gft.eu\/wp-content\/uploads\/2020\/01\/fireman3-scaled-e1580151475323-768x1155.jpg 768w, https:\/\/gft.eu\/wp-content\/uploads\/2020\/01\/fireman3-scaled-e1580151475323-1022x1536.jpg 1022w, https:\/\/gft.eu\/wp-content\/uploads\/2020\/01\/fireman3-scaled-e1580151475323-369x555.jpg 369w, https:\/\/gft.eu\/wp-content\/uploads\/2020\/01\/fireman3-scaled-e1580151475323.jpg 1132w\" sizes=\"(max-width: 187px) 100vw, 187px\" \/><\/a><a href=\"https:\/\/gft.eu\/wp-content\/uploads\/2020\/01\/fireman1-scaled-e1580151652707.jpg\"><img loading=\"lazy\" decoding=\"async\" class=\"alignnone wp-image-3074\" src=\"https:\/\/gft.eu\/wp-content\/uploads\/2020\/01\/fireman1-scaled-e1580151652707-200x300.jpg\" alt=\"\" width=\"187\" height=\"281\" srcset=\"https:\/\/gft.eu\/wp-content\/uploads\/2020\/01\/fireman1-scaled-e1580151652707-200x300.jpg 200w, https:\/\/gft.eu\/wp-content\/uploads\/2020\/01\/fireman1-scaled-e1580151652707-683x1024.jpg 683w, https:\/\/gft.eu\/wp-content\/uploads\/2020\/01\/fireman1-scaled-e1580151652707-768x1151.jpg 768w, https:\/\/gft.eu\/wp-content\/uploads\/2020\/01\/fireman1-scaled-e1580151652707-1025x1536.jpg 1025w, https:\/\/gft.eu\/wp-content\/uploads\/2020\/01\/fireman1-scaled-e1580151652707-370x555.jpg 370w, https:\/\/gft.eu\/wp-content\/uploads\/2020\/01\/fireman1-scaled-e1580151652707.jpg 1134w\" sizes=\"(max-width: 187px) 100vw, 187px\" \/><\/a><\/p>\n<p><div style=\"width: 1140px;\" class=\"wp-video\"><!--[if lt IE 9]><script>document.createElement('video');<\/script><![endif]-->\n<video class=\"wp-video-shortcode\" id=\"video-3052-1\" width=\"1140\" height=\"855\" preload=\"metadata\" controls=\"controls\"><source type=\"video\/mp4\" src=\"https:\/\/gft.eu\/wp-content\/uploads\/2023\/07\/FireXTrainer\u00ae-FLT600-FireMan_Blanket.mp4?_=1\" \/><a href=\"https:\/\/gft.eu\/wp-content\/uploads\/2023\/07\/FireXTrainer\u00ae-FLT600-FireMan_Blanket.mp4\">https:\/\/gft.eu\/wp-content\/uploads\/2023\/07\/FireXTrainer\u00ae-FLT600-FireMan_Blanket.mp4<\/a><\/video><\/div><\/p>\n<p>&nbsp;<\/p>\n<p>&nbsp;<\/p>\n<\/div><\/div><\/div><div id=\"pgc-3052-0-2\"  class=\"panel-grid-cell panel-grid-cell-empty\" ><\/div><\/div><\/div>","protected":false},"excerpt":{"rendered":"<p>Einmalig auf dem Markt: Simulation eines Personenbrands<\/p>\n","protected":false},"author":4,"featured_media":3036,"parent":2261,"menu_order":0,"comment_status":"closed","ping_status":"closed","template":"","meta":{"ngg_post_thumbnail":0,"footnotes":""},"_links":{"self":[{"href":"https:\/\/gft.eu\/de\/wp-json\/wp\/v2\/pages\/3052"}],"collection":[{"href":"https:\/\/gft.eu\/de\/wp-json\/wp\/v2\/pages"}],"about":[{"href":"https:\/\/gft.eu\/de\/wp-json\/wp\/v2\/types\/page"}],"author":[{"embeddable":true,"href":"https:\/\/gft.eu\/de\/wp-json\/wp\/v2\/users\/4"}],"replies":[{"embeddable":true,"href":"https:\/\/gft.eu\/de\/wp-json\/wp\/v2\/comments?post=3052"}],"version-history":[{"count":67,"href":"https:\/\/gft.eu\/de\/wp-json\/wp\/v2\/pages\/3052\/revisions"}],"predecessor-version":[{"id":4048,"href":"https:\/\/gft.eu\/de\/wp-json\/wp\/v2\/pages\/3052\/revisions\/4048"}],"up":[{"embeddable":true,"href":"https:\/\/gft.eu\/de\/wp-json\/wp\/v2\/pages\/2261"}],"wp:featuredmedia":[{"embeddable":true,"href":"https:\/\/gft.eu\/de\/wp-json\/wp\/v2\/media\/3036"}],"wp:attachment":[{"href":"https:\/\/gft.eu\/de\/wp-json\/wp\/v2\/media?parent=3052"}],"curies":[{"name":"wp","href":"https:\/\/api.w.org\/{rel}","templated":true}]}}