{"id":3330,"date":"2020-03-27T21:35:31","date_gmt":"2020-03-27T20:35:31","guid":{"rendered":"https:\/\/gft.eu\/?page_id=3330"},"modified":"2020-03-27T21:35:32","modified_gmt":"2020-03-27T20:35:32","slug":"gft-electriccabinetfire","status":"publish","type":"page","link":"https:\/\/gft.eu\/de\/unsere-produkte\/gft-firetrainer-brandmodule-fuer-den-professionellen-einsatz\/gft-electriccabinetfire\/","title":{"rendered":"GFT ElectricCabinetFire"},"content":{"rendered":"<div id=\"pl-3330\"  class=\"panel-layout\" ><div id=\"pg-3330-0\"  class=\"panel-grid panel-no-style\" ><div id=\"pgc-3330-0-0\"  class=\"panel-grid-cell\" ><div id=\"panel-3330-0-0-0\" class=\"so-panel widget widget_black-studio-tinymce widget_black_studio_tinymce panel-first-child panel-last-child\" data-index=\"0\" ><div class=\"textwidget\"><p><a href=\"https:\/\/gft.eu\/wp-content\/uploads\/2015\/06\/ElectricCabinetFire.jpg\"><img loading=\"lazy\" decoding=\"async\" class=\"alignnone  wp-image-2539\" src=\"https:\/\/gft.eu\/wp-content\/uploads\/2015\/06\/ElectricCabinetFire-300x225.jpg\" alt=\"ElectricCabinetFire\" width=\"411\" height=\"308\" srcset=\"https:\/\/gft.eu\/wp-content\/uploads\/2015\/06\/ElectricCabinetFire-300x225.jpg 300w, https:\/\/gft.eu\/wp-content\/uploads\/2015\/06\/ElectricCabinetFire-555x416.jpg 555w, https:\/\/gft.eu\/wp-content\/uploads\/2015\/06\/ElectricCabinetFire-100x75.jpg 100w, https:\/\/gft.eu\/wp-content\/uploads\/2015\/06\/ElectricCabinetFire.jpg 661w\" sizes=\"(max-width: 411px) 100vw, 411px\" \/><\/a><\/p>\n<p><a href=\"https:\/\/gft.eu\/wp-content\/uploads\/2015\/06\/ElectricCabinetFire_02.jpg\"><img loading=\"lazy\" decoding=\"async\" class=\"alignnone  wp-image-2540\" src=\"https:\/\/gft.eu\/wp-content\/uploads\/2015\/06\/ElectricCabinetFire_02-225x300.jpg\" alt=\"ElectricCabinetFire_02\" width=\"410\" height=\"547\" srcset=\"https:\/\/gft.eu\/wp-content\/uploads\/2015\/06\/ElectricCabinetFire_02-225x300.jpg 225w, https:\/\/gft.eu\/wp-content\/uploads\/2015\/06\/ElectricCabinetFire_02-416x555.jpg 416w, https:\/\/gft.eu\/wp-content\/uploads\/2015\/06\/ElectricCabinetFire_02.jpg 661w\" sizes=\"(max-width: 410px) 100vw, 410px\" \/><\/a><\/p>\n<\/div><\/div><\/div><div id=\"pgc-3330-0-1\"  class=\"panel-grid-cell\" ><div id=\"panel-3330-0-1-0\" class=\"so-panel widget widget_black-studio-tinymce widget_black_studio_tinymce panel-first-child panel-last-child\" data-index=\"1\" ><div class=\"textwidget\"><h3 style=\"text-align: left;\">Darstellung eines brennenden Schaltschranks.<\/h3>\n<ul>\n<li style=\"text-align: left;\">Erh\u00e4ltlich in 2 Gr\u00f6\u00dfen.<\/li>\n<li style=\"text-align: left;\">Flammintensit\u00e4t nimmt bei \u00d6ffnung des Schaltschranks zu.<\/li>\n<li style=\"text-align: left;\"><strong>Optional:<\/strong> zus\u00e4tzlicher Dummy-Hauptschalter, der vor L\u00f6schung ausgeschaltet werden muss.<\/li>\n<\/ul>\n<h3 style=\"text-align: left;\">\n<\/div><\/div><\/div><\/div><\/div>","protected":false},"excerpt":{"rendered":"<p>Darstellung eines brennenden Schaltschranks<\/p>\n","protected":false},"author":4,"featured_media":2539,"parent":2557,"menu_order":0,"comment_status":"closed","ping_status":"closed","template":"","meta":{"ngg_post_thumbnail":0,"footnotes":""},"_links":{"self":[{"href":"https:\/\/gft.eu\/de\/wp-json\/wp\/v2\/pages\/3330"}],"collection":[{"href":"https:\/\/gft.eu\/de\/wp-json\/wp\/v2\/pages"}],"about":[{"href":"https:\/\/gft.eu\/de\/wp-json\/wp\/v2\/types\/page"}],"author":[{"embeddable":true,"href":"https:\/\/gft.eu\/de\/wp-json\/wp\/v2\/users\/4"}],"replies":[{"embeddable":true,"href":"https:\/\/gft.eu\/de\/wp-json\/wp\/v2\/comments?post=3330"}],"version-history":[{"count":1,"href":"https:\/\/gft.eu\/de\/wp-json\/wp\/v2\/pages\/3330\/revisions"}],"predecessor-version":[{"id":3333,"href":"https:\/\/gft.eu\/de\/wp-json\/wp\/v2\/pages\/3330\/revisions\/3333"}],"up":[{"embeddable":true,"href":"https:\/\/gft.eu\/de\/wp-json\/wp\/v2\/pages\/2557"}],"wp:featuredmedia":[{"embeddable":true,"href":"https:\/\/gft.eu\/de\/wp-json\/wp\/v2\/media\/2539"}],"wp:attachment":[{"href":"https:\/\/gft.eu\/de\/wp-json\/wp\/v2\/media?parent=3330"}],"curies":[{"name":"wp","href":"https:\/\/api.w.org\/{rel}","templated":true}]}}