{"id":3399,"date":"2020-05-21T19:54:05","date_gmt":"2020-05-21T17:54:05","guid":{"rendered":"https:\/\/gft.eu\/?page_id=3399"},"modified":"2020-06-02T21:55:24","modified_gmt":"2020-06-02T19:55:24","slug":"gft-holzbrandcontainer-erwarten-sie-mehr-2","status":"publish","type":"page","link":"https:\/\/gft.eu\/de\/unsere-produkte\/gasbetriebene-branduebungsanlagen\/","title":{"rendered":"Gasbetriebene Brand\u00fcbungsanlagen"},"content":{"rendered":"<div id=\"pl-3399\"  class=\"panel-layout\" ><div id=\"pg-3399-0\"  class=\"panel-grid panel-no-style\" ><div id=\"pgc-3399-0-0\"  class=\"panel-grid-cell\" ><div id=\"panel-3399-0-0-0\" class=\"so-panel widget widget_black-studio-tinymce widget_black_studio_tinymce panel-first-child panel-last-child\" data-index=\"0\" ><div class=\"textwidget\"><p><a href=\"https:\/\/gft.eu\/wp-content\/uploads\/2020\/05\/fire-training-rig-in-action-scaled.jpg\"><img loading=\"lazy\" decoding=\"async\" width=\"1024\" height=\"669\" class=\"alignnone size-large wp-image-3414\" alt=\"\" src=\"https:\/\/gft.eu\/wp-content\/uploads\/2020\/05\/fire-training-rig-in-action-1024x669.jpg\" srcset=\"https:\/\/gft.eu\/wp-content\/uploads\/2020\/05\/fire-training-rig-in-action-1024x669.jpg 1024w, https:\/\/gft.eu\/wp-content\/uploads\/2020\/05\/fire-training-rig-in-action-300x196.jpg 300w, https:\/\/gft.eu\/wp-content\/uploads\/2020\/05\/fire-training-rig-in-action-768x502.jpg 768w, https:\/\/gft.eu\/wp-content\/uploads\/2020\/05\/fire-training-rig-in-action-1536x1004.jpg 1536w, https:\/\/gft.eu\/wp-content\/uploads\/2020\/05\/fire-training-rig-in-action-2048x1339.jpg 2048w, https:\/\/gft.eu\/wp-content\/uploads\/2020\/05\/fire-training-rig-in-action-555x363.jpg 555w\" sizes=\"(max-width: 1024px) 100vw, 1024px\" \/><\/a><\/p>\n<\/div><\/div><\/div><div id=\"pgc-3399-0-1\"  class=\"panel-grid-cell\" ><div id=\"panel-3399-0-1-0\" class=\"so-panel widget widget_black-studio-tinymce widget_black_studio_tinymce panel-first-child panel-last-child\" data-index=\"1\" ><div class=\"textwidget\"><h3>Die Brand\u00fcbungsanlage, die auf Ihre Bed\u00fcrfnisse zugeschnitten ist<\/h3>\n<p>&nbsp;<\/p>\n<h4>Einzeln oder im Baukastensystem<\/h4>\n<p>Gasbetriebene Brand\u00fcbungsanlagen in Containerform bietet Ihnen GFT in unz\u00e4hligen Varianten. W\u00e4hlen Sie aus unserem breiten Sortiment die passenden <a href=\"https:\/\/gft.eu\/unsere-produkte\/gft-firetrainer-brandmodule-fuer-den-professionellen-einsatz\/\">Brandmodule<\/a> und die gew\u00fcnschte <a href=\"https:\/\/gft.eu\/unsere-produkte\/anlagensteuerungen\/\">Anlagensteuerung<\/a> aus.<\/p>\n<p>Ob Sie eine raffinierte oder einfache Isolierung w\u00fcnschen, eine \u00dcberwachungskammer oder ein oder mehrere Brand\u00fcbungsr\u00e4ume - Sie entscheiden wie Sie die Einrichtungsm\u00f6glichkeiten nutzen m\u00f6chten. W\u00e4hlen Sie ausserdem frei zwischen station\u00e4rer Brand\u00fcbungsanlange oder mobiler Einheit, welche flexibel an verschiedenen Orten eingesetzt werden kann. Auch wenn das Budget \u00fcber mehrere Jahre verteilt werden soll, bleiben Sie flexibel mit den von GFT angebotenen Ausbaum\u00f6glichkeiten.<\/p>\n<h3>\n<\/div><\/div><\/div><\/div><div id=\"pg-3399-1\"  class=\"panel-grid panel-no-style\" ><div id=\"pgc-3399-1-0\"  class=\"panel-grid-cell\" ><div id=\"panel-3399-1-0-0\" class=\"so-panel widget widget_black-studio-tinymce widget_black_studio_tinymce panel-first-child\" data-index=\"2\" ><div class=\"textwidget\"><p><a href=\"https:\/\/gft.eu\/wp-content\/uploads\/2015\/06\/Branduebungsanlage_02-e1589919949562.jpg\"><img loading=\"lazy\" decoding=\"async\" width=\"864\" height=\"565\" class=\"alignnone size-full wp-image-2642\" alt=\"\" src=\"https:\/\/gft.eu\/wp-content\/uploads\/2015\/06\/Branduebungsanlage_02-e1589919949562.jpg\" srcset=\"https:\/\/gft.eu\/wp-content\/uploads\/2015\/06\/Branduebungsanlage_02-e1589919949562.jpg 864w, https:\/\/gft.eu\/wp-content\/uploads\/2015\/06\/Branduebungsanlage_02-e1589919949562-300x196.jpg 300w, https:\/\/gft.eu\/wp-content\/uploads\/2015\/06\/Branduebungsanlage_02-e1589919949562-555x363.jpg 555w, https:\/\/gft.eu\/wp-content\/uploads\/2015\/06\/Branduebungsanlage_02-e1589919949562-768x502.jpg 768w\" sizes=\"(max-width: 864px) 100vw, 864px\" \/><\/a><\/p>\n<\/div><\/div><div id=\"panel-3399-1-0-1\" class=\"so-panel widget widget_black-studio-tinymce widget_black_studio_tinymce panel-last-child\" data-index=\"3\" ><div class=\"textwidget\"><p><a href=\"https:\/\/gft.eu\/wp-content\/uploads\/2020\/05\/Fire-training-rig-inside-01.jpg\"><img loading=\"lazy\" decoding=\"async\" width=\"951\" height=\"602\" class=\"alignnone size-full wp-image-3415\" alt=\"\" src=\"https:\/\/gft.eu\/wp-content\/uploads\/2020\/05\/Fire-training-rig-inside-01.jpg\" srcset=\"https:\/\/gft.eu\/wp-content\/uploads\/2020\/05\/Fire-training-rig-inside-01.jpg 951w, https:\/\/gft.eu\/wp-content\/uploads\/2020\/05\/Fire-training-rig-inside-01-300x190.jpg 300w, https:\/\/gft.eu\/wp-content\/uploads\/2020\/05\/Fire-training-rig-inside-01-768x486.jpg 768w, https:\/\/gft.eu\/wp-content\/uploads\/2020\/05\/Fire-training-rig-inside-01-555x351.jpg 555w\" sizes=\"(max-width: 951px) 100vw, 951px\" \/><\/a><\/p>\n<\/div><\/div><\/div><div id=\"pgc-3399-1-1\"  class=\"panel-grid-cell\" ><div id=\"panel-3399-1-1-0\" class=\"so-panel widget widget_black-studio-tinymce widget_black_studio_tinymce panel-first-child\" data-index=\"4\" ><div class=\"textwidget\"><p><a href=\"https:\/\/gft.eu\/wp-content\/uploads\/2015\/06\/Branduebungsanlage_01-e1590083458174.jpg\"><img loading=\"lazy\" decoding=\"async\" width=\"844\" height=\"558\" class=\"alignnone size-full wp-image-2643\" alt=\"\" src=\"https:\/\/gft.eu\/wp-content\/uploads\/2015\/06\/Branduebungsanlage_01-e1590083458174.jpg\" srcset=\"https:\/\/gft.eu\/wp-content\/uploads\/2015\/06\/Branduebungsanlage_01-e1590083458174.jpg 844w, https:\/\/gft.eu\/wp-content\/uploads\/2015\/06\/Branduebungsanlage_01-e1590083458174-300x198.jpg 300w, https:\/\/gft.eu\/wp-content\/uploads\/2015\/06\/Branduebungsanlage_01-e1590083458174-555x367.jpg 555w, https:\/\/gft.eu\/wp-content\/uploads\/2015\/06\/Branduebungsanlage_01-e1590083458174-768x508.jpg 768w\" sizes=\"(max-width: 844px) 100vw, 844px\" \/><\/a><\/p>\n<\/div><\/div><div id=\"panel-3399-1-1-1\" class=\"so-panel widget widget_black-studio-tinymce widget_black_studio_tinymce panel-last-child\" data-index=\"5\" ><div class=\"textwidget\"><p><a href=\"https:\/\/gft.eu\/wp-content\/uploads\/2020\/05\/fire-training-rig-inside-03.jpg\"><img loading=\"lazy\" decoding=\"async\" width=\"941\" height=\"596\" class=\"alignnone size-full wp-image-3416\" alt=\"\" src=\"https:\/\/gft.eu\/wp-content\/uploads\/2020\/05\/fire-training-rig-inside-03.jpg\" srcset=\"https:\/\/gft.eu\/wp-content\/uploads\/2020\/05\/fire-training-rig-inside-03.jpg 941w, https:\/\/gft.eu\/wp-content\/uploads\/2020\/05\/fire-training-rig-inside-03-300x190.jpg 300w, https:\/\/gft.eu\/wp-content\/uploads\/2020\/05\/fire-training-rig-inside-03-768x486.jpg 768w, https:\/\/gft.eu\/wp-content\/uploads\/2020\/05\/fire-training-rig-inside-03-555x352.jpg 555w\" sizes=\"(max-width: 941px) 100vw, 941px\" \/><\/a><\/p>\n<\/div><\/div><\/div><div id=\"pgc-3399-1-2\"  class=\"panel-grid-cell\" ><div id=\"panel-3399-1-2-0\" class=\"so-panel widget widget_black-studio-tinymce widget_black_studio_tinymce panel-first-child\" data-index=\"6\" ><div class=\"textwidget\"><p><a href=\"https:\/\/gft.eu\/wp-content\/uploads\/2015\/06\/FireTruck-KOC-Kuwait-Oil-Company-Kuwait-e1590788049590.jpg\"><img loading=\"lazy\" decoding=\"async\" width=\"1024\" height=\"677\" class=\"alignnone size-large wp-image-2654\" alt=\"\" src=\"https:\/\/gft.eu\/wp-content\/uploads\/2015\/06\/FireTruck-KOC-Kuwait-Oil-Company-Kuwait-e1590788049590-1024x677.jpg\" srcset=\"https:\/\/gft.eu\/wp-content\/uploads\/2015\/06\/FireTruck-KOC-Kuwait-Oil-Company-Kuwait-e1590788049590-1024x677.jpg 1024w, https:\/\/gft.eu\/wp-content\/uploads\/2015\/06\/FireTruck-KOC-Kuwait-Oil-Company-Kuwait-e1590788049590-300x198.jpg 300w, https:\/\/gft.eu\/wp-content\/uploads\/2015\/06\/FireTruck-KOC-Kuwait-Oil-Company-Kuwait-e1590788049590-555x367.jpg 555w, https:\/\/gft.eu\/wp-content\/uploads\/2015\/06\/FireTruck-KOC-Kuwait-Oil-Company-Kuwait-e1590788049590-768x507.jpg 768w, https:\/\/gft.eu\/wp-content\/uploads\/2015\/06\/FireTruck-KOC-Kuwait-Oil-Company-Kuwait-e1590788049590.jpg 1185w\" sizes=\"(max-width: 1024px) 100vw, 1024px\" \/><\/a><\/p>\n<\/div><\/div><div id=\"panel-3399-1-2-1\" class=\"so-panel widget widget_black-studio-tinymce widget_black_studio_tinymce panel-last-child\" data-index=\"7\" ><div class=\"textwidget\"><p><a href=\"https:\/\/gft.eu\/wp-content\/uploads\/2020\/05\/fire-training-rig-inside-04.png\"><img loading=\"lazy\" decoding=\"async\" width=\"936\" height=\"592\" class=\"alignnone size-full wp-image-3417\" alt=\"\" src=\"https:\/\/gft.eu\/wp-content\/uploads\/2020\/05\/fire-training-rig-inside-04.png\" srcset=\"https:\/\/gft.eu\/wp-content\/uploads\/2020\/05\/fire-training-rig-inside-04.png 936w, https:\/\/gft.eu\/wp-content\/uploads\/2020\/05\/fire-training-rig-inside-04-300x190.png 300w, https:\/\/gft.eu\/wp-content\/uploads\/2020\/05\/fire-training-rig-inside-04-768x486.png 768w, https:\/\/gft.eu\/wp-content\/uploads\/2020\/05\/fire-training-rig-inside-04-555x351.png 555w\" sizes=\"(max-width: 936px) 100vw, 936px\" \/><\/a><\/p>\n<\/div><\/div><\/div><div id=\"pgc-3399-1-3\"  class=\"panel-grid-cell\" ><div id=\"panel-3399-1-3-0\" class=\"so-panel widget widget_black-studio-tinymce widget_black_studio_tinymce panel-first-child\" data-index=\"8\" ><div class=\"textwidget\"><p><a href=\"https:\/\/gft.eu\/wp-content\/uploads\/2015\/06\/MGHM-CHINA-Truck-P1080005-e1590787970962.jpg\"><img loading=\"lazy\" decoding=\"async\" width=\"1024\" height=\"676\" class=\"alignnone size-large wp-image-2653\" alt=\"\" src=\"https:\/\/gft.eu\/wp-content\/uploads\/2015\/06\/MGHM-CHINA-Truck-P1080005-e1590787970962-1024x676.jpg\" srcset=\"https:\/\/gft.eu\/wp-content\/uploads\/2015\/06\/MGHM-CHINA-Truck-P1080005-e1590787970962-1024x676.jpg 1024w, https:\/\/gft.eu\/wp-content\/uploads\/2015\/06\/MGHM-CHINA-Truck-P1080005-e1590787970962-300x198.jpg 300w, https:\/\/gft.eu\/wp-content\/uploads\/2015\/06\/MGHM-CHINA-Truck-P1080005-e1590787970962-555x366.jpg 555w, https:\/\/gft.eu\/wp-content\/uploads\/2015\/06\/MGHM-CHINA-Truck-P1080005-e1590787970962-768x507.jpg 768w, https:\/\/gft.eu\/wp-content\/uploads\/2015\/06\/MGHM-CHINA-Truck-P1080005-e1590787970962.jpg 1200w\" sizes=\"(max-width: 1024px) 100vw, 1024px\" \/><\/a><\/p>\n<\/div><\/div><div id=\"panel-3399-1-3-1\" class=\"so-panel widget widget_black-studio-tinymce widget_black_studio_tinymce panel-last-child\" data-index=\"9\" ><div class=\"textwidget\"><p><a href=\"https:\/\/gft.eu\/wp-content\/uploads\/2020\/05\/inside-flashover.jpg\"><img loading=\"lazy\" decoding=\"async\" width=\"661\" height=\"418\" class=\"alignnone size-full wp-image-3463\" alt=\"\" src=\"https:\/\/gft.eu\/wp-content\/uploads\/2020\/05\/inside-flashover.jpg\" srcset=\"https:\/\/gft.eu\/wp-content\/uploads\/2020\/05\/inside-flashover.jpg 661w, https:\/\/gft.eu\/wp-content\/uploads\/2020\/05\/inside-flashover-300x190.jpg 300w, https:\/\/gft.eu\/wp-content\/uploads\/2020\/05\/inside-flashover-555x351.jpg 555w\" sizes=\"(max-width: 661px) 100vw, 661px\" \/><\/a><\/p>\n<\/div><\/div><\/div><\/div><\/div>","protected":false},"excerpt":{"rendered":"<p>Gestalten Sie flexibel Ihre gasbetriebene Brand\u00fcbungsanlage und w\u00e4hlen Sie aus unserer breiten Palette an Einrichtungsm\u00f6gllichkeiten.<\/p>\n","protected":false},"author":4,"featured_media":2643,"parent":49,"menu_order":0,"comment_status":"closed","ping_status":"closed","template":"","meta":{"ngg_post_thumbnail":0,"footnotes":""},"_links":{"self":[{"href":"https:\/\/gft.eu\/de\/wp-json\/wp\/v2\/pages\/3399"}],"collection":[{"href":"https:\/\/gft.eu\/de\/wp-json\/wp\/v2\/pages"}],"about":[{"href":"https:\/\/gft.eu\/de\/wp-json\/wp\/v2\/types\/page"}],"author":[{"embeddable":true,"href":"https:\/\/gft.eu\/de\/wp-json\/wp\/v2\/users\/4"}],"replies":[{"embeddable":true,"href":"https:\/\/gft.eu\/de\/wp-json\/wp\/v2\/comments?post=3399"}],"version-history":[{"count":44,"href":"https:\/\/gft.eu\/de\/wp-json\/wp\/v2\/pages\/3399\/revisions"}],"predecessor-version":[{"id":3503,"href":"https:\/\/gft.eu\/de\/wp-json\/wp\/v2\/pages\/3399\/revisions\/3503"}],"up":[{"embeddable":true,"href":"https:\/\/gft.eu\/de\/wp-json\/wp\/v2\/pages\/49"}],"wp:featuredmedia":[{"embeddable":true,"href":"https:\/\/gft.eu\/de\/wp-json\/wp\/v2\/media\/2643"}],"wp:attachment":[{"href":"https:\/\/gft.eu\/de\/wp-json\/wp\/v2\/media?parent=3399"}],"curies":[{"name":"wp","href":"https:\/\/api.w.org\/{rel}","templated":true}]}}