{"id":3469,"date":"2020-06-03T21:50:14","date_gmt":"2020-06-03T19:50:14","guid":{"rendered":"https:\/\/gft.eu\/?page_id=3469"},"modified":"2022-03-17T13:19:54","modified_gmt":"2022-03-17T12:19:54","slug":"flt-200-firetrolley-2","status":"publish","type":"page","link":"https:\/\/gft.eu\/de\/unsere-anwendungen\/autobrand\/","title":{"rendered":"Autobrand"},"content":{"rendered":"<div id=\"pl-3469\"  class=\"panel-layout\" ><div id=\"pg-3469-0\"  class=\"panel-grid panel-no-style\" ><div id=\"pgc-3469-0-0\"  class=\"panel-grid-cell\" ><div id=\"panel-3469-0-0-0\" class=\"so-panel widget widget_black-studio-tinymce widget_black_studio_tinymce panel-first-child panel-last-child\" data-index=\"0\" ><div class=\"textwidget\"><p><a href=\"https:\/\/gft.eu\/wp-content\/uploads\/2020\/05\/Brandauto-Overview3.jpg\"><img loading=\"lazy\" decoding=\"async\" width=\"1024\" height=\"618\" class=\"alignnone size-large wp-image-3472\" alt=\"\" src=\"https:\/\/gft.eu\/wp-content\/uploads\/2020\/05\/Brandauto-Overview3-1024x618.jpg\" srcset=\"https:\/\/gft.eu\/wp-content\/uploads\/2020\/05\/Brandauto-Overview3-1024x618.jpg 1024w, https:\/\/gft.eu\/wp-content\/uploads\/2020\/05\/Brandauto-Overview3-300x181.jpg 300w, https:\/\/gft.eu\/wp-content\/uploads\/2020\/05\/Brandauto-Overview3-768x463.jpg 768w, https:\/\/gft.eu\/wp-content\/uploads\/2020\/05\/Brandauto-Overview3-555x335.jpg 555w, https:\/\/gft.eu\/wp-content\/uploads\/2020\/05\/Brandauto-Overview3.jpg 1313w\" sizes=\"(max-width: 1024px) 100vw, 1024px\" \/><\/a><\/p>\n<p>&nbsp;<\/p>\n<p><a href=\"https:\/\/gft.eu\/wp-content\/uploads\/2020\/05\/Brandauto-Overview2.png\"><img loading=\"lazy\" decoding=\"async\" width=\"1024\" height=\"594\" class=\"alignnone size-large wp-image-3480\" alt=\"\" src=\"https:\/\/gft.eu\/wp-content\/uploads\/2020\/05\/Brandauto-Overview2-1024x594.png\" srcset=\"https:\/\/gft.eu\/wp-content\/uploads\/2020\/05\/Brandauto-Overview2-1024x594.png 1024w, https:\/\/gft.eu\/wp-content\/uploads\/2020\/05\/Brandauto-Overview2-300x174.png 300w, https:\/\/gft.eu\/wp-content\/uploads\/2020\/05\/Brandauto-Overview2-768x446.png 768w, https:\/\/gft.eu\/wp-content\/uploads\/2020\/05\/Brandauto-Overview2-555x322.png 555w, https:\/\/gft.eu\/wp-content\/uploads\/2020\/05\/Brandauto-Overview2.png 1303w\" sizes=\"(max-width: 1024px) 100vw, 1024px\" \/><\/a><\/p>\n<\/div><\/div><\/div><div id=\"pgc-3469-0-1\"  class=\"panel-grid-cell\" ><div id=\"panel-3469-0-1-0\" class=\"so-panel widget widget_black-studio-tinymce widget_black_studio_tinymce panel-first-child panel-last-child\" data-index=\"1\" ><div class=\"textwidget\"><h3>GFT FireTrainer - FireCar. Kompakte Technik, die \u00fcberzeugt<\/h3>\n<p>&nbsp;<\/p>\n<p>Trainieren Sie Realit\u00e4t mit dem GFT FireCar, ein weiterer Next Generation Brandsimulator von GFT. In diesen Brandsimulator fliessen professionelles Wissen und jahrelange Erfahrung zusammen. Der GFT FireCar erm\u00f6glicht eine Vielfalt von wiederholbaren A-, B-, C- und D-Feuerszenarien f\u00fcr diverse Rettungs- und L\u00f6schtrainings.<\/p>\n<p>&nbsp;<\/p>\n<h4>Funktionen und Brandstellen:<\/h4>\n<ul>\n<li>Diverse Brandstellen m\u00f6glich (Motorbrand, Gastankbrand, Reifenbrand, Getriebebrand, Batteriebrand, Sitzbrand und weitere)<\/li>\n<li>Rettungstraining durch das Aufschneiden von austauschbaren Elementen (z.B. A- und B-S\u00e4ule)<\/li>\n<li>Explosions Szenario inklusive Knall und Stichflamme, wiederholbare \u00dcbungen, ohne Verwendung von Sprengstoff<\/li>\n<li>TIC Training<\/li>\n<li>Rauch Generator f\u00fcr realistische Szenarien<\/li>\n<\/ul>\n<p>&nbsp;<\/p>\n<p><span style=\"color: #ff0000;\"><strong>Bitte kontaktieren Sie uns f\u00fcr genauere Informationen. Gerne verwenden wir Ihre Ideen f\u00fcr den Bau Ihres individuellen FireCars.&nbsp;<\/strong><\/span><\/p>\n<h3>\n<\/div><\/div><\/div><\/div><div id=\"pg-3469-1\"  class=\"panel-grid panel-no-style\" ><div id=\"pgc-3469-1-0\"  class=\"panel-grid-cell\" ><div id=\"panel-3469-1-0-0\" class=\"so-panel widget widget_black-studio-tinymce widget_black_studio_tinymce panel-first-child panel-last-child\" data-index=\"2\" ><div class=\"textwidget\"><p><a href=\"https:\/\/gft.eu\/wp-content\/uploads\/2020\/05\/Brandauto-Overview4.png\"><img loading=\"lazy\" decoding=\"async\" width=\"1024\" height=\"594\" class=\"alignnone size-large wp-image-3493\" alt=\"\" src=\"https:\/\/gft.eu\/wp-content\/uploads\/2020\/05\/Brandauto-Overview4-1024x594.png\" srcset=\"https:\/\/gft.eu\/wp-content\/uploads\/2020\/05\/Brandauto-Overview4-1024x594.png 1024w, https:\/\/gft.eu\/wp-content\/uploads\/2020\/05\/Brandauto-Overview4-300x174.png 300w, https:\/\/gft.eu\/wp-content\/uploads\/2020\/05\/Brandauto-Overview4-768x446.png 768w, https:\/\/gft.eu\/wp-content\/uploads\/2020\/05\/Brandauto-Overview4-555x322.png 555w, https:\/\/gft.eu\/wp-content\/uploads\/2020\/05\/Brandauto-Overview4.png 1306w\" sizes=\"(max-width: 1024px) 100vw, 1024px\" \/><\/a><\/p>\n<\/div><\/div><\/div><div id=\"pgc-3469-1-1\"  class=\"panel-grid-cell\" ><div id=\"panel-3469-1-1-0\" class=\"so-panel widget widget_black-studio-tinymce widget_black_studio_tinymce panel-first-child panel-last-child\" data-index=\"3\" ><div class=\"textwidget\"><p><a href=\"https:\/\/gft.eu\/wp-content\/uploads\/2020\/05\/FireCar-Getriebebrand.png\"><img loading=\"lazy\" decoding=\"async\" width=\"1024\" height=\"594\" class=\"alignnone size-large wp-image-3481\" alt=\"\" src=\"https:\/\/gft.eu\/wp-content\/uploads\/2020\/05\/FireCar-Getriebebrand-1024x594.png\" srcset=\"https:\/\/gft.eu\/wp-content\/uploads\/2020\/05\/FireCar-Getriebebrand-1024x594.png 1024w, https:\/\/gft.eu\/wp-content\/uploads\/2020\/05\/FireCar-Getriebebrand-300x174.png 300w, https:\/\/gft.eu\/wp-content\/uploads\/2020\/05\/FireCar-Getriebebrand-768x445.png 768w, https:\/\/gft.eu\/wp-content\/uploads\/2020\/05\/FireCar-Getriebebrand-555x322.png 555w, https:\/\/gft.eu\/wp-content\/uploads\/2020\/05\/FireCar-Getriebebrand.png 1214w\" sizes=\"(max-width: 1024px) 100vw, 1024px\" \/><\/a><\/p>\n<\/div><\/div><\/div><div id=\"pgc-3469-1-2\"  class=\"panel-grid-cell\" ><div id=\"panel-3469-1-2-0\" class=\"so-panel widget widget_black-studio-tinymce widget_black_studio_tinymce panel-first-child panel-last-child\" data-index=\"4\" ><div class=\"textwidget\"><p><a href=\"https:\/\/gft.eu\/wp-content\/uploads\/2020\/05\/FireCar-Sitzbrand.png\"><img loading=\"lazy\" decoding=\"async\" width=\"1024\" height=\"594\" class=\"alignnone size-large wp-image-3484\" alt=\"\" src=\"https:\/\/gft.eu\/wp-content\/uploads\/2020\/05\/FireCar-Sitzbrand-1024x594.png\" srcset=\"https:\/\/gft.eu\/wp-content\/uploads\/2020\/05\/FireCar-Sitzbrand-1024x594.png 1024w, https:\/\/gft.eu\/wp-content\/uploads\/2020\/05\/FireCar-Sitzbrand-300x174.png 300w, https:\/\/gft.eu\/wp-content\/uploads\/2020\/05\/FireCar-Sitzbrand-768x445.png 768w, https:\/\/gft.eu\/wp-content\/uploads\/2020\/05\/FireCar-Sitzbrand-555x322.png 555w, https:\/\/gft.eu\/wp-content\/uploads\/2020\/05\/FireCar-Sitzbrand.png 1354w\" sizes=\"(max-width: 1024px) 100vw, 1024px\" \/><\/a><\/p>\n<\/div><\/div><\/div><div id=\"pgc-3469-1-3\"  class=\"panel-grid-cell\" ><div id=\"panel-3469-1-3-0\" class=\"so-panel widget widget_black-studio-tinymce widget_black_studio_tinymce panel-first-child panel-last-child\" data-index=\"5\" ><div class=\"textwidget\"><p><a href=\"https:\/\/gft.eu\/wp-content\/uploads\/2020\/05\/FireCar-Reifenbrand.png\"><img loading=\"lazy\" decoding=\"async\" class=\"alignnone size-large wp-image-3483\" src=\"https:\/\/gft.eu\/wp-content\/uploads\/2020\/05\/FireCar-Reifenbrand-1024x594.png\" alt=\"\" width=\"1024\" height=\"594\" srcset=\"https:\/\/gft.eu\/wp-content\/uploads\/2020\/05\/FireCar-Reifenbrand-1024x594.png 1024w, https:\/\/gft.eu\/wp-content\/uploads\/2020\/05\/FireCar-Reifenbrand-300x174.png 300w, https:\/\/gft.eu\/wp-content\/uploads\/2020\/05\/FireCar-Reifenbrand-768x445.png 768w, https:\/\/gft.eu\/wp-content\/uploads\/2020\/05\/FireCar-Reifenbrand-555x322.png 555w, https:\/\/gft.eu\/wp-content\/uploads\/2020\/05\/FireCar-Reifenbrand.png 1154w\" sizes=\"(max-width: 1024px) 100vw, 1024px\" \/><\/a><\/p>\n<\/div><\/div><\/div><\/div><div id=\"pg-3469-2\"  class=\"panel-grid panel-no-style\" ><div id=\"pgc-3469-2-0\"  class=\"panel-grid-cell\" ><div id=\"panel-3469-2-0-0\" class=\"so-panel widget widget_black-studio-tinymce widget_black_studio_tinymce panel-first-child panel-last-child\" data-index=\"6\" ><div class=\"textwidget\"><p><a href=\"https:\/\/gft.eu\/wp-content\/uploads\/2020\/05\/FireCar-Motorbrand2.png\"><img loading=\"lazy\" decoding=\"async\" width=\"814\" height=\"792\" class=\"alignnone size-full wp-image-3482\" alt=\"\" src=\"https:\/\/gft.eu\/wp-content\/uploads\/2020\/05\/FireCar-Motorbrand2.png\" srcset=\"https:\/\/gft.eu\/wp-content\/uploads\/2020\/05\/FireCar-Motorbrand2.png 814w, https:\/\/gft.eu\/wp-content\/uploads\/2020\/05\/FireCar-Motorbrand2-300x292.png 300w, https:\/\/gft.eu\/wp-content\/uploads\/2020\/05\/FireCar-Motorbrand2-768x747.png 768w, https:\/\/gft.eu\/wp-content\/uploads\/2020\/05\/FireCar-Motorbrand2-555x540.png 555w\" sizes=\"(max-width: 814px) 100vw, 814px\" \/><\/a><\/p>\n<\/div><\/div><\/div><div id=\"pgc-3469-2-1\"  class=\"panel-grid-cell\" ><div id=\"panel-3469-2-1-0\" class=\"so-panel widget widget_black-studio-tinymce widget_black_studio_tinymce panel-first-child panel-last-child\" data-index=\"7\" ><div class=\"textwidget\"><p><a href=\"https:\/\/gft.eu\/wp-content\/uploads\/2020\/05\/FireCar-Tankbrand2.png\"><img loading=\"lazy\" decoding=\"async\" class=\"alignnone size-full wp-image-3485\" src=\"https:\/\/gft.eu\/wp-content\/uploads\/2020\/05\/FireCar-Tankbrand2.png\" alt=\"\" width=\"815\" height=\"793\" srcset=\"https:\/\/gft.eu\/wp-content\/uploads\/2020\/05\/FireCar-Tankbrand2.png 815w, https:\/\/gft.eu\/wp-content\/uploads\/2020\/05\/FireCar-Tankbrand2-300x292.png 300w, https:\/\/gft.eu\/wp-content\/uploads\/2020\/05\/FireCar-Tankbrand2-768x747.png 768w, https:\/\/gft.eu\/wp-content\/uploads\/2020\/05\/FireCar-Tankbrand2-555x540.png 555w\" sizes=\"(max-width: 815px) 100vw, 815px\" \/><\/a><\/p>\n<\/div><\/div><\/div><div id=\"pgc-3469-2-2\"  class=\"panel-grid-cell\" ><div id=\"panel-3469-2-2-0\" class=\"so-panel widget widget_black-studio-tinymce widget_black_studio_tinymce panel-first-child panel-last-child\" data-index=\"8\" ><div class=\"textwidget\"><p><a href=\"https:\/\/gft.eu\/wp-content\/uploads\/2020\/05\/FireCar-Batteriebrand2.png\"><img loading=\"lazy\" decoding=\"async\" width=\"775\" height=\"754\" class=\"alignnone size-full wp-image-3491\" alt=\"\" src=\"https:\/\/gft.eu\/wp-content\/uploads\/2020\/05\/FireCar-Batteriebrand2.png\" srcset=\"https:\/\/gft.eu\/wp-content\/uploads\/2020\/05\/FireCar-Batteriebrand2.png 775w, https:\/\/gft.eu\/wp-content\/uploads\/2020\/05\/FireCar-Batteriebrand2-300x292.png 300w, https:\/\/gft.eu\/wp-content\/uploads\/2020\/05\/FireCar-Batteriebrand2-768x747.png 768w, https:\/\/gft.eu\/wp-content\/uploads\/2020\/05\/FireCar-Batteriebrand2-555x540.png 555w\" sizes=\"(max-width: 775px) 100vw, 775px\" \/><\/a><\/p>\n<\/div><\/div><\/div><div id=\"pgc-3469-2-3\"  class=\"panel-grid-cell\" ><div id=\"panel-3469-2-3-0\" class=\"so-panel widget widget_black-studio-tinymce widget_black_studio_tinymce panel-first-child panel-last-child\" data-index=\"9\" ><div class=\"textwidget\"><p><a href=\"https:\/\/gft.eu\/wp-content\/uploads\/2020\/05\/FireCar-AB-S\u00e4ule3.JPG.png\"><img loading=\"lazy\" decoding=\"async\" width=\"811\" height=\"789\" class=\"alignnone size-full wp-image-3490\" alt=\"\" src=\"https:\/\/gft.eu\/wp-content\/uploads\/2020\/05\/FireCar-AB-S\u00e4ule3.JPG.png\" srcset=\"https:\/\/gft.eu\/wp-content\/uploads\/2020\/05\/FireCar-AB-S\u00e4ule3.JPG.png 811w, https:\/\/gft.eu\/wp-content\/uploads\/2020\/05\/FireCar-AB-S\u00e4ule3.JPG-300x292.png 300w, https:\/\/gft.eu\/wp-content\/uploads\/2020\/05\/FireCar-AB-S\u00e4ule3.JPG-768x747.png 768w, https:\/\/gft.eu\/wp-content\/uploads\/2020\/05\/FireCar-AB-S\u00e4ule3.JPG-555x540.png 555w\" sizes=\"(max-width: 811px) 100vw, 811px\" \/><\/a><\/p>\n<\/div><\/div><\/div><\/div><\/div>","protected":false},"excerpt":{"rendered":"<p>Der GFT FireCar erm\u00f6glicht eine Vielfalt von wiederholbaren Feuerszenarien f\u00fcr diverse Rettungs- und L\u00f6schtrainings.<\/p>\n","protected":false},"author":4,"featured_media":3472,"parent":2634,"menu_order":0,"comment_status":"closed","ping_status":"closed","template":"","meta":{"ngg_post_thumbnail":0,"footnotes":""},"_links":{"self":[{"href":"https:\/\/gft.eu\/de\/wp-json\/wp\/v2\/pages\/3469"}],"collection":[{"href":"https:\/\/gft.eu\/de\/wp-json\/wp\/v2\/pages"}],"about":[{"href":"https:\/\/gft.eu\/de\/wp-json\/wp\/v2\/types\/page"}],"author":[{"embeddable":true,"href":"https:\/\/gft.eu\/de\/wp-json\/wp\/v2\/users\/4"}],"replies":[{"embeddable":true,"href":"https:\/\/gft.eu\/de\/wp-json\/wp\/v2\/comments?post=3469"}],"version-history":[{"count":26,"href":"https:\/\/gft.eu\/de\/wp-json\/wp\/v2\/pages\/3469\/revisions"}],"predecessor-version":[{"id":3534,"href":"https:\/\/gft.eu\/de\/wp-json\/wp\/v2\/pages\/3469\/revisions\/3534"}],"up":[{"embeddable":true,"href":"https:\/\/gft.eu\/de\/wp-json\/wp\/v2\/pages\/2634"}],"wp:featuredmedia":[{"embeddable":true,"href":"https:\/\/gft.eu\/de\/wp-json\/wp\/v2\/media\/3472"}],"wp:attachment":[{"href":"https:\/\/gft.eu\/de\/wp-json\/wp\/v2\/media?parent=3469"}],"curies":[{"name":"wp","href":"https:\/\/api.w.org\/{rel}","templated":true}]}}