{"id":3538,"date":"2023-04-13T10:55:30","date_gmt":"2023-04-13T08:55:30","guid":{"rendered":"https:\/\/gft.eu\/de\/?page_id=3538"},"modified":"2023-04-13T10:56:30","modified_gmt":"2023-04-13T08:56:30","slug":"qualitaetspolitik","status":"publish","type":"page","link":"https:\/\/gft.eu\/de\/gft-stellt-sich-vor\/qualitaetspolitik\/","title":{"rendered":"Qualit\u00e4tspolitik"},"content":{"rendered":"<p><strong>Qualit\u00e4tspolitik<\/strong><\/p>\n<p>Wir haben eine Qualit\u00e4tspolitik etabliert, die mit dem Zweck und Kontext unseres Unternehmens \u00fcbereinstimmt. Diese Politik liefert ein Rahmenwerk f\u00fcr die Einstellung und Pr\u00fcfung von Zielen zus\u00e4tzlich zu unserer Verpflichtung, entsprechende Kundenanforderungen und regulatorische und gesetzliche Anforderungen zu befriedigen, sowie unserer Verpflichtung zur fortlaufenden Verbesserung unseres Managementsystems.<\/p>\n<ul>\n<li style=\"list-style-type: none;\">\n<ul>\n<li>Kundenfokussierung: Als Unternehmen haben wir uns verpflichtet, aktuelle und zuk\u00fcnftige Kundenbed\u00fcrfnisse zu verstehen, Kundenanforderungen zu erf\u00fcllen und streben danach, Erwartungen zu \u00fcbertreffen.<\/li>\n<li>Leitung: Die Gesch\u00e4ftsleitung hat sich verpflichtet, eine Arbeitsumgebung zu schaffen und zu erhalten, in den Mitarbeiterinnen und Mitarbeiter sich bei der Erreichung unserer Ziele einbringen k\u00f6nnen.<\/li>\n<li>Engagement von Mitarbeiterinnen und Mitarbeitern: Als Unternehmen erkennen wir, dass Mitarbeiterinnen und Mitarbeiter die Essenz eines guten Gesch\u00e4fts darstellen und ihre vollst\u00e4ndige Einbeziehung eine Nutzung ihrer F\u00e4higkeiten zu unseren Gunsten erm\u00f6glicht.<\/li>\n<li>Prozessansatz: Als Unternehmen verstehen wir, dass ein angestrebtes Ergebnis effektiver erzielt werden kann, wenn einzelne Arbeitsabl\u00e4ufe und in Bezug stehende Ressourcen bereichs\u00fcbergreifend aufeinander abgestimmt werden.<\/li>\n<li>Verbesserung: Wir streben an, kontinuierliche Verbesserungen in allen Bereichen unseres Qualit\u00e4tsmanagementsystems zu erreichen. Dies ist eines unserer j\u00e4hrlichen Hauptziele.<\/li>\n<li>Beweisbasierende Entscheidungsfindung: Als Unternehmen haben wir uns verpflichtet, nur Entscheidungen in Bezug auf unser QMS zu treffen, nachdem eine Analyse aller relevanten Daten und Informationen stattgefunden hat.<\/li>\n<li>Beziehungsmanagement: Der GFT General Fire Tech GmbH ist bewusst, dass gute Beziehungen zu externen Lieferanten von essenzieller Bedeutung sind und eine beiderseitig vorteilhafte Beziehung die F\u00e4higkeiten beider Parteien verbessert, Mehrwert zu schaffen und erfolgreich zu sein.<\/li>\n<\/ul>\n<\/li>\n<\/ul>\n<p>Unsere Politik umfasst sowohl die Erf\u00fcllung der Anforderungen aller interessierten Parteien als auch unsere sozialen, umweltorientierten, karitativen, regulatorischen und gesetzlichen Verantwortlichkeiten.<br \/>\nWir haben Qualit\u00e4tsziele erstellt, die in Bezug zu dieser Politik stehen und im Dokument F-03-01 Qualit\u00e4tsziele gefunden werden k\u00f6nnen.<br \/>\nDiese Politik steht zur Verf\u00fcgung und wird an alle interessierten Parteien kommuniziert und ver\u00f6ffentlicht.<\/p>\n<p>Genehmigt von: Petra Zoledziowski<\/p>\n<p>Position: Gesch\u00e4ftsf\u00fchrerin<\/p>\n<p>Datum der Genehmigung: 29.03.2023<\/p>","protected":false},"excerpt":{"rendered":"<p>Qualit\u00e4tspolitik Wir haben eine Qualit\u00e4tspolitik etabliert, die mit dem Zweck und Kontext unseres Unternehmens \u00fcbereinstimmt. Diese Politik liefert ein Rahmenwerk f\u00fcr die Einstellung und Pr\u00fcfung von Zielen zus\u00e4tzlich zu unserer Verpflichtung, entsprechende Kundenanforderungen und regulatorische und gesetzliche Anforderungen zu befriedigen, sowie unserer Verpflichtung zur fortlaufenden Verbesserung unseres Managementsystems. Kundenfokussierung: Als Unternehmen haben wir uns verpflichtet, &hellip;<\/p>\n","protected":false},"author":2,"featured_media":0,"parent":171,"menu_order":0,"comment_status":"closed","ping_status":"closed","template":"","meta":{"ngg_post_thumbnail":0,"footnotes":""},"_links":{"self":[{"href":"https:\/\/gft.eu\/de\/wp-json\/wp\/v2\/pages\/3538"}],"collection":[{"href":"https:\/\/gft.eu\/de\/wp-json\/wp\/v2\/pages"}],"about":[{"href":"https:\/\/gft.eu\/de\/wp-json\/wp\/v2\/types\/page"}],"author":[{"embeddable":true,"href":"https:\/\/gft.eu\/de\/wp-json\/wp\/v2\/users\/2"}],"replies":[{"embeddable":true,"href":"https:\/\/gft.eu\/de\/wp-json\/wp\/v2\/comments?post=3538"}],"version-history":[{"count":1,"href":"https:\/\/gft.eu\/de\/wp-json\/wp\/v2\/pages\/3538\/revisions"}],"predecessor-version":[{"id":3539,"href":"https:\/\/gft.eu\/de\/wp-json\/wp\/v2\/pages\/3538\/revisions\/3539"}],"up":[{"embeddable":true,"href":"https:\/\/gft.eu\/de\/wp-json\/wp\/v2\/pages\/171"}],"wp:attachment":[{"href":"https:\/\/gft.eu\/de\/wp-json\/wp\/v2\/media?parent=3538"}],"curies":[{"name":"wp","href":"https:\/\/api.w.org\/{rel}","templated":true}]}}