{"id":3655,"date":"2023-07-05T15:41:26","date_gmt":"2023-07-05T13:41:26","guid":{"rendered":"https:\/\/gft.eu\/de\/?page_id=3655"},"modified":"2023-07-18T11:32:47","modified_gmt":"2023-07-18T09:32:47","slug":"dry-booster","status":"publish","type":"page","link":"https:\/\/gft.eu\/de\/technik\/dry-booster\/","title":{"rendered":"Dry-Booster"},"content":{"rendered":"<div id=\"pl-3655\"  class=\"panel-layout\" ><div id=\"pg-3655-0\"  class=\"panel-grid panel-no-style\" ><div id=\"pgc-3655-0-0\"  class=\"panel-grid-cell\" ><div id=\"panel-3655-0-0-0\" class=\"so-panel widget widget_black-studio-tinymce widget_black_studio_tinymce panel-first-child\" data-index=\"0\" ><div class=\"textwidget\"><h3 id=\"cc-m-header-11365170027\" class=\"\">GFT Dry Booster Technologie - Ein weiteres Patent von GFT<\/h3>\n<h4>&nbsp;<\/h4>\n<h4 style=\"text-align: justify;\">Diese neue Technologie erm\u00f6glicht gro\u00dfe Fl\u00e4chenbrandsimulationen (wie z. B. Spill-Fires)<br \/>\nohne zus\u00e4tzliche Wasserk\u00fchlung und vieles mehr . . .<\/h4>\n<p>&nbsp;<\/p>\n<h5>Was macht den Unterschied?<\/h5>\n<p>&nbsp;<\/p>\n<ul>\n<li>Umweltfreundlich, da es mit fl\u00fcssigem LPG befeuert wird<br \/>\n&nbsp;<\/li>\n<li>Es bedarf keiner zus\u00e4tzlchen Wasserk\u00fchlung - Es k\u00fchlt sich von selbst!<br \/>\n(daher muss auch nicht erst ein Wasserbecken ausgehoben werden - es kann einfach auf den Boden gelegt werden)<br \/>\n&nbsp;<\/li>\n<li>Modulare variation der Gr\u00f6\u00dfe<br \/>\n(Segmente k\u00f6nnen in ihrer Gr\u00f6\u00dfe variieren und es k\u00f6nnen Segmente hinzugef\u00fcgt werden, um die Brandfl\u00e4che zu vergr\u00f6\u00dfern)<br \/>\n&nbsp;<\/li>\n<li>Es kann verst\u00e4rkt werden, um beghbar oder sogar befahrbar zu werden (nat\u00fcrlich nur, wenn gerade kein Feuer ist)!<\/li>\n<\/ul>\n<h3 class=\"\">\n<\/div><\/div><div id=\"panel-3655-0-0-1\" class=\"so-panel widget widget_black-studio-tinymce widget_black_studio_tinymce panel-last-child\" data-index=\"1\" ><div class=\"textwidget\"><h4 id=\"cc-m-header-11365170027\">Rechts im Video sehen Sie die versetzbare Version (2m x 1m) mit Griffen auf beiden Seiten<br \/>\n(von zwei Personen tragbar)<\/h4>\n<h4>\n<\/div><\/div><\/div><div id=\"pgc-3655-0-1\"  class=\"panel-grid-cell\" ><div id=\"panel-3655-0-1-0\" class=\"so-panel widget widget_black-studio-tinymce widget_black_studio_tinymce panel-first-child panel-last-child\" data-index=\"2\" ><div class=\"textwidget\"><p><div style=\"width: 720px;\" class=\"wp-video\"><!--[if lt IE 9]><script>document.createElement('video');<\/script><![endif]-->\n<video class=\"wp-video-shortcode\" id=\"video-3655-1\" width=\"720\" height=\"1280\" preload=\"metadata\" controls=\"controls\"><source type=\"video\/mp4\" src=\"https:\/\/gft.eu\/wp-content\/uploads\/2023\/07\/DryBooster-FuelSpill.mp4?_=1\" \/><a href=\"https:\/\/gft.eu\/wp-content\/uploads\/2023\/07\/DryBooster-FuelSpill.mp4\">https:\/\/gft.eu\/wp-content\/uploads\/2023\/07\/DryBooster-FuelSpill.mp4<\/a><\/video><\/div><\/p>\n<\/div><\/div><\/div><\/div><div id=\"pg-3655-1\"  class=\"panel-grid panel-no-style\" ><div id=\"pgc-3655-1-0\"  class=\"panel-grid-cell\" ><div id=\"panel-3655-1-0-0\" class=\"so-panel widget widget_black-studio-tinymce widget_black_studio_tinymce panel-first-child\" data-index=\"3\" ><div class=\"textwidget\"><h5>&nbsp;<\/h5>\n<h5>&nbsp;<\/h5>\n<h5 id=\"cc-m-header-11365170027\">Gr\u00f6\u00dfere Version mit 8 qm (2 Segmente mit je 2m x 2m)<\/h5>\n<h5>\n<\/div><\/div><div id=\"panel-3655-1-0-1\" class=\"so-panel widget widget_black-studio-tinymce widget_black_studio_tinymce panel-last-child\" data-index=\"4\" ><div class=\"textwidget\"><p><a href=\"https:\/\/gft.eu\/wp-content\/uploads\/2023\/07\/2021-18-11_baa4e847db254e304737b916defae052.jpg\"><img loading=\"lazy\" decoding=\"async\" class=\"alignnone wp-image-3670\" src=\"https:\/\/gft.eu\/wp-content\/uploads\/2023\/07\/2021-18-11_baa4e847db254e304737b916defae052-300x225.jpg\" alt=\"\" width=\"414\" height=\"311\" srcset=\"https:\/\/gft.eu\/wp-content\/uploads\/2023\/07\/2021-18-11_baa4e847db254e304737b916defae052-300x225.jpg 300w, https:\/\/gft.eu\/wp-content\/uploads\/2023\/07\/2021-18-11_baa4e847db254e304737b916defae052-1024x768.jpg 1024w, https:\/\/gft.eu\/wp-content\/uploads\/2023\/07\/2021-18-11_baa4e847db254e304737b916defae052-768x576.jpg 768w, https:\/\/gft.eu\/wp-content\/uploads\/2023\/07\/2021-18-11_baa4e847db254e304737b916defae052-555x416.jpg 555w, https:\/\/gft.eu\/wp-content\/uploads\/2023\/07\/2021-18-11_baa4e847db254e304737b916defae052-100x75.jpg 100w, https:\/\/gft.eu\/wp-content\/uploads\/2023\/07\/2021-18-11_baa4e847db254e304737b916defae052.jpg 1440w\" sizes=\"(max-width: 414px) 100vw, 414px\" \/><\/a><\/p>\n<\/div><\/div><\/div><div id=\"pgc-3655-1-1\"  class=\"panel-grid-cell\" ><div id=\"panel-3655-1-1-0\" class=\"so-panel widget widget_black-studio-tinymce widget_black_studio_tinymce panel-first-child\" data-index=\"5\" ><div class=\"textwidget\"><h5>&nbsp;<\/h5>\n<h5>&nbsp;<\/h5>\n<h5 id=\"cc-m-header-11365170027\">Entsprechendes Video dazu (2 Segmente mit je 2m x 2m)<\/h5>\n<h5>\n<\/div><\/div><div id=\"panel-3655-1-1-1\" class=\"so-panel widget widget_black-studio-tinymce widget_black_studio_tinymce panel-last-child\" data-index=\"6\" ><div class=\"textwidget\"><p><div style=\"width: 960px;\" class=\"wp-video\"><video class=\"wp-video-shortcode\" id=\"video-3655-2\" width=\"960\" height=\"544\" preload=\"metadata\" controls=\"controls\"><source type=\"video\/mp4\" src=\"https:\/\/gft.eu\/wp-content\/uploads\/2023\/07\/DryBoosterF18Doppelsegment.mp4?_=2\" \/><a href=\"https:\/\/gft.eu\/wp-content\/uploads\/2023\/07\/DryBoosterF18Doppelsegment.mp4\">https:\/\/gft.eu\/wp-content\/uploads\/2023\/07\/DryBoosterF18Doppelsegment.mp4<\/a><\/video><\/div><\/p>\n<\/div><\/div><\/div><\/div><div id=\"pg-3655-2\"  class=\"panel-grid panel-no-style\" ><div id=\"pgc-3655-2-0\"  class=\"panel-grid-cell\" ><div id=\"panel-3655-2-0-0\" class=\"so-panel widget widget_black-studio-tinymce widget_black_studio_tinymce panel-first-child\" data-index=\"7\" ><div class=\"textwidget\"><p>&nbsp;<\/p>\n<p>&nbsp;<\/p>\n<h5 id=\"cc-m-header-11365170027\">Vertikaler Fuel-Spill (mit Dry-Booster Technologie)<\/h5>\n<h5>\n<\/div><\/div><div id=\"panel-3655-2-0-1\" class=\"so-panel widget widget_black-studio-tinymce widget_black_studio_tinymce panel-last-child\" data-index=\"8\" ><div class=\"textwidget\"><p><a href=\"https:\/\/gft.eu\/wp-content\/uploads\/2023\/07\/2021-18-11_20377a06a4f01297b3349c4faedc7f0a.jpg\"><img loading=\"lazy\" decoding=\"async\" class=\"alignnone wp-image-3750\" src=\"https:\/\/gft.eu\/wp-content\/uploads\/2023\/07\/2021-18-11_20377a06a4f01297b3349c4faedc7f0a-225x300.jpg\" alt=\"\" width=\"176\" height=\"235\" srcset=\"https:\/\/gft.eu\/wp-content\/uploads\/2023\/07\/2021-18-11_20377a06a4f01297b3349c4faedc7f0a-225x300.jpg 225w, https:\/\/gft.eu\/wp-content\/uploads\/2023\/07\/2021-18-11_20377a06a4f01297b3349c4faedc7f0a-768x1024.jpg 768w, https:\/\/gft.eu\/wp-content\/uploads\/2023\/07\/2021-18-11_20377a06a4f01297b3349c4faedc7f0a-416x555.jpg 416w, https:\/\/gft.eu\/wp-content\/uploads\/2023\/07\/2021-18-11_20377a06a4f01297b3349c4faedc7f0a.jpg 1080w\" sizes=\"(max-width: 176px) 100vw, 176px\" \/><\/a><\/p>\n<\/div><\/div><\/div><div id=\"pgc-3655-2-1\"  class=\"panel-grid-cell\" ><div id=\"panel-3655-2-1-0\" class=\"so-panel widget widget_black-studio-tinymce widget_black_studio_tinymce panel-first-child\" data-index=\"9\" ><div class=\"textwidget\"><h5>&nbsp;<\/h5>\n<h5>&nbsp;<\/h5>\n<h5 id=\"cc-m-header-11365170027\">Entsprechendes Video dazu (vertikaler Fuel-Spill)<\/h5>\n<h5>\n<\/div><\/div><div id=\"panel-3655-2-1-1\" class=\"so-panel widget widget_black-studio-tinymce widget_black_studio_tinymce panel-last-child\" data-index=\"10\" ><div class=\"textwidget\"><p><div style=\"width: 1140px;\" class=\"wp-video\"><video class=\"wp-video-shortcode\" id=\"video-3655-3\" width=\"1140\" height=\"489\" preload=\"metadata\" controls=\"controls\"><source type=\"video\/mp4\" src=\"https:\/\/gft.eu\/wp-content\/uploads\/2023\/07\/GFT_Vertical_FuelSpil_FireScenario-1.mp4?_=3\" \/><a href=\"https:\/\/gft.eu\/wp-content\/uploads\/2023\/07\/GFT_Vertical_FuelSpil_FireScenario-1.mp4\">https:\/\/gft.eu\/wp-content\/uploads\/2023\/07\/GFT_Vertical_FuelSpil_FireScenario-1.mp4<\/a><\/video><\/div><\/p>\n<\/div><\/div><\/div><\/div><div id=\"pg-3655-3\"  class=\"panel-grid panel-no-style\" ><div id=\"pgc-3655-3-0\"  class=\"panel-grid-cell\" ><div id=\"panel-3655-3-0-0\" class=\"so-panel widget widget_black-studio-tinymce widget_black_studio_tinymce panel-first-child\" data-index=\"11\" ><div class=\"textwidget\"><h5>&nbsp;<\/h5>\n<h5>&nbsp;<\/h5>\n<h5 id=\"cc-m-header-11365170027\">Version mit 16 qm<br \/>\n(4 Segmente mit je 2m x 2m)<br \/>\n&nbsp;<br \/>\n&nbsp;<\/h5>\n<h5>\n<\/div><\/div><div id=\"panel-3655-3-0-1\" class=\"so-panel widget widget_black-studio-tinymce widget_black_studio_tinymce panel-last-child\" data-index=\"12\" ><div class=\"textwidget\"><p><a href=\"https:\/\/gft.eu\/wp-content\/uploads\/2023\/07\/2021-18-11_e05078c32d7bd5ec37fed2e3e5e8af4a-1.jpg\"><img loading=\"lazy\" decoding=\"async\" class=\"alignnone wp-image-3761\" src=\"https:\/\/gft.eu\/wp-content\/uploads\/2023\/07\/2021-18-11_e05078c32d7bd5ec37fed2e3e5e8af4a-1-225x300.jpg\" alt=\"\" width=\"274\" height=\"366\" srcset=\"https:\/\/gft.eu\/wp-content\/uploads\/2023\/07\/2021-18-11_e05078c32d7bd5ec37fed2e3e5e8af4a-1-225x300.jpg 225w, https:\/\/gft.eu\/wp-content\/uploads\/2023\/07\/2021-18-11_e05078c32d7bd5ec37fed2e3e5e8af4a-1-768x1024.jpg 768w, https:\/\/gft.eu\/wp-content\/uploads\/2023\/07\/2021-18-11_e05078c32d7bd5ec37fed2e3e5e8af4a-1-416x555.jpg 416w, https:\/\/gft.eu\/wp-content\/uploads\/2023\/07\/2021-18-11_e05078c32d7bd5ec37fed2e3e5e8af4a-1.jpg 1080w\" sizes=\"(max-width: 274px) 100vw, 274px\" \/><\/a><\/p>\n<\/div><\/div><\/div><div id=\"pgc-3655-3-1\"  class=\"panel-grid-cell panel-grid-cell-empty\" ><\/div><div id=\"pgc-3655-3-2\"  class=\"panel-grid-cell\" ><div id=\"panel-3655-3-2-0\" class=\"so-panel widget widget_black-studio-tinymce widget_black_studio_tinymce panel-first-child\" data-index=\"13\" ><div class=\"textwidget\"><h5>&nbsp;<\/h5>\n<h5>&nbsp;<\/h5>\n<h5 id=\"cc-m-header-11365170027\">Entsprechendes Video dazu<br \/>\n(4 Segmente mit je 2m x 2m)<br \/>\n1. Stufe z\u00fcndet 2 Segmente<br \/>\n2. Stufe (alle Segmnte in Flamme)<\/h5>\n<h5>\n<\/div><\/div><div id=\"panel-3655-3-2-1\" class=\"so-panel widget widget_black-studio-tinymce widget_black_studio_tinymce panel-last-child\" data-index=\"14\" ><div class=\"textwidget\"><p><div style=\"width: 544px;\" class=\"wp-video\"><video class=\"wp-video-shortcode\" id=\"video-3655-4\" width=\"544\" height=\"960\" preload=\"metadata\" controls=\"controls\"><source type=\"video\/mp4\" src=\"https:\/\/gft.eu\/wp-content\/uploads\/2023\/07\/DryBoosterGrossesFuelSpillNacht.mp4?_=4\" \/><a href=\"https:\/\/gft.eu\/wp-content\/uploads\/2023\/07\/DryBoosterGrossesFuelSpillNacht.mp4\">https:\/\/gft.eu\/wp-content\/uploads\/2023\/07\/DryBoosterGrossesFuelSpillNacht.mp4<\/a><\/video><\/div><\/p>\n<\/div><\/div><\/div><div id=\"pgc-3655-3-3\"  class=\"panel-grid-cell panel-grid-cell-mobile-last\" ><div id=\"panel-3655-3-3-0\" class=\"so-panel widget widget_black-studio-tinymce widget_black_studio_tinymce panel-first-child panel-last-child\" data-index=\"15\" ><div class=\"textwidget\"><p>&nbsp;<\/p>\n<p>&nbsp;&nbsp;&nbsp;<\/p>\n<p>&nbsp;<\/p>\n<p>&nbsp;<\/p>\n<p>&nbsp;<\/p>\n<p><div style=\"width: 542px;\" class=\"wp-video\"><video class=\"wp-video-shortcode\" id=\"video-3655-5\" width=\"542\" height=\"830\" preload=\"metadata\" controls=\"controls\"><source type=\"video\/mp4\" src=\"https:\/\/gft.eu\/wp-content\/uploads\/2023\/07\/Dryboostergrossesfuelspillsegmentweise.m4v?_=5\" \/><a href=\"https:\/\/gft.eu\/wp-content\/uploads\/2023\/07\/Dryboostergrossesfuelspillsegmentweise.m4v\">https:\/\/gft.eu\/wp-content\/uploads\/2023\/07\/Dryboostergrossesfuelspillsegmentweise.m4v<\/a><\/video><\/div><\/p>\n<\/div><\/div><\/div><div id=\"pgc-3655-3-4\"  class=\"panel-grid-cell panel-grid-cell-empty\" ><\/div><\/div><div id=\"pg-3655-4\"  class=\"panel-grid panel-no-style\" ><div id=\"pgc-3655-4-0\"  class=\"panel-grid-cell panel-grid-cell-empty\" ><\/div><div id=\"pgc-3655-4-1\"  class=\"panel-grid-cell panel-grid-cell-empty\" ><\/div><div id=\"pgc-3655-4-2\"  class=\"panel-grid-cell panel-grid-cell-empty panel-grid-cell-mobile-last\" ><\/div><div id=\"pgc-3655-4-3\"  class=\"panel-grid-cell panel-grid-cell-empty\" ><\/div><\/div><\/div>","protected":false},"excerpt":{"rendered":"<p>GFT Dry Booster Technologie &#8211; Ein weiteres Patent von GFT &nbsp; Diese neue Technologie erm\u00f6glicht gro\u00dfe Fl\u00e4chenbrandsimulationen (wie z. B. Spill-Fires) ohne zus\u00e4tzliche Wasserk\u00fchlung und vieles mehr . . . &nbsp; Was macht den Unterschied? &nbsp; Umweltfreundlich, da es mit fl\u00fcssigem LPG befeuert wird &nbsp; Es bedarf keiner zus\u00e4tzlchen Wasserk\u00fchlung &#8211; Es k\u00fchlt sich von &hellip;<\/p>\n","protected":false},"author":6,"featured_media":0,"parent":2615,"menu_order":0,"comment_status":"closed","ping_status":"closed","template":"","meta":{"ngg_post_thumbnail":0,"footnotes":""},"_links":{"self":[{"href":"https:\/\/gft.eu\/de\/wp-json\/wp\/v2\/pages\/3655"}],"collection":[{"href":"https:\/\/gft.eu\/de\/wp-json\/wp\/v2\/pages"}],"about":[{"href":"https:\/\/gft.eu\/de\/wp-json\/wp\/v2\/types\/page"}],"author":[{"embeddable":true,"href":"https:\/\/gft.eu\/de\/wp-json\/wp\/v2\/users\/6"}],"replies":[{"embeddable":true,"href":"https:\/\/gft.eu\/de\/wp-json\/wp\/v2\/comments?post=3655"}],"version-history":[{"count":107,"href":"https:\/\/gft.eu\/de\/wp-json\/wp\/v2\/pages\/3655\/revisions"}],"predecessor-version":[{"id":4009,"href":"https:\/\/gft.eu\/de\/wp-json\/wp\/v2\/pages\/3655\/revisions\/4009"}],"up":[{"embeddable":true,"href":"https:\/\/gft.eu\/de\/wp-json\/wp\/v2\/pages\/2615"}],"wp:attachment":[{"href":"https:\/\/gft.eu\/de\/wp-json\/wp\/v2\/media?parent=3655"}],"curies":[{"name":"wp","href":"https:\/\/api.w.org\/{rel}","templated":true}]}}