{"id":3769,"date":"2023-07-11T10:55:38","date_gmt":"2023-07-11T08:55:38","guid":{"rendered":"https:\/\/gft.eu\/de\/?page_id=3769"},"modified":"2023-07-12T10:33:00","modified_gmt":"2023-07-12T08:33:00","slug":"simulation-von-leckagen","status":"publish","type":"page","link":"https:\/\/gft.eu\/de\/unsere-anwendungen\/simulation-von-leckagen-zur-uebung-von-abdichtungsmethoden\/","title":{"rendered":"Simulation von Leckagen"},"content":{"rendered":"<div id=\"pl-3769\"  class=\"panel-layout\" ><div id=\"pg-3769-0\"  class=\"panel-grid panel-no-style\" ><div id=\"pgc-3769-0-0\"  class=\"panel-grid-cell\" ><div id=\"panel-3769-0-0-0\" class=\"so-panel widget widget_black-studio-tinymce widget_black_studio_tinymce panel-first-child\" data-index=\"0\" ><div class=\"textwidget\"><h3 id=\"cc-m-header-11365170027\" class=\"\">Das richtige Abdichten von Leckagen muss gelernt sein!<\/h3>\n<h4>&nbsp;<\/h4>\n<h4 style=\"text-align: justify;\"><em>Wie dramatisch eine Leckage mit wassergef\u00e4hrdenden Stoffen werden kann, zeigte ein aktueller Vorfall Ende Mai 2020 in Russland: Aus einem Speicher eines W\u00e4rmekraftwerks sind mehr als 20.000 Tonnen Dieseltreibstoff ausgelaufen<\/em><\/h4>\n<div class=\"image-text__text\">\n<div class=\"image-text__description image-text__description--column-1\">\n<div class=\"description description--column-1\">\n<p>&nbsp;<\/p>\n<p>Der Vorfall gilt als eine der gr\u00f6\u00dften \u00d6lkatastrophen in der Arktis seit Jahren. Die Umweltverschmutzung, die dort im gro\u00dfen Ma\u00dfstab passierte, ereignet sich im kleineren Umfang z.B. auch in deutschen Unternehmen t\u00e4glich. Die vom Statistischen Bundesamt ver\u00f6ffentlichte <a href=\"https:\/\/www.destatis.de\/DE\/Presse\/Pressemitteilungen\/2019\/09\/PD19_333_32311.html\">Unfallstatistik <\/a>mit wassergef\u00e4hrdenden Stoffen spricht f\u00fcr sich: Jedes Jahr kommt es zu unkontrollierten Leckagen und gef\u00e4hrlichen oder umweltsch\u00e4digenden Zwischenf\u00e4llen. Die verf\u00fcgbaren Zahlen zu 2018 zeigen z.B. insgesamt 2448 registrierte Unf\u00e4lle, bei denen wassergef\u00e4hrdende Stoffe unkontrolliert in die Umwelt gelangten.<\/p>\n<p>Es drohen Betriebsunterbrechungen, Personen- und Umweltsch\u00e4den sowie akute Brandgefahr! Umso wichtiger ist es, dass im Fall der F\u00e4lle jeder Handgriff sitzt, um Verletzungen der Mitarbeiter, Br\u00e4nde und Sch\u00e4den f\u00fcr die Umwelt zu vermeiden.<\/p><\/div>\n<h5>Die Simulation von fl\u00fcssigen und gasf\u00f6rmigen Leckagen, bietet eine hervorragende M\u00f6glichkeit den Ernstfall zu \u00fcben. Sie sollten ein fester Bestandteil von allen modernen gro\u00dfen Trainingseinrichtungen sein!<\/h5>\n<\/div>\n<\/div>\n<h3 class=\"\">\n<\/div><\/div><div id=\"panel-3769-0-0-1\" class=\"so-panel widget widget_black-studio-tinymce widget_black_studio_tinymce panel-last-child\" data-index=\"1\" ><div class=\"textwidget\"><h4 id=\"cc-m-header-11365170027\">Rechts oben im Video sehen Sie Beispiele von simulierten fl\u00fcssigen Leckagen<br \/>\nDas Video direkt darunter zeigt Beispiele von simulierten gasf\u00f6rmigen Leckagen<br \/>\naus einer Kombination von Druckluft und Rauch zur besseren visuellen Wahrnehmung<\/h4>\n<h4>\n<\/div><\/div><\/div><div id=\"pgc-3769-0-1\"  class=\"panel-grid-cell\" ><div id=\"panel-3769-0-1-0\" class=\"so-panel widget widget_black-studio-tinymce widget_black_studio_tinymce panel-first-child\" data-index=\"2\" ><div class=\"textwidget\"><p><div style=\"width: 1140px;\" class=\"wp-video\"><!--[if lt IE 9]><script>document.createElement('video');<\/script><![endif]-->\n<video class=\"wp-video-shortcode\" id=\"video-3769-1\" width=\"1140\" height=\"610\" preload=\"metadata\" controls=\"controls\"><source type=\"video\/mp4\" src=\"https:\/\/gft.eu\/wp-content\/uploads\/2023\/07\/Liquid_Leakage_GFT-Logo.mp4?_=1\" \/><a href=\"https:\/\/gft.eu\/wp-content\/uploads\/2023\/07\/Liquid_Leakage_GFT-Logo.mp4\">https:\/\/gft.eu\/wp-content\/uploads\/2023\/07\/Liquid_Leakage_GFT-Logo.mp4<\/a><\/video><\/div><\/p>\n<\/div><\/div><div id=\"panel-3769-0-1-1\" class=\"so-panel widget widget_black-studio-tinymce widget_black_studio_tinymce panel-last-child\" data-index=\"3\" ><div class=\"textwidget\"><p><div style=\"width: 1140px;\" class=\"wp-video\"><video class=\"wp-video-shortcode\" id=\"video-3769-2\" width=\"1140\" height=\"626\" preload=\"metadata\" controls=\"controls\"><source type=\"video\/mp4\" src=\"https:\/\/gft.eu\/wp-content\/uploads\/2023\/07\/VapourSmoke_Leakage_2020-10.mp4?_=2\" \/><a href=\"https:\/\/gft.eu\/wp-content\/uploads\/2023\/07\/VapourSmoke_Leakage_2020-10.mp4\">https:\/\/gft.eu\/wp-content\/uploads\/2023\/07\/VapourSmoke_Leakage_2020-10.mp4<\/a><\/video><\/div><\/p>\n<\/div><\/div><\/div><\/div><div id=\"pg-3769-1\"  class=\"panel-grid panel-no-style\" ><div id=\"pgc-3769-1-0\"  class=\"panel-grid-cell\" ><div id=\"panel-3769-1-0-0\" class=\"so-panel widget widget_black-studio-tinymce widget_black_studio_tinymce panel-first-child panel-last-child\" data-index=\"4\" ><div class=\"textwidget\"><p><a href=\"https:\/\/gft.eu\/wp-content\/uploads\/2023\/07\/LiquidLeakage3-scaled.jpg\"><img loading=\"lazy\" decoding=\"async\" class=\"alignnone wp-image-3676\" src=\"https:\/\/gft.eu\/wp-content\/uploads\/2023\/07\/LiquidLeakage3-300x225.jpg\" alt=\"\" width=\"450\" height=\"337\" srcset=\"https:\/\/gft.eu\/wp-content\/uploads\/2023\/07\/LiquidLeakage3-300x225.jpg 300w, https:\/\/gft.eu\/wp-content\/uploads\/2023\/07\/LiquidLeakage3-1024x768.jpg 1024w, https:\/\/gft.eu\/wp-content\/uploads\/2023\/07\/LiquidLeakage3-768x576.jpg 768w, https:\/\/gft.eu\/wp-content\/uploads\/2023\/07\/LiquidLeakage3-1536x1152.jpg 1536w, https:\/\/gft.eu\/wp-content\/uploads\/2023\/07\/LiquidLeakage3-2048x1536.jpg 2048w, https:\/\/gft.eu\/wp-content\/uploads\/2023\/07\/LiquidLeakage3-555x416.jpg 555w, https:\/\/gft.eu\/wp-content\/uploads\/2023\/07\/LiquidLeakage3-100x75.jpg 100w\" sizes=\"(max-width: 450px) 100vw, 450px\" \/><\/a><\/p>\n<\/div><\/div><\/div><div id=\"pgc-3769-1-1\"  class=\"panel-grid-cell\" ><div id=\"panel-3769-1-1-0\" class=\"so-panel widget widget_black-studio-tinymce widget_black_studio_tinymce panel-first-child panel-last-child\" data-index=\"5\" ><div class=\"textwidget\"><p><a href=\"https:\/\/gft.eu\/wp-content\/uploads\/2023\/07\/LiquidLeakage2-scaled.jpg\"><img loading=\"lazy\" decoding=\"async\" class=\"alignnone size-medium wp-image-3682\" src=\"https:\/\/gft.eu\/wp-content\/uploads\/2023\/07\/LiquidLeakage2-225x300.jpg\" alt=\"\" width=\"225\" height=\"300\" srcset=\"https:\/\/gft.eu\/wp-content\/uploads\/2023\/07\/LiquidLeakage2-225x300.jpg 225w, https:\/\/gft.eu\/wp-content\/uploads\/2023\/07\/LiquidLeakage2-768x1024.jpg 768w, https:\/\/gft.eu\/wp-content\/uploads\/2023\/07\/LiquidLeakage2-1152x1536.jpg 1152w, https:\/\/gft.eu\/wp-content\/uploads\/2023\/07\/LiquidLeakage2-1536x2048.jpg 1536w, https:\/\/gft.eu\/wp-content\/uploads\/2023\/07\/LiquidLeakage2-416x555.jpg 416w, https:\/\/gft.eu\/wp-content\/uploads\/2023\/07\/LiquidLeakage2-scaled.jpg 1920w\" sizes=\"(max-width: 225px) 100vw, 225px\" \/><\/a><\/p>\n<\/div><\/div><\/div><div id=\"pgc-3769-1-2\"  class=\"panel-grid-cell\" ><div id=\"panel-3769-1-2-0\" class=\"so-panel widget widget_black-studio-tinymce widget_black_studio_tinymce panel-first-child panel-last-child\" data-index=\"6\" ><div class=\"textwidget\"><p><a href=\"https:\/\/gft.eu\/wp-content\/uploads\/2023\/07\/WeChat-Image_20211112141743.jpg\"><img loading=\"lazy\" decoding=\"async\" class=\"alignnone size-medium wp-image-3686\" src=\"https:\/\/gft.eu\/wp-content\/uploads\/2023\/07\/WeChat-Image_20211112141743-169x300.jpg\" alt=\"\" width=\"169\" height=\"300\" srcset=\"https:\/\/gft.eu\/wp-content\/uploads\/2023\/07\/WeChat-Image_20211112141743-169x300.jpg 169w, https:\/\/gft.eu\/wp-content\/uploads\/2023\/07\/WeChat-Image_20211112141743-576x1024.jpg 576w, https:\/\/gft.eu\/wp-content\/uploads\/2023\/07\/WeChat-Image_20211112141743-768x1365.jpg 768w, https:\/\/gft.eu\/wp-content\/uploads\/2023\/07\/WeChat-Image_20211112141743-864x1536.jpg 864w, https:\/\/gft.eu\/wp-content\/uploads\/2023\/07\/WeChat-Image_20211112141743-312x555.jpg 312w, https:\/\/gft.eu\/wp-content\/uploads\/2023\/07\/WeChat-Image_20211112141743.jpg 1080w\" sizes=\"(max-width: 169px) 100vw, 169px\" \/><\/a><\/p>\n<\/div><\/div><\/div><div id=\"pgc-3769-1-3\"  class=\"panel-grid-cell\" ><div id=\"panel-3769-1-3-0\" class=\"so-panel widget widget_black-studio-tinymce widget_black_studio_tinymce panel-first-child panel-last-child\" data-index=\"7\" ><div class=\"textwidget\"><p><a href=\"https:\/\/gft.eu\/wp-content\/uploads\/2023\/07\/WeChat-Image_20211112141800.jpg\"><img loading=\"lazy\" decoding=\"async\" class=\"alignnone size-medium wp-image-3684\" src=\"https:\/\/gft.eu\/wp-content\/uploads\/2023\/07\/WeChat-Image_20211112141800-169x300.jpg\" alt=\"\" width=\"169\" height=\"300\" srcset=\"https:\/\/gft.eu\/wp-content\/uploads\/2023\/07\/WeChat-Image_20211112141800-169x300.jpg 169w, https:\/\/gft.eu\/wp-content\/uploads\/2023\/07\/WeChat-Image_20211112141800-576x1024.jpg 576w, https:\/\/gft.eu\/wp-content\/uploads\/2023\/07\/WeChat-Image_20211112141800-768x1365.jpg 768w, https:\/\/gft.eu\/wp-content\/uploads\/2023\/07\/WeChat-Image_20211112141800-864x1536.jpg 864w, https:\/\/gft.eu\/wp-content\/uploads\/2023\/07\/WeChat-Image_20211112141800-312x555.jpg 312w, https:\/\/gft.eu\/wp-content\/uploads\/2023\/07\/WeChat-Image_20211112141800.jpg 1080w\" sizes=\"(max-width: 169px) 100vw, 169px\" \/><\/a><\/p>\n<\/div><\/div><\/div><\/div><div id=\"pg-3769-2\"  class=\"panel-grid panel-no-style\" ><div id=\"pgc-3769-2-0\"  class=\"panel-grid-cell\" ><div id=\"panel-3769-2-0-0\" class=\"so-panel widget widget_black-studio-tinymce widget_black_studio_tinymce panel-first-child panel-last-child\" data-index=\"8\" ><div class=\"textwidget\"><p><a href=\"https:\/\/gft.eu\/wp-content\/uploads\/2023\/07\/Vapour-Leakage-Flange1.png\"><img loading=\"lazy\" decoding=\"async\" class=\"alignnone wp-image-3801\" src=\"https:\/\/gft.eu\/wp-content\/uploads\/2023\/07\/Vapour-Leakage-Flange1-211x300.png\" alt=\"\" width=\"286\" height=\"406\"><\/a><\/p>\n<\/div><\/div><\/div><div id=\"pgc-3769-2-1\"  class=\"panel-grid-cell\" ><div id=\"panel-3769-2-1-0\" class=\"so-panel widget widget_black-studio-tinymce widget_black_studio_tinymce panel-first-child panel-last-child\" data-index=\"9\" ><div class=\"textwidget\"><p><div style=\"width: 544px;\" class=\"wp-video\"><video class=\"wp-video-shortcode\" id=\"video-3769-3\" width=\"544\" height=\"960\" preload=\"metadata\" controls=\"controls\"><source type=\"video\/mp4\" src=\"https:\/\/gft.eu\/wp-content\/uploads\/2023\/07\/VapourLeakage-mit-Tablet2.mp4?_=3\" \/><a href=\"https:\/\/gft.eu\/wp-content\/uploads\/2023\/07\/VapourLeakage-mit-Tablet2.mp4\">https:\/\/gft.eu\/wp-content\/uploads\/2023\/07\/VapourLeakage-mit-Tablet2.mp4<\/a><\/video><\/div><\/p>\n<\/div><\/div><\/div><div id=\"pgc-3769-2-2\"  class=\"panel-grid-cell\" ><div id=\"panel-3769-2-2-0\" class=\"so-panel widget widget_black-studio-tinymce widget_black_studio_tinymce panel-first-child panel-last-child\" data-index=\"10\" ><div class=\"textwidget\"><p><a href=\"https:\/\/gft.eu\/wp-content\/uploads\/2023\/07\/Vapour-leakage-Tank1.png\"><img loading=\"lazy\" decoding=\"async\" class=\"alignnone wp-image-3802\" src=\"https:\/\/gft.eu\/wp-content\/uploads\/2023\/07\/Vapour-leakage-Tank1-214x300.png\" alt=\"\" width=\"290\" height=\"406\" srcset=\"https:\/\/gft.eu\/wp-content\/uploads\/2023\/07\/Vapour-leakage-Tank1-214x300.png 214w, https:\/\/gft.eu\/wp-content\/uploads\/2023\/07\/Vapour-leakage-Tank1-396x555.png 396w, https:\/\/gft.eu\/wp-content\/uploads\/2023\/07\/Vapour-leakage-Tank1.png 562w\" sizes=\"(max-width: 290px) 100vw, 290px\" \/><\/a><\/p>\n<\/div><\/div><\/div><div id=\"pgc-3769-2-3\"  class=\"panel-grid-cell\" ><div id=\"panel-3769-2-3-0\" class=\"so-panel widget widget_black-studio-tinymce widget_black_studio_tinymce panel-first-child panel-last-child\" data-index=\"11\" ><div class=\"textwidget\"><p><div style=\"width: 720px;\" class=\"wp-video\"><video class=\"wp-video-shortcode\" id=\"video-3769-4\" width=\"720\" height=\"1280\" preload=\"metadata\" controls=\"controls\"><source type=\"video\/mp4\" src=\"https:\/\/gft.eu\/wp-content\/uploads\/2023\/07\/VapourLeakage-mit-Tablet3.mp4?_=4\" \/><a href=\"https:\/\/gft.eu\/wp-content\/uploads\/2023\/07\/VapourLeakage-mit-Tablet3.mp4\">https:\/\/gft.eu\/wp-content\/uploads\/2023\/07\/VapourLeakage-mit-Tablet3.mp4<\/a><\/video><\/div><\/p>\n<\/div><\/div><\/div><\/div><\/div>","protected":false},"excerpt":{"rendered":"<p>Das richtige Abdichten von Leckagen muss gelernt sein! &nbsp; Wie dramatisch eine Leckage mit wassergef\u00e4hrdenden Stoffen werden kann, zeigte ein aktueller Vorfall Ende Mai 2020 in Russland: Aus einem Speicher eines W\u00e4rmekraftwerks sind mehr als 20.000 Tonnen Dieseltreibstoff ausgelaufen &nbsp; Der Vorfall gilt als eine der gr\u00f6\u00dften \u00d6lkatastrophen in der Arktis seit Jahren. Die Umweltverschmutzung, &hellip;<\/p>\n","protected":false},"author":6,"featured_media":3677,"parent":2634,"menu_order":0,"comment_status":"closed","ping_status":"closed","template":"","meta":{"ngg_post_thumbnail":0,"footnotes":""},"_links":{"self":[{"href":"https:\/\/gft.eu\/de\/wp-json\/wp\/v2\/pages\/3769"}],"collection":[{"href":"https:\/\/gft.eu\/de\/wp-json\/wp\/v2\/pages"}],"about":[{"href":"https:\/\/gft.eu\/de\/wp-json\/wp\/v2\/types\/page"}],"author":[{"embeddable":true,"href":"https:\/\/gft.eu\/de\/wp-json\/wp\/v2\/users\/6"}],"replies":[{"embeddable":true,"href":"https:\/\/gft.eu\/de\/wp-json\/wp\/v2\/comments?post=3769"}],"version-history":[{"count":52,"href":"https:\/\/gft.eu\/de\/wp-json\/wp\/v2\/pages\/3769\/revisions"}],"predecessor-version":[{"id":3826,"href":"https:\/\/gft.eu\/de\/wp-json\/wp\/v2\/pages\/3769\/revisions\/3826"}],"up":[{"embeddable":true,"href":"https:\/\/gft.eu\/de\/wp-json\/wp\/v2\/pages\/2634"}],"wp:featuredmedia":[{"embeddable":true,"href":"https:\/\/gft.eu\/de\/wp-json\/wp\/v2\/media\/3677"}],"wp:attachment":[{"href":"https:\/\/gft.eu\/de\/wp-json\/wp\/v2\/media?parent=3769"}],"curies":[{"name":"wp","href":"https:\/\/api.w.org\/{rel}","templated":true}]}}