{"id":3828,"date":"2023-07-12T15:21:03","date_gmt":"2023-07-12T13:21:03","guid":{"rendered":"https:\/\/gft.eu\/de\/?page_id=3828"},"modified":"2023-07-12T16:33:00","modified_gmt":"2023-07-12T14:33:00","slug":"explosions-szenario-simuliert","status":"publish","type":"page","link":"https:\/\/gft.eu\/de\/technik\/explosions-szenario-simulation\/","title":{"rendered":"Explosions Szenario (simuliert)"},"content":{"rendered":"<div id=\"pl-3828\"  class=\"panel-layout\" ><div id=\"pg-3828-0\"  class=\"panel-grid panel-no-style\" ><div id=\"pgc-3828-0-0\"  class=\"panel-grid-cell\" ><div id=\"panel-3828-0-0-0\" class=\"so-panel widget widget_black-studio-tinymce widget_black_studio_tinymce panel-first-child\" data-index=\"0\" ><div class=\"textwidget\"><h3 id=\"cc-m-header-11365170027\" class=\"\">GFT Explosions-Szenario - Ein weiteres Patent von GFT<\/h3>\n<h4>&nbsp;<\/h4>\n<h4 style=\"text-align: justify;\">Diese neue Technologie simuliert akustisch die Explosion durch einen lauten Knall<br \/>\nund visuell durch eine abrupte kurze, aber massive Flammentwicklung<\/h4>\n<h5>&nbsp;<\/h5>\n<h5>Warum wichtig?<\/h5>\n<p>&nbsp;<\/p>\n<p>Explosionsgefahren k\u00f6nnen in allen Betrieben auftreten, in denen brennbare Stoffe gelagert werden oder mit ihnen umgegangen wird. Explosionsgefahr herrscht z.\u2009B. bei der Gewinnung, Herstellung, Lagerung und Fortleitung sowie beim Verarbeiten, Umf\u00fcllen und Umschlagen von brennbaren Stoffen, die eine explosionsf\u00e4hige Atmosph\u00e4re bilden k\u00f6nnen. Solche Stoffe k\u00f6nnen brennbare Gase (z.\u2009B. Fl\u00fcssiggas, Erdgas), brennbare Fl\u00fcssigkeiten (z.\u2009B. L\u00f6semittel, Treibstoffe) und St\u00e4ube brennbarer Feststoffe (z.\u2009B. Holz, Nahrungsmittel, Metalle, Kunststoffe) sein.<\/p>\n<p>Bereits kleine Mengen brennbarer Gase, D\u00e4mpfe oder St\u00e4ube k\u00f6nnen durch geringe Z\u00fcndenergien zu Explosionen mit Druck- und Flammenausbreitung f\u00fchren. Daraus resultieren meist schwerwiegende Personen- und Sachsch\u00e4den.<\/p>\n<p>&nbsp;<\/p>\n<h5>Was macht es so besonders?<\/h5>\n<p>&nbsp;<\/p>\n<ul>\n<li>Realistischer Sound- und Lichteffekt zur Vorbereitung auf den Ernstfall<br \/>\n(Das Explosionsger\u00e4usch stammt von einer Knallgasexplosion und wird mit einer Flamme brennenden Fl\u00fcssiggases gepaart, die f\u00fcr den visuellen Effekt sorgt.)<br \/>\n&nbsp;<\/li>\n<li>Kann per Touchscreen in einem Takt von ca. 10 min wiederholt werden<br \/>\n(Dies geht auch in k\u00fcrzeren Abst\u00e4nden ab 5 min mit einem geringeren Knalleffekt)<br \/>\n&nbsp;<\/li>\n<li>Kann einfach in eine bereits vorhandene Anlage integriert werden<br \/>\n&nbsp;<\/li>\n<li>Ist in dieser Form einzigartig auf dem Markt<\/li>\n<\/ul>\n<h3 class=\"\">\n<\/div><\/div><div id=\"panel-3828-0-0-1\" class=\"so-panel widget widget_black-studio-tinymce widget_black_studio_tinymce panel-last-child\" data-index=\"1\" ><div class=\"textwidget\"><h4>&nbsp;<\/h4>\n<p>&nbsp;<\/p>\n<h4>&nbsp;<\/h4>\n<h4 id=\"cc-m-header-11365170027\">Rechts im Video sehen und h\u00f6ren Sie das Explosions-Szenario in Aktion<br \/>\n(Wir empfehlen, es im Vollbildmodus anzusehen)<\/h4>\n<h4>\n<\/div><\/div><\/div><div id=\"pgc-3828-0-1\"  class=\"panel-grid-cell\" ><div id=\"panel-3828-0-1-0\" class=\"so-panel widget widget_black-studio-tinymce widget_black_studio_tinymce panel-first-child\" data-index=\"2\" ><div class=\"textwidget\"><p><a href=\"https:\/\/gft.eu\/wp-content\/uploads\/2023\/07\/Explosion3.png\"><img loading=\"lazy\" decoding=\"async\" class=\"alignnone  wp-image-3899\" src=\"https:\/\/gft.eu\/wp-content\/uploads\/2023\/07\/Explosion3-192x300.png\" alt=\"\" width=\"330\" height=\"516\" srcset=\"https:\/\/gft.eu\/wp-content\/uploads\/2023\/07\/Explosion3-192x300.png 192w, https:\/\/gft.eu\/wp-content\/uploads\/2023\/07\/Explosion3-656x1024.png 656w, https:\/\/gft.eu\/wp-content\/uploads\/2023\/07\/Explosion3-768x1198.png 768w, https:\/\/gft.eu\/wp-content\/uploads\/2023\/07\/Explosion3-984x1536.png 984w, https:\/\/gft.eu\/wp-content\/uploads\/2023\/07\/Explosion3.png 1242w\" sizes=\"(max-width: 330px) 100vw, 330px\" \/><\/a><a href=\"https:\/\/gft.eu\/wp-content\/uploads\/2023\/07\/Real_ExploScenario_Refinery_Foto-scaled.jpg\"><img loading=\"lazy\" decoding=\"async\" class=\"alignnone wp-image-3702\" src=\"https:\/\/gft.eu\/wp-content\/uploads\/2023\/07\/Real_ExploScenario_Refinery_Foto-300x225.jpg\" alt=\"\" width=\"330\" height=\"248\" srcset=\"https:\/\/gft.eu\/wp-content\/uploads\/2023\/07\/Real_ExploScenario_Refinery_Foto-300x225.jpg 300w, https:\/\/gft.eu\/wp-content\/uploads\/2023\/07\/Real_ExploScenario_Refinery_Foto-1024x768.jpg 1024w, https:\/\/gft.eu\/wp-content\/uploads\/2023\/07\/Real_ExploScenario_Refinery_Foto-768x576.jpg 768w, https:\/\/gft.eu\/wp-content\/uploads\/2023\/07\/Real_ExploScenario_Refinery_Foto-1536x1152.jpg 1536w, https:\/\/gft.eu\/wp-content\/uploads\/2023\/07\/Real_ExploScenario_Refinery_Foto-2048x1536.jpg 2048w, https:\/\/gft.eu\/wp-content\/uploads\/2023\/07\/Real_ExploScenario_Refinery_Foto-555x416.jpg 555w, https:\/\/gft.eu\/wp-content\/uploads\/2023\/07\/Real_ExploScenario_Refinery_Foto-100x75.jpg 100w\" sizes=\"(max-width: 330px) 100vw, 330px\" \/><\/a><\/p>\n<\/div><\/div><div id=\"panel-3828-0-1-1\" class=\"so-panel widget widget_black-studio-tinymce widget_black_studio_tinymce panel-last-child\" data-index=\"3\" ><div class=\"textwidget\"><p><div style=\"width: 1140px;\" class=\"wp-video\"><!--[if lt IE 9]><script>document.createElement('video');<\/script><![endif]-->\n<video class=\"wp-video-shortcode\" id=\"video-3828-1\" width=\"1140\" height=\"610\" preload=\"metadata\" controls=\"controls\"><source type=\"video\/mp4\" src=\"https:\/\/gft.eu\/wp-content\/uploads\/2023\/07\/Real_ExploScenario_Refinery_GFT.mp4?_=1\" \/><a href=\"https:\/\/gft.eu\/wp-content\/uploads\/2023\/07\/Real_ExploScenario_Refinery_GFT.mp4\">https:\/\/gft.eu\/wp-content\/uploads\/2023\/07\/Real_ExploScenario_Refinery_GFT.mp4<\/a><\/video><\/div><\/p>\n<\/div><\/div><\/div><\/div><\/div>","protected":false},"excerpt":{"rendered":"<p>GFT Explosions-Szenario &#8211; Ein weiteres Patent von GFT &nbsp; Diese neue Technologie simuliert akustisch die Explosion durch einen lauten Knall und visuell durch eine abrupte kurze, aber massive Flammentwicklung &nbsp; Warum wichtig? &nbsp; Explosionsgefahren k\u00f6nnen in allen Betrieben auftreten, in denen brennbare Stoffe gelagert werden oder mit ihnen umgegangen wird. Explosionsgefahr herrscht z.\u2009B. bei der &hellip;<\/p>\n","protected":false},"author":6,"featured_media":3827,"parent":2615,"menu_order":0,"comment_status":"closed","ping_status":"closed","template":"","meta":{"ngg_post_thumbnail":0,"footnotes":""},"_links":{"self":[{"href":"https:\/\/gft.eu\/de\/wp-json\/wp\/v2\/pages\/3828"}],"collection":[{"href":"https:\/\/gft.eu\/de\/wp-json\/wp\/v2\/pages"}],"about":[{"href":"https:\/\/gft.eu\/de\/wp-json\/wp\/v2\/types\/page"}],"author":[{"embeddable":true,"href":"https:\/\/gft.eu\/de\/wp-json\/wp\/v2\/users\/6"}],"replies":[{"embeddable":true,"href":"https:\/\/gft.eu\/de\/wp-json\/wp\/v2\/comments?post=3828"}],"version-history":[{"count":50,"href":"https:\/\/gft.eu\/de\/wp-json\/wp\/v2\/pages\/3828\/revisions"}],"predecessor-version":[{"id":3921,"href":"https:\/\/gft.eu\/de\/wp-json\/wp\/v2\/pages\/3828\/revisions\/3921"}],"up":[{"embeddable":true,"href":"https:\/\/gft.eu\/de\/wp-json\/wp\/v2\/pages\/2615"}],"wp:featuredmedia":[{"embeddable":true,"href":"https:\/\/gft.eu\/de\/wp-json\/wp\/v2\/media\/3827"}],"wp:attachment":[{"href":"https:\/\/gft.eu\/de\/wp-json\/wp\/v2\/media?parent=3828"}],"curies":[{"name":"wp","href":"https:\/\/api.w.org\/{rel}","templated":true}]}}