{"id":7,"date":"2014-10-15T12:59:47","date_gmt":"2014-10-15T12:59:47","guid":{"rendered":"https:\/\/demo.proteusthemes.com\/buildpress\/?page_id=7"},"modified":"2024-01-27T18:23:14","modified_gmt":"2024-01-27T17:23:14","slug":"front-page","status":"publish","type":"page","link":"https:\/\/gft.eu\/de\/","title":{"rendered":"Startseite"},"content":{"rendered":"<div id=\"pl-7\"  class=\"panel-layout\" ><div id=\"pg-7-0\"  class=\"panel-grid panel-has-style\" ><div class=\"siteorigin-panels-stretch panel-row-style panel-row-style-for-7-0\" data-stretch-type=\"full\" ><div id=\"pgc-7-0-0\"  class=\"panel-grid-cell\" ><div id=\"panel-7-0-0-0\" class=\"so-panel widget widget_pt_banner widget-banner panel-first-child panel-last-child\" data-index=\"0\" >\t\t\t\t<div class=\"banner__text\">\n\t\t\t\t\tHaben Sie Interesse an unseren Produkten? Kontaktieren Sie uns jetzt!\t\t\t\t<\/div>\n\t\t\t\t<div class=\"banner__buttons\">\n\t\t\t\t\t<a class=\"btn  btn-primary\" href=\"kontaktieren-sie-uns-2\" target=\"_self\">Zum Kontakt<\/a>\t\t\t\t<\/div>\n\t\t\t<\/div><\/div><\/div><\/div><div id=\"pg-7-1\"  class=\"panel-grid panel-no-style\" ><div id=\"pgc-7-1-0\"  class=\"panel-grid-cell\" ><div id=\"panel-7-1-0-0\" class=\"so-panel widget widget_text panel-first-child panel-last-child\" data-index=\"1\" ><h3 class=\"widget-title\">Firetrainer, Brandsimulation, Brand\u00fcbungsanlagen<\/h3>\t\t\t<div class=\"textwidget\"><\/div>\n\t\t<\/div><\/div><\/div><div id=\"pg-7-2\"  class=\"panel-grid panel-no-style\" ><div id=\"pgc-7-2-0\"  class=\"panel-grid-cell\" ><div id=\"panel-7-2-0-0\" class=\"so-panel widget widget_pt_featured_page widget-featured-page panel-first-child panel-last-child\" data-index=\"2\" >\t\t\t\t<div class=\"page-box page-box--block post-7 page type-page status-publish hentry\">\n\t\t\t\t\t<a class=\"page-box__picture\" href=\"https:\/\/gft.eu\/de\/unsere-anwendungen\/flugzeugbrandtrainer-von-gft\/\"><img loading=\"lazy\" decoding=\"async\" width=\"360\" height=\"240\" src=\"https:\/\/gft.eu\/wp-content\/uploads\/2015\/06\/Aircraft-FireTraining-Facility-Flugzeug-B\u00dcA-Manchester-Airport-England-2-360x240.jpg\" class=\"attachment-page-box size-page-box wp-post-image\" alt=\"\" \/><\/a>\n\t\t\t\t\t<div class=\"page-box__content\">\n\t\t\t\t\t\t<h5 class=\"page-box__title  text-uppercase\"><a href=\"https:\/\/gft.eu\/de\/unsere-anwendungen\/flugzeugbrandtrainer-von-gft\/\">Flugzeugbrandtrainer<\/a><\/h5>\n\t\t\t\t\t\t<p>Flugzeugbrandtrainer sind von modernen Flugh\u00e4fen nicht mehr wegzudenken. GFT ber\u00e4t bez\u00fcglich einschl\u00e4gigier ICAO-Anforderungen und baut nach dem heutigen Stand der Technik.<\/p>\n\t\t\t\t\t\t\t\t\t\t\t\t\t<p><a href=\"https:\/\/gft.eu\/de\/unsere-anwendungen\/flugzeugbrandtrainer-von-gft\/\" class=\"read-more  read-more--page-box\">Mehr lesen<\/a><\/p>\n\t\t\t\t\t\t\t\t\t\t\t<\/div>\n\t\t\t\t<\/div>\n\n\t\t\t<\/div><\/div><div id=\"pgc-7-2-1\"  class=\"panel-grid-cell\" ><div id=\"panel-7-2-1-0\" class=\"so-panel widget widget_pt_featured_page widget-featured-page panel-first-child panel-last-child\" data-index=\"3\" >\t\t\t\t<div class=\"page-box page-box--block post-7 page type-page status-publish hentry\">\n\t\t\t\t\t<a class=\"page-box__picture\" href=\"https:\/\/gft.eu\/de\/unsere-produkte\/zubehoer\/gft-flag-trainer-flammable-liquids-and-gases\/\"><img loading=\"lazy\" decoding=\"async\" width=\"360\" height=\"240\" src=\"https:\/\/gft.eu\/wp-content\/uploads\/2015\/06\/opito_01-e1582409919681-360x240.jpg\" class=\"attachment-page-box size-page-box wp-post-image\" alt=\"\" \/><\/a>\n\t\t\t\t\t<div class=\"page-box__content\">\n\t\t\t\t\t\t<h5 class=\"page-box__title  text-uppercase\"><a href=\"https:\/\/gft.eu\/de\/unsere-produkte\/zubehoer\/gft-flag-trainer-flammable-liquids-and-gases\/\">GFT FLAG-Trainer: Flammable Liquids and Gases<\/a><\/h5>\n\t\t\t\t\t\t<p>Special training facility as tank and flange fire to extinguish flammable liquids and gases.<\/p>\n\t\t\t\t\t\t\t\t\t\t\t\t\t<p><a href=\"https:\/\/gft.eu\/de\/unsere-produkte\/zubehoer\/gft-flag-trainer-flammable-liquids-and-gases\/\" class=\"read-more  read-more--page-box\">Mehr lesen<\/a><\/p>\n\t\t\t\t\t\t\t\t\t\t\t<\/div>\n\t\t\t\t<\/div>\n\n\t\t\t<\/div><\/div><div id=\"pgc-7-2-2\"  class=\"panel-grid-cell\" ><div id=\"panel-7-2-2-0\" class=\"so-panel widget widget_pt_featured_page widget-featured-page panel-first-child\" data-index=\"4\" >\t\t\t\t<div class=\"page-box page-box--inline post-7 page type-page status-publish hentry\">\n\t\t\t\t\t<a class=\"page-box__picture\" href=\"https:\/\/gft.eu\/de\/unsere-produkte\/firetrainer\/flt-200-firetrolley\/\"><img loading=\"lazy\" decoding=\"async\" width=\"100\" height=\"75\" src=\"https:\/\/gft.eu\/wp-content\/uploads\/2014\/10\/FLT-200-mit-Flachbildschirm-100x75.png\" class=\"attachment-100x75-crop size-100x75-crop wp-post-image\" alt=\"\" \/><\/a>\n\t\t\t\t\t<div class=\"page-box__content\">\n\t\t\t\t\t\t<h5 class=\"page-box__title  text-uppercase\"><a href=\"https:\/\/gft.eu\/de\/unsere-produkte\/firetrainer\/flt-200-firetrolley\/\">FLT 200 FireTrolly\u00ae<\/a><\/h5>\n\t\t\t\t\t\t<p>Der kompakteste multifunktionale FireTrainer auf dem Markt.<\/p>\n\t\t\t\t\t\t\t\t\t\t\t<\/div>\n\t\t\t\t<\/div>\n\n\t\t\t<\/div><div id=\"panel-7-2-2-1\" class=\"so-panel widget widget_pt_featured_page widget-featured-page\" data-index=\"5\" >\t\t\t\t<div class=\"page-box page-box--inline post-7 page type-page status-publish hentry\">\n\t\t\t\t\t<a class=\"page-box__picture\" href=\"https:\/\/gft.eu\/de\/unsere-produkte\/firetrainer\/flt-400-firetray-multi\/\"><img loading=\"lazy\" decoding=\"async\" width=\"100\" height=\"75\" src=\"https:\/\/gft.eu\/wp-content\/uploads\/2015\/06\/FLT-400-Robert-in-Polen-HQ-100x75.jpg\" class=\"attachment-100x75-crop size-100x75-crop wp-post-image\" alt=\"\" \/><\/a>\n\t\t\t\t\t<div class=\"page-box__content\">\n\t\t\t\t\t\t<h5 class=\"page-box__title  text-uppercase\"><a href=\"https:\/\/gft.eu\/de\/unsere-produkte\/firetrainer\/flt-400-firetray-multi\/\">FLT 400 FireTray Multi XL<\/a><\/h5>\n\t\t\t\t\t\t<p>Der vielseitigste FireTrainer auf dem Markt.<\/p>\n\t\t\t\t\t\t\t\t\t\t\t<\/div>\n\t\t\t\t<\/div>\n\n\t\t\t<\/div><div id=\"panel-7-2-2-2\" class=\"so-panel widget widget_pt_featured_page widget-featured-page\" data-index=\"6\" >\t\t\t\t<div class=\"page-box page-box--inline post-7 page type-page status-publish hentry\">\n\t\t\t\t\t<a class=\"page-box__picture\" href=\"https:\/\/gft.eu\/de\/unsere-produkte\/firetrainer\/flt-600-fireman\/\"><img loading=\"lazy\" decoding=\"async\" width=\"100\" height=\"75\" src=\"https:\/\/gft.eu\/wp-content\/uploads\/2020\/01\/fireman-e1580149982113-100x75.png\" class=\"attachment-100x75-crop size-100x75-crop wp-post-image\" alt=\"\" \/><\/a>\n\t\t\t\t\t<div class=\"page-box__content\">\n\t\t\t\t\t\t<h5 class=\"page-box__title  text-uppercase\"><a href=\"https:\/\/gft.eu\/de\/unsere-produkte\/firetrainer\/flt-600-fireman\/\">FLT 600 FireMan<\/a><\/h5>\n\t\t\t\t\t\t<p>Einmalig auf dem Markt: Simulation eines Personenbrands<\/p>\n\t\t\t\t\t\t\t\t\t\t\t<\/div>\n\t\t\t\t<\/div>\n\n\t\t\t<\/div><div id=\"panel-7-2-2-3\" class=\"so-panel widget widget_pt_featured_page widget-featured-page panel-last-child\" data-index=\"7\" >\t\t\t\t<div class=\"page-box page-box--inline post-7 page type-page status-publish hentry\">\n\t\t\t\t\t<a class=\"page-box__picture\" href=\"https:\/\/gft.eu\/de\/unsere-anwendungen\/opito\/\"><img loading=\"lazy\" decoding=\"async\" width=\"100\" height=\"75\" src=\"https:\/\/gft.eu\/wp-content\/uploads\/2015\/06\/C2015_Zaw-Min-Yu_um_00981-100x75.jpg\" class=\"attachment-100x75-crop size-100x75-crop wp-post-image\" alt=\"\" \/><\/a>\n\t\t\t\t\t<div class=\"page-box__content\">\n\t\t\t\t\t\t<h5 class=\"page-box__title  text-uppercase\"><a href=\"https:\/\/gft.eu\/de\/unsere-anwendungen\/opito\/\">OPITO \u2013 Offshore Petroleum Industry Training Organization<\/a><\/h5>\n\t\t\t\t\t\t<p>GFT baut auf Wunsch auch nach diesem Standard.<\/p>\n\t\t\t\t\t\t\t\t\t\t\t<\/div>\n\t\t\t\t<\/div>\n\n\t\t\t<\/div><\/div><\/div><div id=\"pg-7-3\"  class=\"panel-grid panel-has-style\" ><div class=\"siteorigin-panels-stretch panel-row-style panel-row-style-for-7-3\" data-stretch-type=\"full\" ><div id=\"pgc-7-3-0\"  class=\"panel-grid-cell\" ><div id=\"panel-7-3-0-0\" class=\"so-panel widget panel-first-child panel-last-child\" data-index=\"8\" ><\/div><\/div><\/div><\/div><div id=\"pg-7-4\"  class=\"panel-grid panel-no-style\" ><div id=\"pgc-7-4-0\"  class=\"panel-grid-cell\" ><div id=\"panel-7-4-0-0\" class=\"so-panel widget widget_text panel-first-child\" data-index=\"9\" >\t\t\t<div class=\"textwidget\"><\/div>\n\t\t<\/div><div id=\"panel-7-4-0-1\" class=\"so-panel widget widget_black-studio-tinymce widget_black_studio_tinymce panel-last-child\" data-index=\"10\" ><h3 class=\"widget-title\">Warum sollten Sie GFT w\u00e4hlen?<\/h3><div class=\"textwidget\"><h5>&nbsp;<\/h5>\n<h5><span style=\"color: #ff0000;\"><span class=\"icon-container\"><span class=\"fa fa-check\"><\/span><\/span>&nbsp;<\/span><span style=\"color: #333333;\">WIR SIND PASSIONIERT<\/span><\/h5>\n<p>In unseren Brandsimulatoren steckt nicht nur die modernste Technik, sondern auch viel Herzblut.&nbsp;Unser Team ist&nbsp;hochmotiviert, ideenreich und flexibel!<\/p>\n<h5><span style=\"color: #ff0000;\"> <span class=\"icon-container\"><span class=\"fa fa-check\"><\/span><\/span>&nbsp;<\/span>VERL\u00c4SSLICHKEIT<\/h5>\n<p>GFT Anlagen f\u00fcr&nbsp;professionelles Feuerl\u00f6schtraining zeichnen sich durch ein hohes Ma\u00df an Robustheit, Zuverl\u00e4ssigkeit, Langlebigkeit, Realit\u00e4tsn\u00e4he und einfacher Bedienbarkeit aus.&nbsp;<\/p>\n<h5><span style=\"color: #ff0000;\"> <span class=\"icon-container\"><span class=\"fa fa-check\"><\/span><\/span>&nbsp;<\/span><span style=\"color: #333333;\">LANGJ\u00c4HRIGE WELTWEITE ERFAHRUNG<\/span><\/h5>\n<p>GFT ist mittler\u00adweile ein international etablierter Name, wenn es um den Bau von Brand\u00fcbungsanlagen und Feuerl\u00f6schtrainern geht. Wir erf\u00fcllen alle m\u00f6glichen internationalen Normen, wie DIN14097, OPITO, ICAO.<\/p>\n<h5>\n<\/div><\/div><\/div><div id=\"pgc-7-4-1\"  class=\"panel-grid-cell\" ><div id=\"panel-7-4-1-0\" class=\"so-panel widget widget_text panel-first-child\" data-index=\"11\" >\t\t\t<div class=\"textwidget\"><\/div>\n\t\t<\/div><div id=\"panel-7-4-1-1\" class=\"so-panel widget widget_black-studio-tinymce widget_black_studio_tinymce panel-last-child\" data-index=\"12\" ><h3 class=\"widget-title\">Wer ist GFT General FireTech GmbH?<\/h3><div class=\"textwidget\"><p>GFT General FireTech GmbH ist Ihr verl\u00e4sslicher Partner im Bereich professioneller Brandsimulation. Lassen Sie sich von unseren robusten, zuverl\u00e4ssigen &amp; langlebigen Brandsimulatoren begeistern. Wir freuen uns mit Ihnen zusammenzuarbeiten!<\/p>\n<p><a href=\"https:\/\/gft.eu\/wp-content\/uploads\/2014\/10\/Tank-Trailor-FLAG-Namibia_OUT.jpg\"><img loading=\"lazy\" decoding=\"async\" class=\"alignnone size-medium wp-image-2360\" src=\"https:\/\/gft.eu\/wp-content\/uploads\/2014\/10\/Tank-Trailor-FLAG-Namibia_OUT-300x280.jpg\" alt=\"Tank-Trailor-FLAG-Namibia_OUT\" width=\"300\" height=\"280\" srcset=\"https:\/\/gft.eu\/wp-content\/uploads\/2014\/10\/Tank-Trailor-FLAG-Namibia_OUT-300x280.jpg 300w, https:\/\/gft.eu\/wp-content\/uploads\/2014\/10\/Tank-Trailor-FLAG-Namibia_OUT.jpg 450w\" sizes=\"(max-width: 300px) 100vw, 300px\" \/><\/a><\/p>\n<\/div><\/div><\/div><\/div><\/div>","protected":false},"excerpt":{"rendered":"<p>GFT bietet alles rund um Brandsimulation und Feuerl\u00f6schtraining: Firetrainer, Brandmodule, Brand\u00fcbungsanlagen, Ausstattung von Brandh\u00e4usern oder mobile Bandcontainer.<\/p>\n","protected":false},"author":1,"featured_media":0,"parent":0,"menu_order":0,"comment_status":"closed","ping_status":"closed","template":"template-front-page-slider.php","meta":{"ngg_post_thumbnail":0,"footnotes":""},"_links":{"self":[{"href":"https:\/\/gft.eu\/de\/wp-json\/wp\/v2\/pages\/7"}],"collection":[{"href":"https:\/\/gft.eu\/de\/wp-json\/wp\/v2\/pages"}],"about":[{"href":"https:\/\/gft.eu\/de\/wp-json\/wp\/v2\/types\/page"}],"author":[{"embeddable":true,"href":"https:\/\/gft.eu\/de\/wp-json\/wp\/v2\/users\/1"}],"replies":[{"embeddable":true,"href":"https:\/\/gft.eu\/de\/wp-json\/wp\/v2\/comments?post=7"}],"version-history":[{"count":86,"href":"https:\/\/gft.eu\/de\/wp-json\/wp\/v2\/pages\/7\/revisions"}],"predecessor-version":[{"id":4072,"href":"https:\/\/gft.eu\/de\/wp-json\/wp\/v2\/pages\/7\/revisions\/4072"}],"wp:attachment":[{"href":"https:\/\/gft.eu\/de\/wp-json\/wp\/v2\/media?parent=7"}],"curies":[{"name":"wp","href":"https:\/\/api.w.org\/{rel}","templated":true}]}}