{"id":73,"date":"2014-10-23T09:16:50","date_gmt":"2014-10-23T07:16:50","guid":{"rendered":"https:\/\/demo.proteusthemes.com\/buildpress\/?page_id=73"},"modified":"2024-04-03T13:05:48","modified_gmt":"2024-04-03T11:05:48","slug":"tiling-and-painting","status":"publish","type":"page","link":"https:\/\/gft.eu\/de\/unsere-produkte\/firetrainer\/flt-200-firetrolley\/","title":{"rendered":"FLT 200 FireTrolly\u00ae"},"content":{"rendered":"<div id=\"pl-73\"  class=\"panel-layout\" ><div id=\"pg-73-0\"  class=\"panel-grid panel-no-style\" ><div id=\"pgc-73-0-0\"  class=\"panel-grid-cell\" ><div id=\"panel-73-0-0-0\" class=\"so-panel widget widget_black-studio-tinymce widget_black_studio_tinymce panel-first-child panel-last-child\" data-index=\"0\" ><div class=\"textwidget\"><p><a href=\"https:\/\/gft.eu\/wp-content\/uploads\/2014\/10\/FLT-200-mit-Flachbildschirm.png\"><img loading=\"lazy\" decoding=\"async\" width=\"740\" height=\"507\" class=\"alignnone  wp-image-2266\" alt=\"\" src=\"https:\/\/gft.eu\/wp-content\/uploads\/2014\/10\/FLT-200-mit-Flachbildschirm.png\" srcset=\"https:\/\/gft.eu\/wp-content\/uploads\/2014\/10\/FLT-200-mit-Flachbildschirm.png 1002w, https:\/\/gft.eu\/wp-content\/uploads\/2014\/10\/FLT-200-mit-Flachbildschirm-300x206.png 300w, https:\/\/gft.eu\/wp-content\/uploads\/2014\/10\/FLT-200-mit-Flachbildschirm-555x381.png 555w\" sizes=\"(max-width: 740px) 100vw, 740px\" \/><\/a><\/p>\n<p><a href=\"https:\/\/gft.eu\/wp-content\/uploads\/2014\/10\/FLT200.png\"><img loading=\"lazy\" decoding=\"async\" width=\"740\" height=\"500\" class=\"alignnone  wp-image-2271\" alt=\"\" src=\"https:\/\/gft.eu\/wp-content\/uploads\/2014\/10\/FLT200.png\" srcset=\"https:\/\/gft.eu\/wp-content\/uploads\/2014\/10\/FLT200.png 382w, https:\/\/gft.eu\/wp-content\/uploads\/2014\/10\/FLT200-300x203.png 300w\" sizes=\"(max-width: 740px) 100vw, 740px\" \/><\/a><\/p>\n<p>&nbsp;<\/p>\n<\/div><\/div><\/div><div id=\"pgc-73-0-1\"  class=\"panel-grid-cell\" ><div id=\"panel-73-0-1-0\" class=\"so-panel widget widget_black-studio-tinymce widget_black_studio_tinymce panel-first-child panel-last-child\" data-index=\"1\" ><div class=\"textwidget\"><h3>Der kompakteste multifunktionale FireTrainer auf dem Markt.<\/h3>\n<p>&nbsp;<\/p>\n<p>Kombinieren Sie mit dem FireTrolly\u00ae die Vorteile einer leichten Handhabung und einfachem Transport mit der umfangreichen GFT-Technologie! Ein ausziehbarer Griff, das leichte Gewicht und die einfache Einhandsteuerung machen dieses kompakte Multifunktionsger\u00e4t zu einem praktischen FireTrainer auch f\u00fcr die Ein-Mann-Bedienung. Dabei stellen Sie A-, B- und C-Br\u00e4nde dar und k\u00f6nnen jegliche GFT-Attrappenmodule verwenden.<\/p>\n<p>&nbsp;<\/p>\n<h4>Setzen Sie mit diesem handlichen FireTrainer auf die <strong>Technologie von GFT<\/strong>&nbsp;:<\/h4>\n<p>&nbsp;<\/p>\n<ul>\n<li>computergest\u00fctzte L\u00f6scherkennung \u00fcber Sensorik<\/li>\n<li>dynamische Reaktion der Flammintensit\u00e4t abh\u00e4ngig von der Angriffstaktik und der L\u00f6schmittelart<\/li>\n<li>automatische dynamische R\u00fcckschaltung der Flammintensit\u00e4t bis zum L\u00f6scherfolg<\/li>\n<li>stufenlose Zuschaltung der Flammintensit\u00e4t per Knopfdurck<\/li>\n<li>wahlweise manuelle Steuerung (Abschaltung per Knopfdruck durch den \u00dcbungsleiter)<\/li>\n<li>automatische Sperrung der B-Brandfunktion bei geschlossenem Deckel<\/li>\n<li>Einhandfernbedienung mit Ladezustandsanzeige<\/li>\n<\/ul>\n<p>&nbsp;<br \/>\n<span style=\"color: #ff0000;\"><strong>\u00dcberzeugen Sie sich selbst!&nbsp;<\/strong><\/span><\/p>\n<h3>\n<\/div><\/div><\/div><\/div><div id=\"pg-73-1\"  class=\"panel-grid panel-no-style\" ><div id=\"pgc-73-1-0\"  class=\"panel-grid-cell\" ><div id=\"panel-73-1-0-0\" class=\"so-panel widget widget_black-studio-tinymce widget_black_studio_tinymce panel-first-child panel-last-child\" data-index=\"2\" ><div class=\"textwidget\"><p><a href=\"https:\/\/gft.eu\/wp-content\/uploads\/2020\/03\/FLT-200.png\"><img loading=\"lazy\" decoding=\"async\" width=\"428\" height=\"489\" class=\"alignnone  wp-image-3232\" alt=\"\" src=\"https:\/\/gft.eu\/wp-content\/uploads\/2020\/03\/FLT-200.png\" srcset=\"https:\/\/gft.eu\/wp-content\/uploads\/2020\/03\/FLT-200.png 304w, https:\/\/gft.eu\/wp-content\/uploads\/2020\/03\/FLT-200-263x300.png 263w\" sizes=\"(max-width: 428px) 100vw, 428px\" \/><\/a><\/p>\n<\/div><\/div><\/div><div id=\"pgc-73-1-1\"  class=\"panel-grid-cell\" ><div id=\"panel-73-1-1-0\" class=\"so-panel widget widget_black-studio-tinymce widget_black_studio_tinymce panel-first-child panel-last-child\" data-index=\"3\" ><div class=\"textwidget\"><p><a href=\"https:\/\/gft.eu\/wp-content\/uploads\/2020\/03\/FLT-Trolley-hinten.png\"><img loading=\"lazy\" decoding=\"async\" width=\"431\" height=\"494\" class=\"alignnone  wp-image-3233\" alt=\"\" src=\"https:\/\/gft.eu\/wp-content\/uploads\/2020\/03\/FLT-Trolley-hinten.png\" srcset=\"https:\/\/gft.eu\/wp-content\/uploads\/2020\/03\/FLT-Trolley-hinten.png 295w, https:\/\/gft.eu\/wp-content\/uploads\/2020\/03\/FLT-Trolley-hinten-262x300.png 262w\" sizes=\"(max-width: 431px) 100vw, 431px\" \/><\/a><\/p>\n<\/div><\/div><\/div><div id=\"pgc-73-1-2\"  class=\"panel-grid-cell\" ><div id=\"panel-73-1-2-0\" class=\"so-panel widget widget_black-studio-tinymce widget_black_studio_tinymce panel-first-child panel-last-child\" data-index=\"4\" ><div class=\"textwidget\"><p><a href=\"https:\/\/gft.eu\/wp-content\/uploads\/2020\/03\/FLT-200-Fernbedienung.png\"><img loading=\"lazy\" decoding=\"async\" class=\"alignnone size-medium wp-image-3236\" src=\"https:\/\/gft.eu\/wp-content\/uploads\/2020\/03\/FLT-200-Fernbedienung-274x300.png\" alt=\"\" width=\"274\" height=\"300\" srcset=\"https:\/\/gft.eu\/wp-content\/uploads\/2020\/03\/FLT-200-Fernbedienung-274x300.png 274w, https:\/\/gft.eu\/wp-content\/uploads\/2020\/03\/FLT-200-Fernbedienung.png 362w\" sizes=\"(max-width: 274px) 100vw, 274px\" \/><\/a><\/p>\n<\/div><\/div><\/div><\/div><\/div>","protected":false},"excerpt":{"rendered":"<p>Der kompakteste multifunktionale FireTrainer auf dem Markt.<\/p>\n","protected":false},"author":1,"featured_media":2266,"parent":2261,"menu_order":0,"comment_status":"closed","ping_status":"closed","template":"","meta":{"ngg_post_thumbnail":0,"footnotes":""},"_links":{"self":[{"href":"https:\/\/gft.eu\/de\/wp-json\/wp\/v2\/pages\/73"}],"collection":[{"href":"https:\/\/gft.eu\/de\/wp-json\/wp\/v2\/pages"}],"about":[{"href":"https:\/\/gft.eu\/de\/wp-json\/wp\/v2\/types\/page"}],"author":[{"embeddable":true,"href":"https:\/\/gft.eu\/de\/wp-json\/wp\/v2\/users\/1"}],"replies":[{"embeddable":true,"href":"https:\/\/gft.eu\/de\/wp-json\/wp\/v2\/comments?post=73"}],"version-history":[{"count":27,"href":"https:\/\/gft.eu\/de\/wp-json\/wp\/v2\/pages\/73\/revisions"}],"predecessor-version":[{"id":4080,"href":"https:\/\/gft.eu\/de\/wp-json\/wp\/v2\/pages\/73\/revisions\/4080"}],"up":[{"embeddable":true,"href":"https:\/\/gft.eu\/de\/wp-json\/wp\/v2\/pages\/2261"}],"wp:featuredmedia":[{"embeddable":true,"href":"https:\/\/gft.eu\/de\/wp-json\/wp\/v2\/media\/2266"}],"wp:attachment":[{"href":"https:\/\/gft.eu\/de\/wp-json\/wp\/v2\/media?parent=73"}],"curies":[{"name":"wp","href":"https:\/\/api.w.org\/{rel}","templated":true}]}}